{"id":3944,"date":"2020-03-10T15:58:11","date_gmt":"2020-03-10T15:58:11","guid":{"rendered":"http:\/\/solgi.webtosell.es\/empresa\/"},"modified":"2021-01-18T11:43:44","modified_gmt":"2021-01-18T11:43:44","slug":"empresa","status":"publish","type":"page","link":"https:\/\/solgi.com\/fr\/empresa\/","title":{"rendered":"Empresa"},"content":{"rendered":"<p>[vc_row][vc_column][vc_tta_tabs style=\u00a0\u00bbmodern\u00a0\u00bb shape=\u00a0\u00bbsquare\u00a0\u00bb color=\u00a0\u00bbwhite\u00a0\u00bb active_section=\u00a0\u00bb1&Prime;][vc_tta_section title=\u00a0\u00bb L&rsquo;histoire\u00a0\u00bb tab_id=\u00a0\u00bb1584523181984-6b18b76a-44fc\u00a0\u00bb][vc_single_image image=\u00a0\u00bb2389&Prime; img_size=\u00a0\u00bbfull\u00a0\u00bb][vc_text_separator title=\u00a0\u00bbSoler Gimeno S.L\u00a0\u00bb color=\u00a0\u00bborange\u00a0\u00bb style=\u00a0\u00bbshadow\u00a0\u00bb]<div style=\"background-color:;height: 30px\" class=\"nicdark_section  \"><\/div>[vc_raw_html]JTVCdGltZWxpbmUtZXhwcmVzcyU1RA==[\/vc_raw_html][\/vc_tta_section][vc_tta_section tab_id=\u00a0\u00bb1584520963446-704f8bda-b749&Prime; title=\u00a0\u00bbQualit\u00e9\u00a0\u00bb][vc_single_image image=\u00a0\u00bb2394&Prime; img_size=\u00a0\u00bbfull\u00a0\u00bb][vc_text_separator title=\u00a0\u00bbComme c&rsquo;est bon\u00a0\u00bb color=\u00a0\u00bborange\u00a0\u00bb style=\u00a0\u00bbshadow\u00a0\u00bb] <h2 style=\"color:;padding:px;text-align:;font-size:px;line-height:px;letter-spacing: px;font-weight:\" class=\"    \">La qualit\u00e9 est la premi\u00e8re<\/h2> <div style=\"background-color:;height: 30px\" class=\"nicdark_section  \"><\/div>[vc_column_text]Chacune de nos nuances \u00e9labor\u00e9es est fabriqu\u00e9e avec des mat\u00e9riaux soigneusement s\u00e9lectionn\u00e9s pour obtenir un produit \u00abid\u00e9al\u00bb qui garantit une texture, une couleur, une saveur et un ar\u00f4me inoubliables. Depuis que la s\u00e9lection de la mati\u00e8re premi\u00e8re est termin\u00e9e, un contr\u00f4le de qualit\u00e9 strict est suivi, ce qui nous permet de vous offrir un produit excellent et exquis d&rsquo;une qualit\u00e9 extraordinaire et selon les r\u00e8gles \u00e9tablies par les autorit\u00e9s sanitaires et les organismes comp\u00e9tents. Notre d\u00e9partement R + D adh\u00e8re aux tendances du march\u00e9 afin de proposer de nouveaux produits permettant \u00e0 nos clients de proposer des propositions innovantes et savoureuses.[\/vc_column_text][\/vc_tta_section][vc_tta_section tab_id=\u00a0\u00bb1584525244909-9b991023-f151&Prime; title=\u00a0\u00bbI+D+I\u00a0\u00bb][vc_single_image image=\u00a0\u00bb2398&Prime; img_size=\u00a0\u00bbfull\u00a0\u00bb][vc_text_separator title=\u00a0\u00bbDu professionnel au professionnel\u00a0\u00bb color=\u00a0\u00bborange\u00a0\u00bb style=\u00a0\u00bbshadow\u00a0\u00bb] <h2 style=\"color:;padding:px;text-align:;font-size:px;line-height:px;letter-spacing: px;font-weight:\" class=\"    \">I+D+I L'ingr\u00e9dient du succ\u00e8s<\/h2> <div style=\"background-color:;height: 30px\" class=\"nicdark_section  \"><\/div>[vc_column_text]Solgi a mis\u00e9 sur la qualit\u00e9 pour se positionner et tracer une voie de premier plan et de r\u00e9f\u00e9rence, g\u00e9n\u00e9rant une valeur diff\u00e9rentielle garantissant la p\u00e9rennit\u00e9 de ses produits et pouvant \u00e9tendre son march\u00e9 \u00e0 des clients potentiels, dont l&rsquo;objectif est d&rsquo;offrir un produit de qualit\u00e9 et s\u00fbr. Pour cette raison, Solgi fabrique des produits traditionnels, avec l&rsquo;octroi d&rsquo;une <strong>qualification artisanale<\/strong> et a construit une structure innovante, qui a la qualit\u00e9 de ses produits comme sa marque de fabrique.<\/p>\n<p>Actuellement, l&rsquo;entreprise a mis en place un syst\u00e8me de gestion <strong>ISO 22000<\/strong>, avec lequel tous les dangers potentiels et pertinents pour la s\u00e9curit\u00e9 sont identifi\u00e9s et contr\u00f4l\u00e9s \u00e0 chaque \u00e9tape de la cha\u00eene alimentaire, les r\u00e9duisant au minimum pour faciliter l&rsquo;obtention de produits s\u00fbrs. pour parvenir \u00e0 une am\u00e9lioration de la communication entre les parties prenantes.<\/p>\n<p>Nos installations disposent d&rsquo;un laboratoire de <strong>contr\u00f4le qualit\u00e9 des mati\u00e8res premi\u00e8res et des produits manufactur\u00e9s<\/strong>, afin de garantir la vente de produits conformes aux exigences organoleptiques, phisocochimiques et microbiologiques \u00e9tablies par l&rsquo;entreprise. La recherche et le d\u00e9veloppement sont indispensables. <strong>L&rsquo;innovation<\/strong>, un d\u00e9fi. Et seules la pers\u00e9v\u00e9rance et la cr\u00e9ativit\u00e9 distinguent les dirigeants.[\/vc_column_text]<div style=\"background-color:;height: 30px\" class=\"nicdark_section  \"><\/div> <h2 style=\"color:;padding:px;text-align:;font-size:px;line-height:px;letter-spacing: px;font-weight:\" class=\"    \">Certificaciones<\/h2> <div style=\"background-color:;height: 30px\" class=\"nicdark_section  \"><\/div>[vc_single_image image=\u00a0\u00bb2415&Prime; img_size=\u00a0\u00bbfull\u00a0\u00bb][\/vc_tta_section][\/vc_tta_tabs][\/vc_column][\/vc_row]<\/p>\n","protected":false},"excerpt":{"rendered":"<p>[vc_row][vc_column][vc_tta_tabs style=\u00a0\u00bbmodern\u00a0\u00bb shape=\u00a0\u00bbsquare\u00a0\u00bb color=\u00a0\u00bbwhite\u00a0\u00bb active_section=\u00a0\u00bb1&Prime;][vc_tta_section title=\u00a0\u00bb L&rsquo;histoire\u00a0\u00bb tab_id=\u00a0\u00bb1584523181984-6b18b76a-44fc\u00a0\u00bb][vc_single_image image=\u00a0\u00bb2389&Prime; img_size=\u00a0\u00bbfull\u00a0\u00bb][vc_text_separator title=\u00a0\u00bbSoler Gimeno S.L\u00a0\u00bb color=\u00a0\u00bborange\u00a0\u00bb style=\u00a0\u00bbshadow\u00a0\u00bb][vc_raw_html]JTVCdGltZWxpbmUtZXhwcmVzcyU1RA==[\/vc_raw_html][\/vc_tta_section][vc_tta_section tab_id=\u00a0\u00bb1584520963446-704f8bda-b749&Prime; title=\u00a0\u00bbQualit\u00e9\u00a0\u00bb][vc_single_image image=\u00a0\u00bb2394&Prime; img_size=\u00a0\u00bbfull\u00a0\u00bb][vc_text_separator title=\u00a0\u00bbComme c&rsquo;est bon\u00a0\u00bb color=\u00a0\u00bborange\u00a0\u00bb style=\u00a0\u00bbshadow\u00a0\u00bb][vc_column_text]Chacune de nos nuances \u00e9labor\u00e9es est fabriqu\u00e9e avec des mat\u00e9riaux soigneusement s\u00e9lectionn\u00e9s pour obtenir un produit \u00abid\u00e9al\u00bb qui garantit une texture, une couleur, une saveur et un ar\u00f4me inoubliables. Depuis que la [&hellip;]<\/p>\n","protected":false},"author":1,"featured_media":0,"parent":0,"menu_order":0,"comment_status":"closed","ping_status":"closed","template":"","meta":[],"_links":{"self":[{"href":"https:\/\/solgi.com\/fr\/wp-json\/wp\/v2\/pages\/3944"}],"collection":[{"href":"https:\/\/solgi.com\/fr\/wp-json\/wp\/v2\/pages"}],"about":[{"href":"https:\/\/solgi.com\/fr\/wp-json\/wp\/v2\/types\/page"}],"author":[{"embeddable":true,"href":"https:\/\/solgi.com\/fr\/wp-json\/wp\/v2\/users\/1"}],"replies":[{"embeddable":true,"href":"https:\/\/solgi.com\/fr\/wp-json\/wp\/v2\/comments?post=3944"}],"version-history":[{"count":2,"href":"https:\/\/solgi.com\/fr\/wp-json\/wp\/v2\/pages\/3944\/revisions"}],"predecessor-version":[{"id":3946,"href":"https:\/\/solgi.com\/fr\/wp-json\/wp\/v2\/pages\/3944\/revisions\/3946"}],"wp:attachment":[{"href":"https:\/\/solgi.com\/fr\/wp-json\/wp\/v2\/media?parent=3944"}],"curies":[{"name":"wp","href":"https:\/\/api.w.org\/{rel}","templated":true}]}}