{"id":4030,"date":"2019-04-10T09:24:30","date_gmt":"2019-04-10T09:24:30","guid":{"rendered":"http:\/\/solgi.webtosell.es\/contacto\/"},"modified":"2021-01-21T15:41:06","modified_gmt":"2021-01-21T15:41:06","slug":"contactez-nous","status":"publish","type":"page","link":"https:\/\/solgi.com\/fr\/contactez-nous\/","title":{"rendered":"Contactez-nous"},"content":{"rendered":"<p>[vc_row css=\u00a0\u00bb.vc_custom_1554993593162{margin-top: 45px !important;}\u00a0\u00bb][vc_column width=\u00a0\u00bb1\/2&Prime; css=\u00a0\u00bb.vc_custom_1467214267244{padding-top: 10px !important;padding-bottom: 10px !important;}\u00a0\u00bb]<div style=\"background-color:;height: 5px\" class=\"nicdark_section  \"><\/div> <h2 style=\"color:;padding:px;text-align:;font-size:20px;line-height:px;letter-spacing: px;font-weight:normal\" class=\"   nd_options_first_font \">Contactez-nous<\/h2> <div style=\"background-color:;height: 20px\" class=\"nicdark_section  \"><\/div>[vc_column_text]<span class=\"m_1093794784660970382jlqj4b\">Utilisez le formulaire pour nous contacter.<\/span><\/p>\n<p><span class=\"m_1093794784660970382jlqj4b\">Demandez les informations dont vous avez besoin sur nos produits ou demandez un devis.<\/span><\/p>\n<p><span class=\"m_1093794784660970382jlqj4b\">Notre \u00e9quipe vous contactera dans les plus brefs d\u00e9lais pour clarifier vos doutes<\/span>[\/vc_column_text]<div style=\"background-color:;height: 20px\" class=\"nicdark_section  \"><\/div>\n\n    <!--start form-->\n    <div id=\"nd_options_shortcode_cf7_3971\" class=\"nd_options_section \">\n      \n      <div class=\"nd_options_section nd_options_box_sizing_border_box\">\n        <div class=\"wpcf7\" id=\"wpcf7-f3971-o1\" lang=\"es-ES\" dir=\"ltr\">\n<div class=\"screen-reader-response\"><p role=\"status\" aria-live=\"polite\" aria-atomic=\"true\"><\/p> <ul><\/ul><\/div>\n<form action=\"\/fr\/wp-json\/wp\/v2\/pages\/4030#wpcf7-f3971-o1\" method=\"post\" class=\"wpcf7-form init\" novalidate=\"novalidate\" data-status=\"init\">\n<div>\n<input type=\"hidden\" name=\"_wpcf7\" value=\"3971\" \/>\n<input type=\"hidden\" name=\"_wpcf7_version\" value=\"5.4.2\" \/>\n<input type=\"hidden\" name=\"_wpcf7_locale\" value=\"es_ES\" \/>\n<input type=\"hidden\" name=\"_wpcf7_unit_tag\" value=\"wpcf7-f3971-o1\" \/>\n<input type=\"hidden\" name=\"_wpcf7_container_post\" value=\"0\" \/>\n<input type=\"hidden\" name=\"_wpcf7_posted_data_hash\" value=\"\" \/>\n<input type=\"hidden\" name=\"_wpcf7_recaptcha_response\" value=\"\" \/>\n<\/div>\n<div class=\"nd_options_float_left nd_options_box_sizing_border_box nd_options_width_100_percentage_all_iphone_important nd_options_padding_0_right_important_all_iphone nd_options_padding_0_left_important_all_iphone \" style=\"padding: 0px 10px 15px 0px;width:100%\"><span class=\"wpcf7-form-control-wrap name-form\"><\/span><\/div><br \/>\n<div class=\"nd_options_float_left nd_options_box_sizing_border_box nd_options_width_100_percentage_all_iphone_important nd_options_padding_0_right_important_all_iphone nd_options_padding_0_left_important_all_iphone \" style=\"padding: 0px 10px 15px 0px;width:100%\"><span class=\"wpcf7-form-control-wrap name-company\"><\/span><\/div><br \/>\n<div class=\"nd_options_float_left nd_options_box_sizing_border_box nd_options_width_100_percentage_all_iphone_important nd_options_padding_0_right_important_all_iphone nd_options_padding_0_left_important_all_iphone \" style=\"padding: 0px 10px 15px 0px;width:100%\"><span class=\"wpcf7-form-control-wrap email\"><\/span><\/div><div class=\"nd_options_float_left nd_options_box_sizing_border_box nd_options_width_100_percentage_all_iphone_important nd_options_padding_0_right_important_all_iphone nd_options_padding_0_left_important_all_iphone \" style=\"padding: 0px 10px 15px 0px;width:100%\"><span class=\"wpcf7-form-control-wrap message\"><textarea name=\"message\" cols=\"40\" rows=\"5\" class=\"wpcf7-form-control wpcf7-textarea\"><\/textarea><\/span><\/div><div class=\"nd_options_float_left nd_options_box_sizing_border_box nd_options_width_100_percentage_all_iphone_important nd_options_padding_0_right_important_all_iphone nd_options_padding_0_left_important_all_iphone \" style=\"padding: 0px 0px 0px 0px;width:100%\"><\/div> <span class=\"wpcf7-form-control-wrap acceptance-752\"><span class=\"wpcf7-form-control wpcf7-acceptance\"><span class=\"wpcf7-list-item\"><input type=\"checkbox\" name=\"acceptance-752\" value=\"1\" aria-invalid=\"false\" \/><\/span><\/span><\/span> J'accepte que mes donn\u00e9es soient trait\u00e9es en toute s\u00e9curit\u00e9 par Solgi Confiteros S.L<\/p>\n<div class=\"wpcf7-response-output\" aria-hidden=\"true\"><\/div><\/form><\/div> \n      <\/div>  \n\n    <\/div>\n    <!--end form-->\n\n   [\/vc_column][vc_column width=\u00a0\u00bb1\/2&Prime; css=\u00a0\u00bb.vc_custom_1467214272039{padding-top: 10px !important;padding-bottom: 10px !important;}\u00a0\u00bb][vc_gmaps link=\u00a0\u00bb#E-8_JTNDaWZyYW1lJTIwc3JjJTNEJTIyaHR0cHMlM0ElMkYlMkZ3d3cuZ29vZ2xlLmNvbSUyRm1hcHMlMkZlbWJlZCUzRnBiJTNEJTIxMW0xOCUyMTFtMTIlMjExbTMlMjExZDMxMDguMDczMzQwMjQwMjA2NiUyMTJkLTAuNTAxMzc2NTg0MjU0ODkxJTIxM2QzOC44MzA3ODExNzk1ODA4OCUyMTJtMyUyMTFmMCUyMTJmMCUyMTNmMCUyMTNtMiUyMTFpMTAyNCUyMTJpNzY4JTIxNGYxMy4xJTIxM20zJTIxMW0yJTIxMXMweGQ2MTliM2E5MWQxNTJhMyUyNTNBMHg1MGEzYzdjN2IwNWU2ZDM5JTIxMnNTT0xHSSUyNTIwUy5MLiUyMTVlMCUyMTNtMiUyMTFzZXMlMjEyc2VzJTIxNHYxNjA1MDIwODA2MDM5JTIxNW0yJTIxMXNlcyUyMTJzZXMlMjIlMjB3aWR0aCUzRCUyMjYwMCUyMiUyMGhlaWdodCUzRCUyMjQ1MCUyMiUyMGZyYW1lYm9yZGVyJTNEJTIyMCUyMiUyMHN0eWxlJTNEJTIyYm9yZGVyJTNBMCUzQiUyMiUyMGFsbG93ZnVsbHNjcmVlbiUzRCUyMiUyMiUyMGFyaWEtaGlkZGVuJTNEJTIyZmFsc2UlMjIlMjB0YWJpbmRleCUzRCUyMjAlMjIlM0UlM0MlMkZpZnJhbWUlM0U=\u00a0\u00bb]\n\n    <div class=\"nd_options_section  \">\n\n      <div class=\"nd_options_section nd_options_box_sizing_border_box\">\n        <p class=\"nd_options_toogle_title nd_options_first_font nd_options_font_size_17 nd_options_position_relative nd_options_padding_right_20 nd_options_padding_top_5 nd_options_padding_left_45 nd_options_padding_bottom_5\">\n          <span style=\"background-color:#f1b900\" class=\"nd_options_cursor_pointer nd_options_text_align_center nd_options_toogle_title_open_509 nd_options_width_25 nd_options_height_25  nd_options_position_absolute nd_options_top_0 nd_options_left_0\">\n            <img alt=\"\" class=\"nd_options_margin_top_6\" width=\"12\" src=\"https:\/\/solgi.com\/wp-content\/plugins\/nd-shortcodes\/shortcodes\/custom\/toogle\/icon-add-white.png\">\n          <\/span> \n          <span style=\"background-color:#f1b900\" class=\"nd_options_cursor_pointer nd_options_text_align_center nd_options_toogle_title_close_509 nd_options_width_25 nd_options_display_none nd_options_height_25  nd_options_position_absolute nd_options_top_0 nd_options_left_0\">\n            <img alt=\"\" class=\"nd_options_margin_top_6\" width=\"12\" src=\"https:\/\/solgi.com\/wp-content\/plugins\/nd-shortcodes\/shortcodes\/custom\/toogle\/icon-less-white.png\">\n          <\/span>\n          Horaire du service client\n        <\/p>\n      <\/div>\n      \n      <div class=\"nd_options_display_none nd_options_padding_20 nd_options_padding_left_45 nd_options_toogle_content_509 nd_options_section nd_options_box_sizing_border_box\">\n        <p>Du Lundi au Vendredi de 8:30h \u00e0 16:30h<\/p>\n      <\/div>\n\n    <\/div>\n\n   \n\n    <div class=\"nd_options_section  \">\n\n      <div class=\"nd_options_section nd_options_box_sizing_border_box\">\n        <p class=\"nd_options_toogle_title nd_options_first_font nd_options_font_size_17 nd_options_position_relative nd_options_padding_right_20 nd_options_padding_top_5 nd_options_padding_left_45 nd_options_padding_bottom_5\">\n          <span style=\"background-color:#f1b900\" class=\"nd_options_cursor_pointer nd_options_text_align_center nd_options_toogle_title_open_187 nd_options_width_25 nd_options_height_25  nd_options_position_absolute nd_options_top_0 nd_options_left_0\">\n            <img alt=\"\" class=\"nd_options_margin_top_6\" width=\"12\" src=\"https:\/\/solgi.com\/wp-content\/plugins\/nd-shortcodes\/shortcodes\/custom\/toogle\/icon-add-white.png\">\n          <\/span> \n          <span style=\"background-color:#f1b900\" class=\"nd_options_cursor_pointer nd_options_text_align_center nd_options_toogle_title_close_187 nd_options_width_25 nd_options_display_none nd_options_height_25  nd_options_position_absolute nd_options_top_0 nd_options_left_0\">\n            <img alt=\"\" class=\"nd_options_margin_top_6\" width=\"12\" src=\"https:\/\/solgi.com\/wp-content\/plugins\/nd-shortcodes\/shortcodes\/custom\/toogle\/icon-less-white.png\">\n          <\/span>\n          Adresse \n        <\/p>\n      <\/div>\n      \n      <div class=\"nd_options_display_none nd_options_padding_20 nd_options_padding_left_45 nd_options_toogle_content_187 nd_options_section nd_options_box_sizing_border_box\">\n        <p>Avda. Albaida, 17-19, 46869 Atzeneta d\u2019Albaida \u2013 Valencia<\/p>\n      <\/div>\n\n    <\/div>\n\n   \n\n    <div class=\"nd_options_section  \">\n\n      <div class=\"nd_options_section nd_options_box_sizing_border_box\">\n        <p class=\"nd_options_toogle_title nd_options_first_font nd_options_font_size_17 nd_options_position_relative nd_options_padding_right_20 nd_options_padding_top_5 nd_options_padding_left_45 nd_options_padding_bottom_5\">\n          <span style=\"background-color:#f1b900\" class=\"nd_options_cursor_pointer nd_options_text_align_center nd_options_toogle_title_open_835 nd_options_width_25 nd_options_height_25  nd_options_position_absolute nd_options_top_0 nd_options_left_0\">\n            <img alt=\"\" class=\"nd_options_margin_top_6\" width=\"12\" src=\"https:\/\/solgi.com\/wp-content\/plugins\/nd-shortcodes\/shortcodes\/custom\/toogle\/icon-add-white.png\">\n          <\/span> \n          <span style=\"background-color:#f1b900\" class=\"nd_options_cursor_pointer nd_options_text_align_center nd_options_toogle_title_close_835 nd_options_width_25 nd_options_display_none nd_options_height_25  nd_options_position_absolute nd_options_top_0 nd_options_left_0\">\n            <img alt=\"\" class=\"nd_options_margin_top_6\" width=\"12\" src=\"https:\/\/solgi.com\/wp-content\/plugins\/nd-shortcodes\/shortcodes\/custom\/toogle\/icon-less-white.png\">\n          <\/span>\n          T\u00e9l\u00e9phone\n        <\/p>\n      <\/div>\n      \n      <div class=\"nd_options_display_none nd_options_padding_20 nd_options_padding_left_45 nd_options_toogle_content_835 nd_options_section nd_options_box_sizing_border_box\">\n        <p>+34 96 235 65 71<\/p>\n      <\/div>\n\n    <\/div>\n\n   \n\n    <div class=\"nd_options_section  \">\n\n      <div class=\"nd_options_section nd_options_box_sizing_border_box\">\n        <p class=\"nd_options_toogle_title nd_options_first_font nd_options_font_size_17 nd_options_position_relative nd_options_padding_right_20 nd_options_padding_top_5 nd_options_padding_left_45 nd_options_padding_bottom_5\">\n          <span style=\"background-color:#f1b900\" class=\"nd_options_cursor_pointer nd_options_text_align_center nd_options_toogle_title_open_571 nd_options_width_25 nd_options_height_25  nd_options_position_absolute nd_options_top_0 nd_options_left_0\">\n            <img alt=\"\" class=\"nd_options_margin_top_6\" width=\"12\" src=\"https:\/\/solgi.com\/wp-content\/plugins\/nd-shortcodes\/shortcodes\/custom\/toogle\/icon-add-white.png\">\n          <\/span> \n          <span style=\"background-color:#f1b900\" class=\"nd_options_cursor_pointer nd_options_text_align_center nd_options_toogle_title_close_571 nd_options_width_25 nd_options_display_none nd_options_height_25  nd_options_position_absolute nd_options_top_0 nd_options_left_0\">\n            <img alt=\"\" class=\"nd_options_margin_top_6\" width=\"12\" src=\"https:\/\/solgi.com\/wp-content\/plugins\/nd-shortcodes\/shortcodes\/custom\/toogle\/icon-less-white.png\">\n          <\/span>\n          Email\n        <\/p>\n      <\/div>\n      \n      <div class=\"nd_options_display_none nd_options_padding_20 nd_options_padding_left_45 nd_options_toogle_content_571 nd_options_section nd_options_box_sizing_border_box\">\n        <p>ventas@solgi.com<\/p>\n      <\/div>\n\n    <\/div>\n\n   [\/vc_column][\/vc_row]<\/p>\n","protected":false},"excerpt":{"rendered":"<p>[vc_row css=\u00a0\u00bb.vc_custom_1554993593162{margin-top: 45px !important;}\u00a0\u00bb][vc_column width=\u00a0\u00bb1\/2&Prime; css=\u00a0\u00bb.vc_custom_1467214267244{padding-top: 10px !important;padding-bottom: 10px !important;}\u00a0\u00bb][vc_column_text]Utilisez le formulaire pour nous contacter. Demandez les informations dont vous avez besoin sur nos produits ou demandez un devis. Notre \u00e9quipe vous contactera dans les plus brefs d\u00e9lais pour clarifier vos doutes[\/vc_column_text][\/vc_column][vc_column width=\u00a0\u00bb1\/2&Prime; css=\u00a0\u00bb.vc_custom_1467214272039{padding-top: 10px !important;padding-bottom: 10px !important;}\u00a0\u00bb][vc_gmaps link=\u00a0\u00bb#E-8_JTNDaWZyYW1lJTIwc3JjJTNEJTIyaHR0cHMlM0ElMkYlMkZ3d3cuZ29vZ2xlLmNvbSUyRm1hcHMlMkZlbWJlZCUzRnBiJTNEJTIxMW0xOCUyMTFtMTIlMjExbTMlMjExZDMxMDguMDczMzQwMjQwMjA2NiUyMTJkLTAuNTAxMzc2NTg0MjU0ODkxJTIxM2QzOC44MzA3ODExNzk1ODA4OCUyMTJtMyUyMTFmMCUyMTJmMCUyMTNmMCUyMTNtMiUyMTFpMTAyNCUyMTJpNzY4JTIxNGYxMy4xJTIxM20zJTIxMW0yJTIxMXMweGQ2MTliM2E5MWQxNTJhMyUyNTNBMHg1MGEzYzdjN2IwNWU2ZDM5JTIxMnNTT0xHSSUyNTIwUy5MLiUyMTVlMCUyMTNtMiUyMTFzZXMlMjEyc2VzJTIxNHYxNjA1MDIwODA2MDM5JTIxNW0yJTIxMXNlcyUyMTJzZXMlMjIlMjB3aWR0aCUzRCUyMjYwMCUyMiUyMGhlaWdodCUzRCUyMjQ1MCUyMiUyMGZyYW1lYm9yZGVyJTNEJTIyMCUyMiUyMHN0eWxlJTNEJTIyYm9yZGVyJTNBMCUzQiUyMiUyMGFsbG93ZnVsbHNjcmVlbiUzRCUyMiUyMiUyMGFyaWEtaGlkZGVuJTNEJTIyZmFsc2UlMjIlMjB0YWJpbmRleCUzRCUyMjAlMjIlM0UlM0MlMkZpZnJhbWUlM0U=\u00a0\u00bb][\/vc_column][\/vc_row]<\/p>\n","protected":false},"author":1,"featured_media":0,"parent":0,"menu_order":0,"comment_status":"closed","ping_status":"closed","template":"","meta":[],"_links":{"self":[{"href":"https:\/\/solgi.com\/fr\/wp-json\/wp\/v2\/pages\/4030"}],"collection":[{"href":"https:\/\/solgi.com\/fr\/wp-json\/wp\/v2\/pages"}],"about":[{"href":"https:\/\/solgi.com\/fr\/wp-json\/wp\/v2\/types\/page"}],"author":[{"embeddable":true,"href":"https:\/\/solgi.com\/fr\/wp-json\/wp\/v2\/users\/1"}],"replies":[{"embeddable":true,"href":"https:\/\/solgi.com\/fr\/wp-json\/wp\/v2\/comments?post=4030"}],"version-history":[{"count":1,"href":"https:\/\/solgi.com\/fr\/wp-json\/wp\/v2\/pages\/4030\/revisions"}],"predecessor-version":[{"id":4032,"href":"https:\/\/solgi.com\/fr\/wp-json\/wp\/v2\/pages\/4030\/revisions\/4032"}],"wp:attachment":[{"href":"https:\/\/solgi.com\/fr\/wp-json\/wp\/v2\/media?parent=4030"}],"curies":[{"name":"wp","href":"https:\/\/api.w.org\/{rel}","templated":true}]}}