{"id":1085,"date":"2020-02-24T15:29:43","date_gmt":"2020-02-24T15:29:43","guid":{"rendered":"http:\/\/solgi.webtosell.es\/?post_type=product&#038;p=1085"},"modified":"2021-01-04T11:39:46","modified_gmt":"2021-01-04T11:39:46","slug":"praline-aux-amandes","status":"publish","type":"product","link":"https:\/\/solgi.com\/fr\/produit\/praline-aux-amandes\/","title":{"rendered":"Pralin\u00e9 aux amandes"},"content":{"rendered":"<h3>Recommandations d\u00b4utilisation<\/h3>\n<p>Nous vous recommandons de garder el pralin\u00e9 aux amandesdans un endroit frais et sec. Une fois l&#8217;emballage est ouvert, remuer le produit avec une spatule pour l&rsquo;homog\u00e9n\u00e9iser.<\/p>\n<h3>Pr\u00e9sentation<\/h3>\n<p>Cube de 6,5 kg, Bo\u00eete de 6 unit\u00e9s ( r\u00e9cipients de 1,9 kg).<\/p>\n<h3>Information nutritionnelle<\/h3>\n<p>(Sur la base de 100 gr.) \n<table id=\"tablepress-90\" class=\"tablepress tablepress-id-90\">\n<tbody>\n<tr class=\"row-1 odd\">\n\t<td class=\"column-1\">Puissance<\/td><td class=\"column-2\">\t494 kcal<\/td>\n<\/tr>\n<tr class=\"row-2 even\">\n\t<td class=\"column-1\">Graisses<\/td><td class=\"column-2\">26 g<br \/>\n<\/td>\n<\/tr>\n<tr class=\"row-3 odd\">\n\t<td class=\"column-1\">Graisses Sat<\/td><td class=\"column-2\">1.62 g<\/td>\n<\/tr>\n<tr class=\"row-4 even\">\n\t<td class=\"column-1\">Prot\u00e9ine<\/td><td class=\"column-2\">\t10.5 g<\/td>\n<\/tr>\n<tr class=\"row-5 odd\">\n\t<td class=\"column-1\">Sucres<\/td><td class=\"column-2\">62.36 g<\/td>\n<\/tr>\n<tr class=\"row-6 even\">\n\t<td class=\"column-1\">Sel<\/td><td class=\"column-2\">0.014 g<br \/>\n<\/td>\n<\/tr>\n<\/tbody>\n<\/table>\n<!-- #tablepress-90 from cache --> \u00a0 \u00a0<\/p>\n","protected":false},"excerpt":{"rendered":"<h3>Utilisation<\/h3>\n<p>Notre Pralin\u00e9 aux amandes Solgi est \u00e9labor\u00e9e avec des amandes nationales , grill\u00e9s , moulues et raffin\u00e9es intens\u00e9ment. El Pralin\u00e9 aux amandes est un produit appropri\u00e9 a tous les m\u00e9langes r\u00e9alis\u00e9s avec du chocolat. Peut \u00eatre utilis\u00e9 comme garniture de bombons, g\u00e2teaux et galettes, et \u00e9galement pour l&rsquo;\u00e9laboration de p\u00e2tes avec des touches de amandes, des glaces, et des g\u00e2teaux semi-froid. Gr\u00e2ce a son go\u00fbt caract\u00e9ristique intens\u00e9ment grill\u00e9, ce produit transmet un go\u00fbt extr\u00eame. Sa texture lui permet de se m\u00e9langer parfaitement et facilement et sa texture fine fait de lui un produit parfait pour les enrobages et les couvertures les plus fines.<\/p>\n<h3><strong>Avantages<\/strong><\/h3>\n<p>Ce produit est \u00e9labor\u00e9 sous les exigences sanitaires les plus strictes et avec les m\u00eames mati\u00e8res premi\u00e8res utilis\u00e9es dans les ateliers traditionnels. Il est tout pr\u00eat \u00e0 l\u2019emploi ce qui vous \u00e9vite toutes les contraintes du processus d&rsquo;\u00e9laboration. Soyez sur et certain que le produit avec lequel vous travaillez r\u00e9pond a toutes les exigences d\u2019hygi\u00e8ne et de qualit\u00e9 Garder dans un endroit frais et sec. \u00a0<\/p>\n","protected":false},"featured_media":3704,"template":"","meta":[],"product_cat":[61],"product_tag":[],"_links":{"self":[{"href":"https:\/\/solgi.com\/fr\/wp-json\/wp\/v2\/product\/1085"}],"collection":[{"href":"https:\/\/solgi.com\/fr\/wp-json\/wp\/v2\/product"}],"about":[{"href":"https:\/\/solgi.com\/fr\/wp-json\/wp\/v2\/types\/product"}],"wp:featuredmedia":[{"embeddable":true,"href":"https:\/\/solgi.com\/fr\/wp-json\/wp\/v2\/media\/3704"}],"wp:attachment":[{"href":"https:\/\/solgi.com\/fr\/wp-json\/wp\/v2\/media?parent=1085"}],"wp:term":[{"taxonomy":"product_cat","embeddable":true,"href":"https:\/\/solgi.com\/fr\/wp-json\/wp\/v2\/product_cat?post=1085"},{"taxonomy":"product_tag","embeddable":true,"href":"https:\/\/solgi.com\/fr\/wp-json\/wp\/v2\/product_tag?post=1085"}],"curies":[{"name":"wp","href":"https:\/\/api.w.org\/{rel}","templated":true}]}}