{"id":1169,"date":"2020-02-25T08:07:09","date_gmt":"2020-02-25T08:07:09","guid":{"rendered":"http:\/\/solgi.webtosell.es\/?post_type=product&#038;p=1169"},"modified":"2021-01-04T11:42:34","modified_gmt":"2021-01-04T11:42:34","slug":"massepain-supreme","status":"publish","type":"product","link":"https:\/\/solgi.com\/fr\/produit\/massepain-supreme\/","title":{"rendered":"Massepain Supr\u00eame"},"content":{"rendered":"<h3>Recommandations d\u00b4utilisation<\/h3>\n<p>Les caract\u00e9ristiques du massepain, permettent de l\u2019utiliser pour les garnitures, enrober des g\u00e2teaux ou pour modeler des figurines. Admet la cuisson.<\/p>\n<h3>Pr\u00e9sentation<\/h3>\n<p>Cube\u00a0de 6,2 kg.<\/p>\n<h3>Information nutritionnelle<\/h3>\n<p>(Sur la base de 100 gr.) \n<table id=\"tablepress-102\" class=\"tablepress tablepress-id-102\">\n<tbody>\n<tr class=\"row-1 odd\">\n\t<td class=\"column-1\">Puissance<\/td><td class=\"column-2\">\t421 kcal<\/td>\n<\/tr>\n<tr class=\"row-2 even\">\n\t<td class=\"column-1\">Graisses<\/td><td class=\"column-2\">24.4 g<\/td>\n<\/tr>\n<tr class=\"row-3 odd\">\n\t<td class=\"column-1\">Graisses Sat<\/td><td class=\"column-2\">\t2.2 g<\/td>\n<\/tr>\n<tr class=\"row-4 even\">\n\t<td class=\"column-1\">Prot\u00e9ine<\/td><td class=\"column-2\">\t14 g<\/td>\n<\/tr>\n<tr class=\"row-5 odd\">\n\t<td class=\"column-1\">Sucres<\/td><td class=\"column-2\">35.2 g<\/td>\n<\/tr>\n<tr class=\"row-6 even\">\n\t<td class=\"column-1\">Sel<\/td><td class=\"column-2\">0.03 g<\/td>\n<\/tr>\n<\/tbody>\n<\/table>\n<!-- #tablepress-102 from cache --> \u00a0 \u00a0<\/p>\n","protected":false},"excerpt":{"rendered":"<h3>Utilisation<\/h3>\n<p>Notre excellent massepain a \u00e9t\u00e9 \u00e9labor\u00e9 a partir d\u2019une s\u00e9lection d\u2019amandes soigeneusement choisis (type macrona) et de sucre. Dans le processus de l\u2019\u00e9laboration et de l\u2019emballage, nous contr\u00f4lons tous les d\u00e9tails pour vous garantir un massepain de qualit\u00e9 sup\u00e9rieure et qui bien \u00e9videment r\u00e9pond aux conditions de qualit\u00e9 et d\u2019hygi\u00e8ne les plus strictes.<\/p>\n<h3><strong>Avantages<\/strong><\/h3>\n<p>Notre massepain pr\u00eat a l\u2019emploi et avec toutes les manipulations post\u00e9rieures vous \u00e9vite toutes les contraintes et inconv\u00e9nients inh\u00e9rents au processus typique de l&rsquo;\u00e9laboration du massepain. Ce produit n\u2019est pas destin\u00e9 \u00e0 des conditions d\u2019utilisation sp\u00e9cifiques, tout d\u00e9pend des besoins d\u2019utilisation de chaque consommateur. D\u00e8s que la quantit\u00e9 \u00e0 utiliser est retir\u00e9e de l\u2019emballage, il est important de prendre la pr\u00e9caution de bien fermer l\u2019emballage et de le mettre au r\u00e9frig\u00e9rateur. \u00a0<\/p>\n","protected":false},"featured_media":1173,"template":"","meta":[],"product_cat":[70],"product_tag":[],"_links":{"self":[{"href":"https:\/\/solgi.com\/fr\/wp-json\/wp\/v2\/product\/1169"}],"collection":[{"href":"https:\/\/solgi.com\/fr\/wp-json\/wp\/v2\/product"}],"about":[{"href":"https:\/\/solgi.com\/fr\/wp-json\/wp\/v2\/types\/product"}],"wp:featuredmedia":[{"embeddable":true,"href":"https:\/\/solgi.com\/fr\/wp-json\/wp\/v2\/media\/1173"}],"wp:attachment":[{"href":"https:\/\/solgi.com\/fr\/wp-json\/wp\/v2\/media?parent=1169"}],"wp:term":[{"taxonomy":"product_cat","embeddable":true,"href":"https:\/\/solgi.com\/fr\/wp-json\/wp\/v2\/product_cat?post=1169"},{"taxonomy":"product_tag","embeddable":true,"href":"https:\/\/solgi.com\/fr\/wp-json\/wp\/v2\/product_tag?post=1169"}],"curies":[{"name":"wp","href":"https:\/\/api.w.org\/{rel}","templated":true}]}}