{"id":1249,"date":"2020-02-25T09:11:35","date_gmt":"2020-02-25T09:11:35","guid":{"rendered":"http:\/\/solgi.webtosell.es\/?post_type=product&#038;p=1249"},"modified":"2021-01-04T10:44:20","modified_gmt":"2021-01-04T10:44:20","slug":"massepain-poche-a-douille","status":"publish","type":"product","link":"https:\/\/solgi.com\/fr\/produit\/massepain-poche-a-douille\/","title":{"rendered":"Massepain Poche \u00e0 Douille"},"content":{"rendered":"<h3>Recommandations d\u00b4utilisation<\/h3>\n<p>Les caract\u00e9ristiques physico-chimique de ce massepain impose qu&rsquo;il soit enfourn\u00e9. Ce produit s&rsquo;applique moyennant une poche a douille pour r\u00e9aliser tout types de d\u00e9corations sur les g\u00e2teaux.<\/p>\n<h3>Pr\u00e9sentation<\/h3>\n<p>Cube\u00a0de 6,2 kg.<\/p>\n<h3>Information nutritionnelle<\/h3>\n<p>(Sur la base de 100 gr.) \n<table id=\"tablepress-114\" class=\"tablepress tablepress-id-114\">\n<tbody>\n<tr class=\"row-1 odd\">\n\t<td class=\"column-1\">Puissance<\/td><td class=\"column-2\">416 kcal<\/td>\n<\/tr>\n<tr class=\"row-2 even\">\n\t<td class=\"column-1\">Graisses<\/td><td class=\"column-2\">19 g<\/td>\n<\/tr>\n<tr class=\"row-3 odd\">\n\t<td class=\"column-1\">Graisses Sat<\/td><td class=\"column-2\">1.53 g<\/td>\n<\/tr>\n<tr class=\"row-4 even\">\n\t<td class=\"column-1\">Prot\u00e9ine<\/td><td class=\"column-2\">11 g<\/td>\n<\/tr>\n<tr class=\"row-5 odd\">\n\t<td class=\"column-1\">Sucres<\/td><td class=\"column-2\">43.98 g<\/td>\n<\/tr>\n<tr class=\"row-6 even\">\n\t<td class=\"column-1\">Sel<\/td><td class=\"column-2\">0.014 g<\/td>\n<\/tr>\n<\/tbody>\n<\/table>\n<!-- #tablepress-114 from cache --> \u00a0 \u00a0<\/p>\n","protected":false},"excerpt":{"rendered":"<h3>Utilisation<\/h3>\n<p>Notre excellent massepain a \u00e9t\u00e9 \u00e9labor\u00e9 a partir d\u2019une scrupuleuse s\u00e9lection d\u2019amandes (type macrona) et de sucre. Dans le processus de l\u2019\u00e9laboration et de conservation, nous contr\u00f4lons tous les d\u00e9tails pour vous garantir un massepain de qualit\u00e9 sup\u00e9rieur, et qui bien \u00e9videment r\u00e9pond aux meilleures conditions de qualit\u00e9 et d\u2019hygi\u00e8ne.<\/p>\n<h3>Avantages<\/h3>\n<p>Notre massepain pr\u00eat a l\u2019emploi et a toutes les manipulations post\u00e9rieurs, vous \u00e9vite toutes les contraintes et inconv\u00e9nients inh\u00e9rents au processus typique de l&rsquo;\u00e9laboration du massepain. Ce produit n\u2019est pas destin\u00e9 \u00e0 des conditions d\u2019utilisation sp\u00e9cifique, tout d\u00e9pend des n\u00e9cessit\u00e9s d\u2019utilisation de chaque consommateur. Une fois la quantit\u00e9 a utiliser est retir\u00e9 de l\u2019emballage, il est important de prendre la pr\u00e9caution de bien fermer l\u2019emballage et le mettre au r\u00e9frig\u00e9rateur.<\/p>\n","protected":false},"featured_media":1257,"template":"","meta":[],"product_cat":[70],"product_tag":[],"_links":{"self":[{"href":"https:\/\/solgi.com\/fr\/wp-json\/wp\/v2\/product\/1249"}],"collection":[{"href":"https:\/\/solgi.com\/fr\/wp-json\/wp\/v2\/product"}],"about":[{"href":"https:\/\/solgi.com\/fr\/wp-json\/wp\/v2\/types\/product"}],"wp:featuredmedia":[{"embeddable":true,"href":"https:\/\/solgi.com\/fr\/wp-json\/wp\/v2\/media\/1257"}],"wp:attachment":[{"href":"https:\/\/solgi.com\/fr\/wp-json\/wp\/v2\/media?parent=1249"}],"wp:term":[{"taxonomy":"product_cat","embeddable":true,"href":"https:\/\/solgi.com\/fr\/wp-json\/wp\/v2\/product_cat?post=1249"},{"taxonomy":"product_tag","embeddable":true,"href":"https:\/\/solgi.com\/fr\/wp-json\/wp\/v2\/product_tag?post=1249"}],"curies":[{"name":"wp","href":"https:\/\/api.w.org\/{rel}","templated":true}]}}