{"id":1398,"date":"2020-02-25T12:02:11","date_gmt":"2020-02-25T12:02:11","guid":{"rendered":"http:\/\/solgi.webtosell.es\/?post_type=product&#038;p=1398"},"modified":"2021-01-04T10:59:06","modified_gmt":"2021-01-04T10:59:06","slug":"croquant-de-fruits-sec","status":"publish","type":"product","link":"https:\/\/solgi.com\/fr\/produit\/croquant-de-fruits-sec\/","title":{"rendered":"Croquant de Fruits Sec"},"content":{"rendered":"<h3>Recommandations d\u00b4utilisation<\/h3>\n<p>M\u00eame si notre croquant est parfaitement conditonn\u00e9 sous atmosph\u00e8re modifi\u00e9e pour \u00e9viter le rancissement et l&rsquo;absorption de l&rsquo;humidit\u00e9, Solgi vous recommande de garder la produit dans un endroit frais et sec.<\/p>\n<h3>Pr\u00e9sentation<\/h3>\n<p>Boite de 10 kg ( Sachets de 1 kg); Seau de 3,5 kg ; Boite de 10 kg ( sachets de 5 kg);<\/p>\n<h3>Information nutritionnelle<\/h3>\n<p>(Sur la base de 100 gr.) \n<table id=\"tablepress-204\" class=\"tablepress tablepress-id-204\">\n<tbody>\n<tr class=\"row-1 odd\">\n\t<td class=\"column-1\">Puissance<\/td><td class=\"column-2\">\t450 kcal<\/td>\n<\/tr>\n<tr class=\"row-2 even\">\n\t<td class=\"column-1\">Graisses<\/td><td class=\"column-2\">14 g<br \/>\n<\/td>\n<\/tr>\n<tr class=\"row-3 odd\">\n\t<td class=\"column-1\">Graisses Sat<\/td><td class=\"column-2\">\t1.15 g<\/td>\n<\/tr>\n<tr class=\"row-4 even\">\n\t<td class=\"column-1\">Prot\u00e9ine<\/td><td class=\"column-2\">\t7 g<\/td>\n<\/tr>\n<tr class=\"row-5 odd\">\n\t<td class=\"column-1\">Sucres<\/td><td class=\"column-2\">75.4 g<\/td>\n<\/tr>\n<\/tbody>\n<\/table>\n<!-- #tablepress-204 from cache --> \u00a0 \u00a0<\/p>\n","protected":false},"excerpt":{"rendered":"<h3>Utilisation<\/h3>\n<p>Notre savoureux croquant a \u00e9t\u00e9 \u00e9labor\u00e9 a partir d\u2019une s\u00e9lection de fruits secs concass\u00e9es, grill\u00e9es et recouverts de sucre caram\u00e9lis\u00e9. S\u2019utilise fondamentalement pour la d\u00e9coration des produits de p\u00e2tisserie et glacerie.<\/p>\n<h3>Avantages<\/h3>\n<p>Ce produit a \u00e9t\u00e9 \u00e9labor\u00e9 avec les m\u00eames mati\u00e8res premi\u00e8res utilis\u00e9es dans les ateliers traditionnels. Il est pr\u00eat \u00e0 l\u2019emploi ce qui vous \u00e9vite toutes les contraintes dues a ce processus (, perturbation dans le cassage des oeufs, danger d\u2019intoxication\u2026etc.) Veuillez vous assurer que le produit avec lequel vous travaillez r\u00e9ponde a toutes les exigences d\u2019hygi\u00e8ne et de qualit\u00e9.<\/p>\n","protected":false},"featured_media":1422,"template":"","meta":[],"product_cat":[74],"product_tag":[],"_links":{"self":[{"href":"https:\/\/solgi.com\/fr\/wp-json\/wp\/v2\/product\/1398"}],"collection":[{"href":"https:\/\/solgi.com\/fr\/wp-json\/wp\/v2\/product"}],"about":[{"href":"https:\/\/solgi.com\/fr\/wp-json\/wp\/v2\/types\/product"}],"wp:featuredmedia":[{"embeddable":true,"href":"https:\/\/solgi.com\/fr\/wp-json\/wp\/v2\/media\/1422"}],"wp:attachment":[{"href":"https:\/\/solgi.com\/fr\/wp-json\/wp\/v2\/media?parent=1398"}],"wp:term":[{"taxonomy":"product_cat","embeddable":true,"href":"https:\/\/solgi.com\/fr\/wp-json\/wp\/v2\/product_cat?post=1398"},{"taxonomy":"product_tag","embeddable":true,"href":"https:\/\/solgi.com\/fr\/wp-json\/wp\/v2\/product_tag?post=1398"}],"curies":[{"name":"wp","href":"https:\/\/api.w.org\/{rel}","templated":true}]}}