{"id":1474,"date":"2020-02-25T15:11:52","date_gmt":"2020-02-25T15:11:52","guid":{"rendered":"http:\/\/solgi.webtosell.es\/?post_type=product&#038;p=1474"},"modified":"2021-01-04T11:18:46","modified_gmt":"2021-01-04T11:18:46","slug":"croustillant-chocolat-amandes-ou-arachides","status":"publish","type":"product","link":"https:\/\/solgi.com\/fr\/produit\/croustillant-chocolat-amandes-ou-arachides\/","title":{"rendered":"Croustillant chocolat Amandes ou Arachides"},"content":{"rendered":"<h3>Recommandations d\u00b4utilisation<\/h3>\n<p>M\u00eame si notre croquant est parfaitement conditonn\u00e9 sous atmosph\u00e8re modifi\u00e9e pour \u00e9viter le rancissement et l&rsquo;absorption de l&rsquo;humidit\u00e9, Solgi vous recommande de garder la produit dans un endroit frais et sec.<\/p>\n<h3>Pr\u00e9sentation<\/h3>\n<p>Boite de 6 kg ( cube de 1 kg).<\/p>\n<h3>Information nutritionnelle<\/h3>\n<p>(Sur la base de 100 gr.)<\/p>\n\n<table id=\"tablepress-275\" class=\"tablepress tablepress-id-275\">\n<tbody>\n<tr class=\"row-1 odd\">\n\t<td class=\"column-1\">Puissance<\/td><td class=\"column-2\">492 kcal<\/td>\n<\/tr>\n<tr class=\"row-2 even\">\n\t<td class=\"column-1\">Graisses<\/td><td class=\"column-2\">24,1 g<\/td>\n<\/tr>\n<tr class=\"row-3 odd\">\n\t<td class=\"column-1\">Graisses Sat <\/td><td class=\"column-2\">9,97 g<\/td>\n<\/tr>\n<tr class=\"row-4 even\">\n\t<td class=\"column-1\">Prot\u00e9ine<\/td><td class=\"column-2\">9,4 g<\/td>\n<\/tr>\n<tr class=\"row-5 odd\">\n\t<td class=\"column-1\">Sucres<\/td><td class=\"column-2\">49,2 g<\/td>\n<\/tr>\n<tr class=\"row-6 even\">\n\t<td class=\"column-1\">Sel<\/td><td class=\"column-2\">0.04 g<\/td>\n<\/tr>\n<\/tbody>\n<\/table>\n<!-- #tablepress-275 from cache -->\n<p>&nbsp;<\/p>\n","protected":false},"excerpt":{"rendered":"<h3>Utilisation<\/h3>\n<p>Nos savoureux chocolat croquant, est issu d\u2019une s\u00e9lection rigoureuse des amandes grill\u00e9es ou d\u2019arachide, enrob\u00e9s de chocolat. S\u2019utilise principalement pour la d\u00e9coration des produits de p\u00e2tisserie et glacerie.<\/p>\n<h3><strong>Avantages<\/strong><\/h3>\n<p>Ce produit a \u00e9t\u00e9 \u00e9labor\u00e9 avec les m\u00eames mati\u00e8res premi\u00e8res utilis\u00e9es dans les ateliers traditionnels. Il est pr\u00eat \u00e0 l\u2019emploi ce qui vous \u00e9vite toutes les contraintes dues a ce processus (, perturbation dans le cassage des oeufs, danger d\u2019intoxication\u2026etc.) Veuillez vous assurer que le produit avec lequel vous travaillez r\u00e9ponde a toutes les exigences d\u2019hygi\u00e8ne et de qualit\u00e9.<\/p>\n","protected":false},"featured_media":1470,"template":"","meta":[],"product_cat":[78],"product_tag":[],"_links":{"self":[{"href":"https:\/\/solgi.com\/fr\/wp-json\/wp\/v2\/product\/1474"}],"collection":[{"href":"https:\/\/solgi.com\/fr\/wp-json\/wp\/v2\/product"}],"about":[{"href":"https:\/\/solgi.com\/fr\/wp-json\/wp\/v2\/types\/product"}],"wp:featuredmedia":[{"embeddable":true,"href":"https:\/\/solgi.com\/fr\/wp-json\/wp\/v2\/media\/1470"}],"wp:attachment":[{"href":"https:\/\/solgi.com\/fr\/wp-json\/wp\/v2\/media?parent=1474"}],"wp:term":[{"taxonomy":"product_cat","embeddable":true,"href":"https:\/\/solgi.com\/fr\/wp-json\/wp\/v2\/product_cat?post=1474"},{"taxonomy":"product_tag","embeddable":true,"href":"https:\/\/solgi.com\/fr\/wp-json\/wp\/v2\/product_tag?post=1474"}],"curies":[{"name":"wp","href":"https:\/\/api.w.org\/{rel}","templated":true}]}}