{"id":1735,"date":"2020-03-06T13:16:06","date_gmt":"2020-03-06T13:16:07","guid":{"rendered":"http:\/\/solgi.webtosell.es\/?post_type=product&#038;p=1735"},"modified":"2021-01-04T10:03:37","modified_gmt":"2021-01-04T10:03:37","slug":"gel-nappage-froid","status":"publish","type":"product","link":"https:\/\/solgi.com\/fr\/produit\/gel-nappage-froid\/","title":{"rendered":"Gel Nappage Froid"},"content":{"rendered":"<h3>Recommandations d\u00b4utilisation<\/h3>\n<p>Application sous froid: s\u2019applique directement sur un fruit sec ou congel\u00e9 ou sur n\u2019importe quelle superficie avec un pinceau ou un pistolet. Le gel brillance p\u00e2tissier est id\u00e9al pour tout types de couvertures, nappages, m\u00e9lange avec des colorants et d\u00e9corations de p\u00e2tisserie en g\u00e9n\u00e9rale. S\u2019applique facilement dilu\u00e9 avec de l\u2019eau ou en \u00e9tat brut.<\/p>\n<h3>Pr\u00e9sentation<\/h3>\n<p>Cube\u00a0de 14 kg;\u00a0cube de 7 kg. Boite de 6 unit\u00e9s (\u00a0cube de 1,9 kg)<\/p>\n<h3>Information nutritionnelle<\/h3>\n<p>(Sur la base de 100 gr.) \n<table id=\"tablepress-118\" class=\"tablepress tablepress-id-118\">\n<tbody>\n<tr class=\"row-1 odd\">\n\t<td class=\"column-1\">Puissance<\/td><td class=\"column-2\">292 kcal<\/td>\n<\/tr>\n<tr class=\"row-2 even\">\n\t<td class=\"column-1\">Graisses<\/td><td class=\"column-2\">< 1,0 g g<\/td>\n<\/tr>\n<tr class=\"row-3 odd\">\n\t<td class=\"column-1\">Graisses Sat<\/td><td class=\"column-2\">< 0,02 g<\/td>\n<\/tr>\n<tr class=\"row-4 even\">\n\t<td class=\"column-1\">Prot\u00e9ine<\/td><td class=\"column-2\">< 1,0 g<\/td>\n<\/tr>\n<tr class=\"row-5 odd\">\n\t<td class=\"column-1\">Sucres<\/td><td class=\"column-2\">39,7 g<\/td>\n<\/tr>\n<tr class=\"row-6 even\">\n\t<td class=\"column-1\">Fibre<\/td><td class=\"column-2\">2,3 g<\/td>\n<\/tr>\n<tr class=\"row-7 odd\">\n\t<td class=\"column-1\">Sel<\/td><td class=\"column-2\">0,05 g<\/td>\n<\/tr>\n<\/tbody>\n<\/table>\n<!-- #tablepress-118 from cache --> \u00a0 \u00a0<\/p>\n","protected":false},"excerpt":{"rendered":"<h3>Utilisation<\/h3>\n<p>Notre gel froid normal a \u00e9t\u00e9 \u00e9labor\u00e9 a partir de glucose, sucres et g\u00e9latines pour ainsi obtenir un produit qui offre une brillance intense que ce soit en application sous chaleur ou sous froid. En utilisant ce gel brillance Solgi , vous obtiendrez des r\u00e9sultats extraordinaires dans vos couvertures de g\u00e2teaux, nappages, d\u00e9corations, etc.<\/p>\n<h3>Avantages<\/h3>\n<p>Ce produit est \u00e9labor\u00e9 sous les exigences sanitaires les plus strictes et avec les m\u00eames mati\u00e8res premi\u00e8res utilis\u00e9es dans les ateliers traditionnels. Il est tout pr\u00eat \u00e0 l\u2019emploi ce qui vous \u00e9vite toutes les contraintes du processus d&rsquo;\u00e9laboration. Soyez sur et certain que le produit avec lequel vous travaillez r\u00e9pond a toutes les exigences d\u2019hygi\u00e8ne et de qualit\u00e9 Garder dans un endroit frais et sec.<\/p>\n","protected":false},"featured_media":1743,"template":"","meta":[],"product_cat":[90],"product_tag":[],"_links":{"self":[{"href":"https:\/\/solgi.com\/fr\/wp-json\/wp\/v2\/product\/1735"}],"collection":[{"href":"https:\/\/solgi.com\/fr\/wp-json\/wp\/v2\/product"}],"about":[{"href":"https:\/\/solgi.com\/fr\/wp-json\/wp\/v2\/types\/product"}],"wp:featuredmedia":[{"embeddable":true,"href":"https:\/\/solgi.com\/fr\/wp-json\/wp\/v2\/media\/1743"}],"wp:attachment":[{"href":"https:\/\/solgi.com\/fr\/wp-json\/wp\/v2\/media?parent=1735"}],"wp:term":[{"taxonomy":"product_cat","embeddable":true,"href":"https:\/\/solgi.com\/fr\/wp-json\/wp\/v2\/product_cat?post=1735"},{"taxonomy":"product_tag","embeddable":true,"href":"https:\/\/solgi.com\/fr\/wp-json\/wp\/v2\/product_tag?post=1735"}],"curies":[{"name":"wp","href":"https:\/\/api.w.org\/{rel}","templated":true}]}}