{"id":1792,"date":"2020-03-09T12:11:03","date_gmt":"2020-03-09T12:11:04","guid":{"rendered":"http:\/\/solgi.webtosell.es\/?post_type=product&#038;p=1792"},"modified":"2021-01-04T10:24:39","modified_gmt":"2021-01-04T10:24:39","slug":"gel-nappage-congelation","status":"publish","type":"product","link":"https:\/\/solgi.com\/fr\/produit\/gel-nappage-congelation\/","title":{"rendered":"Gel Nappage Cong\u00e9lation"},"content":{"rendered":"<h3>Recommandations d\u00b4utilisation<\/h3>\n<p>Application sous froid: s\u2019applique directement sur un fruit sec ou congel\u00e9 ou sur n\u2019importe quelle superficie avec un pinceau ou un pistolet. Le gel brillance p\u00e2tissier est id\u00e9al pour tout types de couvertures, nappages, m\u00e9lange avec des colorants et d\u00e9corations de p\u00e2tisserie en g\u00e9n\u00e9rale. S\u2019applique facilement dilu\u00e9 avec de l\u2019eau ou en \u00e9tat brut.<\/p>\n<h3>Pr\u00e9sentation<\/h3>\n<p>Cube 14 kg<\/p>\n<h3>Information nutritionnelle<\/h3>\n<p>(Sur la base de 100 gr.) \n<table id=\"tablepress-127\" class=\"tablepress tablepress-id-127\">\n<tbody>\n<tr class=\"row-1 odd\">\n\t<td class=\"column-1\">Puissance<\/td><td class=\"column-2\">304 kcal<\/td>\n<\/tr>\n<tr class=\"row-2 even\">\n\t<td class=\"column-1\">Graisses<\/td><td class=\"column-2\">< 0.10 g<\/td>\n<\/tr>\n<tr class=\"row-3 odd\">\n\t<td class=\"column-1\">Glucides<\/td><td class=\"column-2\">76 g<\/td>\n<\/tr>\n<tr class=\"row-4 even\">\n\t<td class=\"column-1\">Prot\u00e9ine<\/td><td class=\"column-2\">< 2,0 g<\/td>\n<\/tr>\n<tr class=\"row-5 odd\">\n\t<td class=\"column-1\">Fibre <\/td><td class=\"column-2\">0 g<\/td>\n<\/tr>\n<\/tbody>\n<\/table>\n<!-- #tablepress-127 from cache --> \u00a0<\/p>\n","protected":false},"excerpt":{"rendered":"<h3>Utilisation<\/h3>\n<p>Notre gel froid qui convient a la cong\u00e9lation a \u00e9t\u00e9 \u00e9labor\u00e9 a partir de glucoses, sucres et g\u00e9latines pour obtenir un produit qui offre une brillance intense pour l&rsquo;application sous chaud comme pour l&rsquo;application sous froid. En utilisant le gel brillance Solgi vous obtiendrez des r\u00e9sultats extraordinaires dans vos couvertures de g\u00e2teaux, nappages, d\u00e9corations, etc.<\/p>\n<h3><strong>Avantages<\/strong><\/h3>\n<p>Ce produit est \u00e9labor\u00e9 sous les exigences sanitaires les plus strictes et avec les m\u00eames mati\u00e8res premi\u00e8res utilis\u00e9es dans les ateliers traditionnels. Il est tout pr\u00eat \u00e0 l\u2019emploi ce qui vous \u00e9vite toutes les contraintes du processus d&rsquo;\u00e9laboration. Soyez sur et certain que le produit avec lequel vous travaillez r\u00e9pond a toutes les exigences d\u2019hygi\u00e8ne et de qualit\u00e9 Garder dans un endroit frais et sec.<\/p>\n","protected":false},"featured_media":1804,"template":"","meta":[],"product_cat":[90],"product_tag":[],"_links":{"self":[{"href":"https:\/\/solgi.com\/fr\/wp-json\/wp\/v2\/product\/1792"}],"collection":[{"href":"https:\/\/solgi.com\/fr\/wp-json\/wp\/v2\/product"}],"about":[{"href":"https:\/\/solgi.com\/fr\/wp-json\/wp\/v2\/types\/product"}],"wp:featuredmedia":[{"embeddable":true,"href":"https:\/\/solgi.com\/fr\/wp-json\/wp\/v2\/media\/1804"}],"wp:attachment":[{"href":"https:\/\/solgi.com\/fr\/wp-json\/wp\/v2\/media?parent=1792"}],"wp:term":[{"taxonomy":"product_cat","embeddable":true,"href":"https:\/\/solgi.com\/fr\/wp-json\/wp\/v2\/product_cat?post=1792"},{"taxonomy":"product_tag","embeddable":true,"href":"https:\/\/solgi.com\/fr\/wp-json\/wp\/v2\/product_tag?post=1792"}],"curies":[{"name":"wp","href":"https:\/\/api.w.org\/{rel}","templated":true}]}}