{"id":1826,"date":"2020-03-09T12:46:07","date_gmt":"2020-03-09T12:46:07","guid":{"rendered":"http:\/\/solgi.webtosell.es\/?post_type=product&#038;p=1826"},"modified":"2021-01-04T10:39:49","modified_gmt":"2021-01-04T10:39:49","slug":"clarasol","status":"publish","type":"product","link":"https:\/\/solgi.com\/fr\/produit\/clarasol\/","title":{"rendered":"Clarasol"},"content":{"rendered":"<h3>Recommandations d\u00b4utilisation<\/h3>\n<p>Nous vous recommandons de suivre une s\u00e9rie d&rsquo;\u00e9tapes importantes et faciles pour l&rsquo;\u00e9laboration d&rsquo;une bonne meringue.<\/p>\n<h3>Pr\u00e9sentation<\/h3>\n<p>Bo\u00eete de 6 r\u00e9cipients ( unit\u00e9s de 1 kg).<\/p>\n<h3>Information nutritionnelle<\/h3>\n<p>(Sur la base de 100 gr.) \n<table id=\"tablepress-220\" class=\"tablepress tablepress-id-220\">\n<tbody>\n<tr class=\"row-1 odd\">\n\t<td class=\"column-1\">Puissance<\/td><td class=\"column-2\">\t347 kcal<\/td>\n<\/tr>\n<tr class=\"row-2 even\">\n\t<td class=\"column-1\">Graisses<\/td><td class=\"column-2\">\t< 0.5 g<\/td>\n<\/tr>\n<tr class=\"row-3 odd\">\n\t<td class=\"column-1\">Graisses Sat<\/td><td class=\"column-2\">\t< 0.1 g<\/td>\n<\/tr>\n<tr class=\"row-4 even\">\n\t<td class=\"column-1\">Prot\u00e9ine<\/td><td class=\"column-2\">\t28.4 g<\/td>\n<\/tr>\n<tr class=\"row-5 odd\">\n\t<td class=\"column-1\">Sucres<\/td><td class=\"column-2\">\t22.5 g<\/td>\n<\/tr>\n<tr class=\"row-6 even\">\n\t<td class=\"column-1\">Sel<\/td><td class=\"column-2\">\t1.16 g<\/td>\n<\/tr>\n<tr class=\"row-7 odd\">\n\t<td class=\"column-1\">Fibre<\/td><td class=\"column-2\">        8.8 g<\/td>\n<\/tr>\n<\/tbody>\n<\/table>\n<!-- #tablepress-220 from cache --> \u00a0<\/p>\n","protected":false},"excerpt":{"rendered":"<h3>Utilisation<\/h3>\n<p>Clarasol est une pr\u00e9paration d&rsquo;albumine d&rsquo;\u0153uf en poudre, id\u00e9ale pour l&rsquo;\u00e9laboration des tous types de meringues, bavarois, flamb\u00e9s, etc. Sa texture d\u00e9pend de la quantit\u00e9 de sirop qu&rsquo;on lui y ajoute, c&rsquo;est pour cela que nous vous recommandons de suivre les instructions de l&rsquo;\u00e9tiquette.<\/p>\n<h3>Avantages<\/h3>\n<p>Ce produit est \u00e9labor\u00e9 sous les exigences sanitaires les plus strictes et avec les m\u00eames mati\u00e8res premi\u00e8res utilis\u00e9es dans les ateliers traditionnels. Il est tout pr\u00eat \u00e0 l\u2019emploi ce qui vous \u00e9vite toutes les contraintes du processus d&rsquo;\u00e9laboration. Soyez sur et certain que le produit avec lequel vous travaillez r\u00e9pond a toutes les exigences d\u2019hygi\u00e8ne et de qualit\u00e9 Garder dans un endroit frais et sec.<\/p>\n","protected":false},"featured_media":1830,"template":"","meta":[],"product_cat":[102],"product_tag":[],"_links":{"self":[{"href":"https:\/\/solgi.com\/fr\/wp-json\/wp\/v2\/product\/1826"}],"collection":[{"href":"https:\/\/solgi.com\/fr\/wp-json\/wp\/v2\/product"}],"about":[{"href":"https:\/\/solgi.com\/fr\/wp-json\/wp\/v2\/types\/product"}],"wp:featuredmedia":[{"embeddable":true,"href":"https:\/\/solgi.com\/fr\/wp-json\/wp\/v2\/media\/1830"}],"wp:attachment":[{"href":"https:\/\/solgi.com\/fr\/wp-json\/wp\/v2\/media?parent=1826"}],"wp:term":[{"taxonomy":"product_cat","embeddable":true,"href":"https:\/\/solgi.com\/fr\/wp-json\/wp\/v2\/product_cat?post=1826"},{"taxonomy":"product_tag","embeddable":true,"href":"https:\/\/solgi.com\/fr\/wp-json\/wp\/v2\/product_tag?post=1826"}],"curies":[{"name":"wp","href":"https:\/\/api.w.org\/{rel}","templated":true}]}}