{"id":1834,"date":"2020-03-09T14:19:04","date_gmt":"2020-03-09T14:19:04","guid":{"rendered":"http:\/\/solgi.webtosell.es\/?post_type=product&#038;p=1834"},"modified":"2021-01-04T10:41:16","modified_gmt":"2021-01-04T10:41:16","slug":"sucre-perle","status":"publish","type":"product","link":"https:\/\/solgi.com\/fr\/produit\/sucre-perle\/","title":{"rendered":"Sucre perl\u00e9"},"content":{"rendered":"<h3>Recommandations d\u00b4utilisation<\/h3>\n<p>M\u00eame si notre sucre souffl\u00e9 de d\u00e9coration est parfaitement emball\u00e9 dans une atmosph\u00e8re protectrice pour \u00e9viter le rancissement et l&rsquo;absorption de l&rsquo;humidit\u00e9, Solgi vous recommande de garder la produit dans un endroit frais et sec.<\/p>\n<h3>Pr\u00e9sentation<\/h3>\n<p>Bo\u00eete de 10 kg (sacs de 1 kg). Bo\u00eete de 10 kg (sacs de 5 kg).<\/p>\n<h3>Information nutritionnelle<\/h3>\n<p>(Sur la base de 100 gr.) \n<table id=\"tablepress-224\" class=\"tablepress tablepress-id-224\">\n<tbody>\n<tr class=\"row-1 odd\">\n\t<td class=\"column-1\">Puissance<\/td><td class=\"column-2\">\t396 kcal<\/td>\n<\/tr>\n<tr class=\"row-2 even\">\n\t<td class=\"column-1\">Graisses<\/td><td class=\"column-2\">\t0 g<\/td>\n<\/tr>\n<tr class=\"row-3 odd\">\n\t<td class=\"column-1\">Graisses Sat<\/td><td class=\"column-2\">\t0 g<\/td>\n<\/tr>\n<tr class=\"row-4 even\">\n\t<td class=\"column-1\">Prot\u00e9ine<\/td><td class=\"column-2\">0 g<\/td>\n<\/tr>\n<tr class=\"row-5 odd\">\n\t<td class=\"column-1\">Sucres<\/td><td class=\"column-2\">99 g<\/td>\n<\/tr>\n<tr class=\"row-6 even\">\n\t<td class=\"column-1\">Sel<\/td><td class=\"column-2\">0 g<\/td>\n<\/tr>\n<\/tbody>\n<\/table>\n<!-- #tablepress-224 from cache --> \u00a0<\/p>\n","protected":false},"excerpt":{"rendered":"<h3>Utilisation<\/h3>\n<p>Notre sucre souffl\u00e9 de d\u00e9coration est fait \u00e0 partir de sucre s\u00e9lectionn\u00e9 et de blanc d&rsquo;\u0153uf. Il est utilis\u00e9 principalement dans la d\u00e9coration de produits de p\u00e2tisserie et de boulangerie, son utilisation la plus reconnue \u00e9tant la d\u00e9coration du G\u00c2TEAU DES ROIS.<\/p>\n<h3>Avantages<\/h3>\n<p>C&rsquo;est un produit traditionnel fait avec les m\u00eames mati\u00e8res que celles utilis\u00e9es dans les ateliers de p\u00e2tisserie et avec l&rsquo;avantage d&rsquo;\u00e9viter les troubles du proc\u00e9d\u00e9 de fabrication, les dangers de contamination, etc&#8230; Soyez sur et certain que le produit avec lequel vous travaillez r\u00e9pond a toutes les exigences d\u2019hygi\u00e8ne et de qualit\u00e9. \u00a0<\/p>\n","protected":false},"featured_media":1842,"template":"","meta":[],"product_cat":[98],"product_tag":[],"_links":{"self":[{"href":"https:\/\/solgi.com\/fr\/wp-json\/wp\/v2\/product\/1834"}],"collection":[{"href":"https:\/\/solgi.com\/fr\/wp-json\/wp\/v2\/product"}],"about":[{"href":"https:\/\/solgi.com\/fr\/wp-json\/wp\/v2\/types\/product"}],"wp:featuredmedia":[{"embeddable":true,"href":"https:\/\/solgi.com\/fr\/wp-json\/wp\/v2\/media\/1842"}],"wp:attachment":[{"href":"https:\/\/solgi.com\/fr\/wp-json\/wp\/v2\/media?parent=1834"}],"wp:term":[{"taxonomy":"product_cat","embeddable":true,"href":"https:\/\/solgi.com\/fr\/wp-json\/wp\/v2\/product_cat?post=1834"},{"taxonomy":"product_tag","embeddable":true,"href":"https:\/\/solgi.com\/fr\/wp-json\/wp\/v2\/product_tag?post=1834"}],"curies":[{"name":"wp","href":"https:\/\/api.w.org\/{rel}","templated":true}]}}