{"id":1911,"date":"2020-03-09T16:37:47","date_gmt":"2020-03-09T16:37:48","guid":{"rendered":"http:\/\/solgi.webtosell.es\/?post_type=product&#038;p=1911"},"modified":"2021-01-04T09:03:11","modified_gmt":"2021-01-04T09:03:11","slug":"sirop-de-glucose","status":"publish","type":"product","link":"https:\/\/solgi.com\/fr\/produit\/sirop-de-glucose\/","title":{"rendered":"Sirop de Glucose"},"content":{"rendered":"<h3>Recommandations d\u00b4utilisation<\/h3>\n<p>Une fois l\u2019emballage est ouvert, retirer la quantit\u00e9 qui va \u00eatre utilis\u00e9 durant le processus de fabrication. Couvrir le reste du produit avec du papier paraffin\u00e9 et conserver dans le r\u00e9frig\u00e9rateur. Nous vous recommandons d\u2019utiliser les bonnes pratiques d\u2019hygi\u00e8ne et de fabrication obligatoires.<\/p>\n<h3>Conditions de stockage et de distribution<\/h3>\n<p>Nous vous recommandons d&rsquo;utiliser des endroits propres, frais et secs, tout en \u00e9vitant les changement brusques de temp\u00e9rature et d&rsquo;humidit\u00e9.<\/p>\n<h3>Pr\u00e9sentation<\/h3>\n<p>Cube\u00a0de 7,5 kg Cube\u00a0de 2,2 kg (Bo\u00eete de 6 pots).<\/p>\n<h3>Information nutritionnelle<\/h3>\n<p>(Sur la base de 100 gr.) \n<table id=\"tablepress-232\" class=\"tablepress tablepress-id-232\">\n<tbody>\n<tr class=\"row-1 odd\">\n\t<td class=\"column-1\">Puissance<\/td><td class=\"column-2\">\t320 kcal<\/td>\n<\/tr>\n<tr class=\"row-2 even\">\n\t<td class=\"column-1\">Graisses<\/td><td class=\"column-2\">\t0 g<\/td>\n<\/tr>\n<tr class=\"row-3 odd\">\n\t<td class=\"column-1\">Graisses Sat<\/td><td class=\"column-2\">\t0 g<\/td>\n<\/tr>\n<tr class=\"row-4 even\">\n\t<td class=\"column-1\">Prot\u00e9ine<\/td><td class=\"column-2\">0 g<\/td>\n<\/tr>\n<tr class=\"row-5 odd\">\n\t<td class=\"column-1\">Sucres<\/td><td class=\"column-2\">80 g<\/td>\n<\/tr>\n<tr class=\"row-6 even\">\n\t<td class=\"column-1\">Sel<\/td><td class=\"column-2\">0 g<\/td>\n<\/tr>\n<\/tbody>\n<\/table>\n<!-- #tablepress-232 from cache --> \u00a0<\/p>\n","protected":false},"excerpt":{"rendered":"<h3>Utilisation<\/h3>\n<p>Sirop de glucose de (43\/82) \u00baBrix, id\u00e9al pour sucreries et caramels. Obtenez des textures plus \u00e9lastiques et de meilleurs r\u00e9sultats dans la cong\u00e9lation de vos produits confectionn\u00e9s.<\/p>\n<h3>Avantages<\/h3>\n<p>Ce produit \u00e9vite les craquelures lors de la cong\u00e9lation et vous garantit une transparence parfaite.<\/p>\n","protected":false},"featured_media":1927,"template":"","meta":[],"product_cat":[98],"product_tag":[],"_links":{"self":[{"href":"https:\/\/solgi.com\/fr\/wp-json\/wp\/v2\/product\/1911"}],"collection":[{"href":"https:\/\/solgi.com\/fr\/wp-json\/wp\/v2\/product"}],"about":[{"href":"https:\/\/solgi.com\/fr\/wp-json\/wp\/v2\/types\/product"}],"wp:featuredmedia":[{"embeddable":true,"href":"https:\/\/solgi.com\/fr\/wp-json\/wp\/v2\/media\/1927"}],"wp:attachment":[{"href":"https:\/\/solgi.com\/fr\/wp-json\/wp\/v2\/media?parent=1911"}],"wp:term":[{"taxonomy":"product_cat","embeddable":true,"href":"https:\/\/solgi.com\/fr\/wp-json\/wp\/v2\/product_cat?post=1911"},{"taxonomy":"product_tag","embeddable":true,"href":"https:\/\/solgi.com\/fr\/wp-json\/wp\/v2\/product_tag?post=1911"}],"curies":[{"name":"wp","href":"https:\/\/api.w.org\/{rel}","templated":true}]}}