{"id":1943,"date":"2020-03-10T08:35:21","date_gmt":"2020-03-10T08:35:21","guid":{"rendered":"http:\/\/solgi.webtosell.es\/?post_type=product&#038;p=1943"},"modified":"2021-01-04T09:05:11","modified_gmt":"2021-01-04T09:05:11","slug":"sucre-brule","status":"publish","type":"product","link":"https:\/\/solgi.com\/fr\/produit\/sucre-brule\/","title":{"rendered":"Sucre br\u00fbl\u00e9"},"content":{"rendered":"<h3>Recommandations d\u00b4utilisation<\/h3>\n<p>Le produit est emball\u00e9 en polypropyl\u00e8ne, film d\u2019operculage en cubes et ferm\u00e9 avec un couvercle. Pour \u00e9viter le rancissement et l\u2019apparition d\u2019humidit\u00e9, dans Solgi, nous vous recommandons de garder le produit dans un endroit frais et sec.<\/p>\n<h3>Pr\u00e9sentation<\/h3>\n<p>Seau de\u00a07 kg<\/p>\n<h3>Information nutritionnelle<\/h3>\n<p>(Sur la base de 100 gr.) \n<table id=\"tablepress-236\" class=\"tablepress tablepress-id-236\">\n<tbody>\n<tr class=\"row-1 odd\">\n\t<td class=\"column-1\">Puissance<\/td><td class=\"column-2\">\t160 kcal<\/td>\n<\/tr>\n<tr class=\"row-2 even\">\n\t<td class=\"column-1\">Graisses<\/td><td class=\"column-2\">\t0 g<\/td>\n<\/tr>\n<tr class=\"row-3 odd\">\n\t<td class=\"column-1\">Graisses Sat<\/td><td class=\"column-2\">\t0 g<\/td>\n<\/tr>\n<tr class=\"row-4 even\">\n\t<td class=\"column-1\">Prot\u00e9ine<\/td><td class=\"column-2\">0 g<\/td>\n<\/tr>\n<tr class=\"row-5 odd\">\n\t<td class=\"column-1\">Sucres<\/td><td class=\"column-2\">40 g<\/td>\n<\/tr>\n<tr class=\"row-6 even\">\n\t<td class=\"column-1\">Sel<\/td><td class=\"column-2\">0 g<\/td>\n<\/tr>\n<\/tbody>\n<\/table>\n<!-- #tablepress-236 from cache --> \u00a0<\/p>\n","protected":false},"excerpt":{"rendered":"<h3>Utilisation<\/h3>\n<p>Notre sucre br\u00fbl\u00e9 est faite de sucre s\u00e9lectionn\u00e9. Principalement utilis\u00e9 dans la d\u00e9coration de produits de p\u00e2tisserie et de boulangerie. \u00c9tant un bonbon produit par chauffage du saccharose sans additifs, il peut \u00eatre utilis\u00e9 pour la saveur et la couleur \u00e0 l\u2019alimentation.<\/p>\n<h3><strong>Avantages<\/strong><\/h3>\n<p>C&rsquo;est un produit traditionnel fait avec les m\u00eames mati\u00e8res que celles utilis\u00e9es dans les ateliers de p\u00e2tisserie et avec l&rsquo;avantage d&rsquo;\u00e9viter les troubles du proc\u00e9d\u00e9 de fabrication, les dangers de contamination, etc&#8230; Soyez sur et certain que le produit avec lequel vous travaillez r\u00e9pond a toutes les exigences d\u2019hygi\u00e8ne et de qualit\u00e9.<\/p>\n","protected":false},"featured_media":1951,"template":"","meta":[],"product_cat":[98],"product_tag":[],"_links":{"self":[{"href":"https:\/\/solgi.com\/fr\/wp-json\/wp\/v2\/product\/1943"}],"collection":[{"href":"https:\/\/solgi.com\/fr\/wp-json\/wp\/v2\/product"}],"about":[{"href":"https:\/\/solgi.com\/fr\/wp-json\/wp\/v2\/types\/product"}],"wp:featuredmedia":[{"embeddable":true,"href":"https:\/\/solgi.com\/fr\/wp-json\/wp\/v2\/media\/1951"}],"wp:attachment":[{"href":"https:\/\/solgi.com\/fr\/wp-json\/wp\/v2\/media?parent=1943"}],"wp:term":[{"taxonomy":"product_cat","embeddable":true,"href":"https:\/\/solgi.com\/fr\/wp-json\/wp\/v2\/product_cat?post=1943"},{"taxonomy":"product_tag","embeddable":true,"href":"https:\/\/solgi.com\/fr\/wp-json\/wp\/v2\/product_tag?post=1943"}],"curies":[{"name":"wp","href":"https:\/\/api.w.org\/{rel}","templated":true}]}}