{"id":1968,"date":"2020-03-10T08:49:22","date_gmt":"2020-03-10T08:49:22","guid":{"rendered":"http:\/\/solgi.webtosell.es\/?post_type=product&#038;p=1968"},"modified":"2021-01-04T09:06:28","modified_gmt":"2021-01-04T09:06:28","slug":"calabazate","status":"publish","type":"product","link":"https:\/\/solgi.com\/fr\/produit\/calabazate\/","title":{"rendered":"Calabazate"},"content":{"rendered":"<h3>Recommandations d\u00b4utilisation<\/h3>\n<p>Nous vous recommandons d\u2019utiliser les bonnes pratiques d\u2019hygi\u00e8ne et de fabrication obligatoires.<\/p>\n<h3>Conditions de stockage et de distribution<\/h3>\n<p>Nous vous recommandons d&rsquo;utiliser des endroits propres, frais et secs, tout en \u00e9vitant les changement brusques de temp\u00e9rature et d&rsquo;humidit\u00e9.<\/p>\n<h3>Pr\u00e9sentation<\/h3>\n<p>Citrouille hach\u00e9es: seau de 7 ou 14 kg. Le reste : bo\u00eetes de 2,5 kg.<\/p>\n<h3>Information nutritionnelle<\/h3>\n<p>(Sur la base de 100 gr.) \n<table id=\"tablepress-160\" class=\"tablepress tablepress-id-160\">\n<tbody>\n<tr class=\"row-1 odd\">\n\t<td class=\"column-1\">Puissance<\/td><td class=\"column-2\">333 kcal<br \/>\n<\/td>\n<\/tr>\n<tr class=\"row-2 even\">\n\t<td class=\"column-1\">Graisses<\/td><td class=\"column-2\">< 0.50 g<\/td>\n<\/tr>\n<tr class=\"row-3 odd\">\n\t<td class=\"column-1\">Graisses Sat<\/td><td class=\"column-2\">0 g<\/td>\n<\/tr>\n<tr class=\"row-4 even\">\n\t<td class=\"column-1\">Prot\u00e9ine<\/td><td class=\"column-2\">0,6 g<\/td>\n<\/tr>\n<tr class=\"row-5 odd\">\n\t<td class=\"column-1\">Sucres<\/td><td class=\"column-2\">41,5 g<\/td>\n<\/tr>\n<tr class=\"row-6 even\">\n\t<td class=\"column-1\">Fibre<\/td><td class=\"column-2\">6,5 g<\/td>\n<\/tr>\n<tr class=\"row-7 odd\">\n\t<td class=\"column-1\">Sel<\/td><td class=\"column-2\">0 g<\/td>\n<\/tr>\n<\/tbody>\n<\/table>\n<!-- #tablepress-160 from cache --> \u00a0<\/p>\n","protected":false},"excerpt":{"rendered":"<p>Citrouille confite ou glac\u00e9s en bat\u00f4ns, tranches et carreaux.<br \/>\nCouleurs: blanc, rouge et vert.<\/p>\n","protected":false},"featured_media":3614,"template":"","meta":[],"product_cat":[102],"product_tag":[],"_links":{"self":[{"href":"https:\/\/solgi.com\/fr\/wp-json\/wp\/v2\/product\/1968"}],"collection":[{"href":"https:\/\/solgi.com\/fr\/wp-json\/wp\/v2\/product"}],"about":[{"href":"https:\/\/solgi.com\/fr\/wp-json\/wp\/v2\/types\/product"}],"wp:featuredmedia":[{"embeddable":true,"href":"https:\/\/solgi.com\/fr\/wp-json\/wp\/v2\/media\/3614"}],"wp:attachment":[{"href":"https:\/\/solgi.com\/fr\/wp-json\/wp\/v2\/media?parent=1968"}],"wp:term":[{"taxonomy":"product_cat","embeddable":true,"href":"https:\/\/solgi.com\/fr\/wp-json\/wp\/v2\/product_cat?post=1968"},{"taxonomy":"product_tag","embeddable":true,"href":"https:\/\/solgi.com\/fr\/wp-json\/wp\/v2\/product_tag?post=1968"}],"curies":[{"name":"wp","href":"https:\/\/api.w.org\/{rel}","templated":true}]}}