{"id":2046,"date":"2020-03-10T10:53:32","date_gmt":"2020-03-10T10:53:32","guid":{"rendered":"http:\/\/solgi.webtosell.es\/?post_type=product&#038;p=2046"},"modified":"2021-01-04T09:14:42","modified_gmt":"2021-01-04T09:14:42","slug":"cerises","status":"publish","type":"product","link":"https:\/\/solgi.com\/fr\/produit\/cerises\/","title":{"rendered":"Cerises"},"content":{"rendered":"<h3>Recommandations d\u00b4utilisation<\/h3>\n<p>Nous vous recommandons d\u2019utiliser les bonnes pratiques d\u2019hygi\u00e8ne et de fabrication obligatoires.<\/p>\n<h3>Conditions de stockage et de distribution<\/h3>\n<p>Nous vous recommandons d&rsquo;utiliser des endroits propres, frais et secs, tout en \u00e9vitant les changement brusques de temp\u00e9rature et d&rsquo;humidit\u00e9.<\/p>\n<h3>Pr\u00e9sentation<\/h3>\n<p>Bo\u00eete de 2,5 kg Bo\u00eete de 6 r\u00e9cipients ( unit\u00e9s de 1.2 kg)<\/p>\n<h3>Information nutritionnelle<\/h3>\n<p>(Sur la base de 100 gr.) \n<table id=\"tablepress-168\" class=\"tablepress tablepress-id-168\">\n<tbody>\n<tr class=\"row-1 odd\">\n\t<td class=\"column-1\">Puissance<\/td><td class=\"column-2\">289 kcal<\/td>\n<\/tr>\n<tr class=\"row-2 even\">\n\t<td class=\"column-1\">Graisses<\/td><td class=\"column-2\">< 0.1 g<\/td>\n<\/tr>\n<tr class=\"row-3 odd\">\n\t<td class=\"column-1\">Graisses Sat<\/td><td class=\"column-2\">< 0.01 g<\/td>\n<\/tr>\n<tr class=\"row-4 even\">\n\t<td class=\"column-1\">Prot\u00e9ine<\/td><td class=\"column-2\">0.2 g<\/td>\n<\/tr>\n<tr class=\"row-5 odd\">\n\t<td class=\"column-1\">Sucres<\/td><td class=\"column-2\">47.8 g<\/td>\n<\/tr>\n<tr class=\"row-6 even\">\n\t<td class=\"column-1\">Sel<\/td><td class=\"column-2\">< 0.1 g<\/td>\n<\/tr>\n<\/tbody>\n<\/table>\n<!-- #tablepress-168 from cache --> \u00a0<\/p>\n","protected":false},"excerpt":{"rendered":"<p>Cerises espagnoles confites au dessus de (70\u00b12)\u00baBrix. Nos cerises ont un ton de couleur rouge vif intense qui donne une touche de distinction a tous vos \u00e9laborations.<\/p>\n","protected":false},"featured_media":2054,"template":"","meta":[],"product_cat":[102],"product_tag":[],"_links":{"self":[{"href":"https:\/\/solgi.com\/fr\/wp-json\/wp\/v2\/product\/2046"}],"collection":[{"href":"https:\/\/solgi.com\/fr\/wp-json\/wp\/v2\/product"}],"about":[{"href":"https:\/\/solgi.com\/fr\/wp-json\/wp\/v2\/types\/product"}],"wp:featuredmedia":[{"embeddable":true,"href":"https:\/\/solgi.com\/fr\/wp-json\/wp\/v2\/media\/2054"}],"wp:attachment":[{"href":"https:\/\/solgi.com\/fr\/wp-json\/wp\/v2\/media?parent=2046"}],"wp:term":[{"taxonomy":"product_cat","embeddable":true,"href":"https:\/\/solgi.com\/fr\/wp-json\/wp\/v2\/product_cat?post=2046"},{"taxonomy":"product_tag","embeddable":true,"href":"https:\/\/solgi.com\/fr\/wp-json\/wp\/v2\/product_tag?post=2046"}],"curies":[{"name":"wp","href":"https:\/\/api.w.org\/{rel}","templated":true}]}}