{"id":2098,"date":"2020-03-10T11:43:21","date_gmt":"2020-03-10T11:43:21","guid":{"rendered":"http:\/\/solgi.webtosell.es\/?post_type=product&#038;p=2098"},"modified":"2021-01-04T09:19:22","modified_gmt":"2021-01-04T09:19:22","slug":"gateau-des-rois","status":"publish","type":"product","link":"https:\/\/solgi.com\/fr\/produit\/gateau-des-rois\/","title":{"rendered":"G\u00e2teau des Rois"},"content":{"rendered":"<h3>Recommandations d\u00b4utilisation<\/h3>\n<p>Nous vous recommandons d\u2019utiliser les bonnes pratiques d\u2019hygi\u00e8ne et de fabrication obligatoires.<\/p>\n<h3>Conditions de stockage et de distribution<\/h3>\n<p>Nous vous recommandons d&rsquo;utiliser des endroits propres, frais et secs, tout en \u00e9vitant les changement brusques de temp\u00e9rature et d&rsquo;humidit\u00e9.<\/p>\n<h3>Pr\u00e9sentation<\/h3>\n<p>Bo\u00eete de 5 kg.<\/p>\n<h3>Information nutritionnelle<\/h3>\n<p>(Sur la base de 100 gr.) \n<table id=\"tablepress-176\" class=\"tablepress tablepress-id-176\">\n<tbody>\n<tr class=\"row-1 odd\">\n\t<td class=\"column-1\">Puissance<\/td><td class=\"column-2\">\t333.2 kcal<\/td>\n<\/tr>\n<tr class=\"row-2 even\">\n\t<td class=\"column-1\">Graisses<\/td><td class=\"column-2\">\t< 0.5 g<\/td>\n<\/tr>\n<tr class=\"row-3 odd\">\n\t<td class=\"column-1\">Graisses Sat<\/td><td class=\"column-2\">\t< 0 g<\/td>\n<\/tr>\n<tr class=\"row-4 even\">\n\t<td class=\"column-1\">Prot\u00e9ine<\/td><td class=\"column-2\">\t0.6 g<\/td>\n<\/tr>\n<tr class=\"row-5 odd\">\n\t<td class=\"column-1\">Sucres<\/td><td class=\"column-2\">41.5 g<\/td>\n<\/tr>\n<tr class=\"row-6 even\">\n\t<td class=\"column-1\">Sel<\/td><td class=\"column-2\">\t0 g<\/td>\n<\/tr>\n<\/tbody>\n<\/table>\n<!-- #tablepress-176 from cache --> \u00a0<\/p>\n","protected":false},"excerpt":{"rendered":"<p>La boite se compose de: calabazate rouge et vert, rondelles d&rsquo;orange et des moiti\u00e9s de cerises.<\/p>\n","protected":false},"featured_media":1838,"template":"","meta":[],"product_cat":[102],"product_tag":[],"_links":{"self":[{"href":"https:\/\/solgi.com\/fr\/wp-json\/wp\/v2\/product\/2098"}],"collection":[{"href":"https:\/\/solgi.com\/fr\/wp-json\/wp\/v2\/product"}],"about":[{"href":"https:\/\/solgi.com\/fr\/wp-json\/wp\/v2\/types\/product"}],"wp:featuredmedia":[{"embeddable":true,"href":"https:\/\/solgi.com\/fr\/wp-json\/wp\/v2\/media\/1838"}],"wp:attachment":[{"href":"https:\/\/solgi.com\/fr\/wp-json\/wp\/v2\/media?parent=2098"}],"wp:term":[{"taxonomy":"product_cat","embeddable":true,"href":"https:\/\/solgi.com\/fr\/wp-json\/wp\/v2\/product_cat?post=2098"},{"taxonomy":"product_tag","embeddable":true,"href":"https:\/\/solgi.com\/fr\/wp-json\/wp\/v2\/product_tag?post=2098"}],"curies":[{"name":"wp","href":"https:\/\/api.w.org\/{rel}","templated":true}]}}