{"id":2182,"date":"2020-03-10T12:40:01","date_gmt":"2020-03-10T12:40:02","guid":{"rendered":"http:\/\/solgi.webtosell.es\/?post_type=product&#038;p=2182"},"modified":"2021-01-04T09:23:38","modified_gmt":"2021-01-04T09:23:38","slug":"combine-de-legumes","status":"publish","type":"product","link":"https:\/\/solgi.com\/fr\/produit\/combine-de-legumes\/","title":{"rendered":"Combin\u00e9 de l\u00e9gumes"},"content":{"rendered":"<h3>Avantages et Recommandations d&rsquo;Utilisation<\/h3>\n<ul>\n<li>Destin\u00e9 \u00e0 la population g\u00e9n\u00e9rale. Convient aux coeliaques.<\/li>\n<li>Pr\u00eat \u00e0 la consommation Chauffez et partez.<\/li>\n<li>Conditions apr\u00e8s ouverture Temp\u00e9rature de stockage &#8211; R\u00e9frig\u00e9ration 4 &#8211; 8 \u00baC.<\/li>\n<li>Versez le contenu dans un r\u00e9cipient non m\u00e9tallique \u00e0 conserver au r\u00e9frig\u00e9rateur<\/li>\n<\/ul>\n<h3>Pr\u00e9sentation<\/h3>\n<div class=\"container-fluid no-padding \">\n<div id=\"contenedorArticuloDetalle\" class=\"container\">\n<div class=\"col-xs-12 col-sm-6\">\n<div class=\"container-fluid no-padding \">\n<div id=\"contenedorArticuloDetalle\" class=\"container\">\n<div class=\"col-xs-12 col-sm-6\">\n<p style=\"font-weight: 400;\">Bo\u00eetes de 4,2 kg<\/p>\n<\/div>\n<\/div>\n<\/div>\n<\/div>\n<\/div>\n<\/div>\n<h3>Information nutritionnelle<\/h3>\n<p>(Sur la base de 100 gr.) \u00a0 \u00a0<\/p>\n\n<table id=\"tablepress-259\" class=\"tablepress tablepress-id-259\">\n<tbody>\n<tr class=\"row-1 odd\">\n\t<td class=\"column-1\">Puissance<\/td><td class=\"column-2\">65.73 kcal<\/td>\n<\/tr>\n<tr class=\"row-2 even\">\n\t<td class=\"column-1\">Prot\u00e9ine<\/td><td class=\"column-2\">1.94 g<\/td>\n<\/tr>\n<tr class=\"row-3 odd\">\n\t<td class=\"column-1\">Graisses<\/td><td class=\"column-2\">2.45 g<\/td>\n<\/tr>\n<tr class=\"row-4 even\">\n\t<td class=\"column-1\">Graisses  Sat <\/td><td class=\"column-2\">0.55 g<\/td>\n<\/tr>\n<tr class=\"row-5 odd\">\n\t<td class=\"column-1\">Sucres<\/td><td class=\"column-2\">6.59 g<\/td>\n<\/tr>\n<tr class=\"row-6 even\">\n\t<td class=\"column-1\">Fibre<\/td><td class=\"column-2\">2.19 g<\/td>\n<\/tr>\n<tr class=\"row-7 odd\">\n\t<td class=\"column-1\">Sel<\/td><td class=\"column-2\">0.74 g<\/td>\n<\/tr>\n<\/tbody>\n<\/table>\n<!-- #tablepress-259 from cache -->\n","protected":false},"excerpt":{"rendered":"<div class=\"container-fluid no-padding \">\n<div id=\"contenedorArticuloDetalle\" class=\"container\">\n<h3 class=\"col-xs-12 col-sm-6\">Utilisation<\/h3>\n<p style=\"font-weight: 400;\">C&rsquo;est une frite de diff\u00e9rents l\u00e9gumes (tomate, aubergine, courgette, oignon et poivron qui est utilis\u00e9e pour toutes sortes de boulettes).<\/p>\n<h3 class=\"col-xs-12 col-sm-6\">\u00a0<\/h3>\n<\/div>\n<\/div>\n","protected":false},"featured_media":2186,"template":"","meta":[],"product_cat":[109],"product_tag":[],"_links":{"self":[{"href":"https:\/\/solgi.com\/fr\/wp-json\/wp\/v2\/product\/2182"}],"collection":[{"href":"https:\/\/solgi.com\/fr\/wp-json\/wp\/v2\/product"}],"about":[{"href":"https:\/\/solgi.com\/fr\/wp-json\/wp\/v2\/types\/product"}],"wp:featuredmedia":[{"embeddable":true,"href":"https:\/\/solgi.com\/fr\/wp-json\/wp\/v2\/media\/2186"}],"wp:attachment":[{"href":"https:\/\/solgi.com\/fr\/wp-json\/wp\/v2\/media?parent=2182"}],"wp:term":[{"taxonomy":"product_cat","embeddable":true,"href":"https:\/\/solgi.com\/fr\/wp-json\/wp\/v2\/product_cat?post=2182"},{"taxonomy":"product_tag","embeddable":true,"href":"https:\/\/solgi.com\/fr\/wp-json\/wp\/v2\/product_tag?post=2182"}],"curies":[{"name":"wp","href":"https:\/\/api.w.org\/{rel}","templated":true}]}}