{"id":2190,"date":"2020-03-10T12:46:15","date_gmt":"2020-03-10T12:46:15","guid":{"rendered":"http:\/\/solgi.webtosell.es\/?post_type=product&#038;p=2190"},"modified":"2021-01-04T08:52:35","modified_gmt":"2021-01-04T08:52:35","slug":"ratatouille-au-thon","status":"publish","type":"product","link":"https:\/\/solgi.com\/fr\/produit\/ratatouille-au-thon\/","title":{"rendered":"Ratatouille au Thon"},"content":{"rendered":"<h3>Recommandations d\u00b4utilisation<\/h3>\n<div class=\"container-fluid no-padding \">\n<div id=\"contenedorArticuloDetalle\" class=\"container\">\n<div class=\"col-xs-12 col-sm-6\">\n<div class=\"container-fluid no-padding \">\n<div id=\"contenedorArticuloDetalle\" class=\"container\">\n<div class=\"col-xs-12 col-sm-6\">Une fois l\u2019emballage est ouvert, retirer la quantit\u00e9 qui va \u00eatre utilis\u00e9 durant le processus de fabrication. Couvrir le reste du produit avec du papier paraffin\u00e9 et mettre au r\u00e9frig\u00e9rateur pour une meilleure conservation. Nous vous recommandons d\u2019utiliser les bonnes pratiques d\u2019hygi\u00e8ne et de fabrication obligatoires.<\/div>\n<\/div>\n<\/div>\n<\/div>\n<\/div>\n<\/div>\n<h3>Conditions de stockage et de distribution<\/h3>\n<p>Nous vous recommandons d&rsquo;utiliser des endroits propres, frais et secs, tout en \u00e9vitant les changement brusques de temp\u00e9rature et d&rsquo;humidit\u00e9.<\/p>\n<h3>Pr\u00e9sentation<\/h3>\n<div class=\"container-fluid no-padding \">\n<div id=\"contenedorArticuloDetalle\" class=\"container\">\n<div class=\"col-xs-12 col-sm-6\">\n<div class=\"container-fluid no-padding \">\n<div id=\"contenedorArticuloDetalle\" class=\"container\">\n<div class=\"col-xs-12 col-sm-6\">Bo\u00eete de 6 pots de 2,6 kg.<\/div>\n<\/div>\n<\/div>\n<\/div>\n<\/div>\n<\/div>\n<h3>Information nutritionnelle<\/h3>\n<p>(Sur la base de 100 gr.) \n<table id=\"tablepress-82\" class=\"tablepress tablepress-id-82\">\n<tbody>\n<tr class=\"row-1 odd\">\n\t<td class=\"column-1\">Puissance<\/td><td class=\"column-2\">82.10 kcal<\/td>\n<\/tr>\n<tr class=\"row-2 even\">\n\t<td class=\"column-1\">Graisses<\/td><td class=\"column-2\">1.78 g<\/td>\n<\/tr>\n<tr class=\"row-3 odd\">\n\t<td class=\"column-1\">Graisses Sat<\/td><td class=\"column-2\">\t0 g<\/td>\n<\/tr>\n<tr class=\"row-4 even\">\n\t<td class=\"column-1\">Prot\u00e9ine<\/td><td class=\"column-2\">5.56 g<br \/>\n<\/td>\n<\/tr>\n<tr class=\"row-5 odd\">\n\t<td class=\"column-1\">Sucres<\/td><td class=\"column-2\">10.53 g<br \/>\n<\/td>\n<\/tr>\n<tr class=\"row-6 even\">\n\t<td class=\"column-1\">Sel<\/td><td class=\"column-2\">8.39 g<br \/>\n<\/td>\n<\/tr>\n<\/tbody>\n<\/table>\n<!-- #tablepress-82 from cache --> \u00a0<\/p>\n","protected":false},"excerpt":{"rendered":"<p>Nos produits d\u00e9riv\u00e9s sont obtenu a partir de l\u00e9gumes de qualit\u00e9 sup\u00e9rieure, m\u00fbrs, propres et sains.<br \/>\nNous obtenons un produit de premi\u00e8re ligne, a partir d&rsquo;une s\u00e9lection de fournisseurs, ensuite nous proc\u00e9dons au m\u00e9lange, cuisson, texturisation et post\u00e9rieurement a la mise en conserve.<\/p>\n","protected":false},"featured_media":3737,"template":"","meta":[],"product_cat":[109],"product_tag":[],"_links":{"self":[{"href":"https:\/\/solgi.com\/fr\/wp-json\/wp\/v2\/product\/2190"}],"collection":[{"href":"https:\/\/solgi.com\/fr\/wp-json\/wp\/v2\/product"}],"about":[{"href":"https:\/\/solgi.com\/fr\/wp-json\/wp\/v2\/types\/product"}],"wp:featuredmedia":[{"embeddable":true,"href":"https:\/\/solgi.com\/fr\/wp-json\/wp\/v2\/media\/3737"}],"wp:attachment":[{"href":"https:\/\/solgi.com\/fr\/wp-json\/wp\/v2\/media?parent=2190"}],"wp:term":[{"taxonomy":"product_cat","embeddable":true,"href":"https:\/\/solgi.com\/fr\/wp-json\/wp\/v2\/product_cat?post=2190"},{"taxonomy":"product_tag","embeddable":true,"href":"https:\/\/solgi.com\/fr\/wp-json\/wp\/v2\/product_tag?post=2190"}],"curies":[{"name":"wp","href":"https:\/\/api.w.org\/{rel}","templated":true}]}}