{"id":3422,"date":"2020-11-06T09:04:31","date_gmt":"2020-11-06T09:04:32","guid":{"rendered":"http:\/\/solgi.webtosell.es\/?post_type=product&#038;p=3422"},"modified":"2021-01-04T08:57:40","modified_gmt":"2021-01-04T08:57:40","slug":"gel-de-bonbon","status":"publish","type":"product","link":"https:\/\/solgi.com\/fr\/produit\/gel-de-bonbon\/","title":{"rendered":"Gel de bonbon"},"content":{"rendered":"<h3>Recommandations d\u00b4utilisation<\/h3>\n<p>Application sous froid: s\u2019applique directement sur un fruit sec ou congel\u00e9 ou sur n\u2019importe quelle superficie avec un pinceau ou un pistolet. Le gel brillance p\u00e2tissier est id\u00e9al pour tout types de couvertures, nappages, m\u00e9lange avec des colorants et d\u00e9corations de p\u00e2tisserie en g\u00e9n\u00e9rale. S\u2019applique facilement dilu\u00e9 avec de l\u2019eau ou en \u00e9tat brut. Conserver dans un endroit frais et sec.<\/p>\n<h3>Pr\u00e9sentation<\/h3>\n<p>Cube de 6,5 kg.<\/p>\n<h3>Information nutritionnelle<\/h3>\n<p>(Sur la base de 100 gr.) \n<table id=\"tablepress-257\" class=\"tablepress tablepress-id-257\">\n<tbody>\n<tr class=\"row-1 odd\">\n\t<td class=\"column-1\">Puissance<\/td><td class=\"column-2\">292 Kcal<\/td>\n<\/tr>\n<tr class=\"row-2 even\">\n\t<td class=\"column-1\">Graisses<\/td><td class=\"column-2\"><1,0 g<br \/>\n<br \/>\n<\/td>\n<\/tr>\n<tr class=\"row-3 odd\">\n\t<td class=\"column-1\">Graisses Sat<\/td><td class=\"column-2\"><0,02 g<\/td>\n<\/tr>\n<tr class=\"row-4 even\">\n\t<td class=\"column-1\">Prot\u00e9ine<\/td><td class=\"column-2\"><1,0 g<\/td>\n<\/tr>\n<tr class=\"row-5 odd\">\n\t<td class=\"column-1\">Sucres<\/td><td class=\"column-2\">39,7 g<\/td>\n<\/tr>\n<tr class=\"row-6 even\">\n\t<td class=\"column-1\">Fibre<\/td><td class=\"column-2\">2,3 g<br \/>\n<br \/>\n<\/td>\n<\/tr>\n<tr class=\"row-7 odd\">\n\t<td class=\"column-1\">Sel<\/td><td class=\"column-2\">0,05 g<\/td>\n<\/tr>\n<\/tbody>\n<\/table>\n<!-- #tablepress-257 from cache --><\/p>\n","protected":false},"excerpt":{"rendered":"<h3>Utilisation<\/h3>\n<p style=\"font-weight: 400;\">Le gel de caramel est fabriqu\u00e9 \u00e0 partir de glucose et de sucre avec un ar\u00f4me de caramel pour obtenir un produit avec une saveur de caramel intense et peut \u00eatre appliqu\u00e9 \u00e0 chaud ou \u00e0 froid.<\/p>\n<h3>Avantages<\/h3>\n<p style=\"font-weight: 400;\">Dans le cas d&rsquo;un produit fabriqu\u00e9 selon les exigences sanitaires les plus strictes et avec les m\u00eames mati\u00e8res premi\u00e8res que celles utilis\u00e9es dans les p\u00e2tisseries et au b\u00e9n\u00e9fice desquelles le produit est pr\u00eat \u00e0 l&#8217;emploi, nous \u00e9vitons le bouleversement du processus de pr\u00e9paration, d&rsquo;entre eux risques de contamination, etc.<\/p>\n<p style=\"font-weight: 400;\">Ayez l&rsquo;assurance compl\u00e8te que vous travaillez avec un produit conforme \u00e0 toutes les normes de qualit\u00e9.<\/p>\n<p style=\"font-weight: 400;\">\u00a0<\/p>\n","protected":false},"featured_media":3430,"template":"","meta":[],"product_cat":[90],"product_tag":[],"_links":{"self":[{"href":"https:\/\/solgi.com\/fr\/wp-json\/wp\/v2\/product\/3422"}],"collection":[{"href":"https:\/\/solgi.com\/fr\/wp-json\/wp\/v2\/product"}],"about":[{"href":"https:\/\/solgi.com\/fr\/wp-json\/wp\/v2\/types\/product"}],"wp:featuredmedia":[{"embeddable":true,"href":"https:\/\/solgi.com\/fr\/wp-json\/wp\/v2\/media\/3430"}],"wp:attachment":[{"href":"https:\/\/solgi.com\/fr\/wp-json\/wp\/v2\/media?parent=3422"}],"wp:term":[{"taxonomy":"product_cat","embeddable":true,"href":"https:\/\/solgi.com\/fr\/wp-json\/wp\/v2\/product_cat?post=3422"},{"taxonomy":"product_tag","embeddable":true,"href":"https:\/\/solgi.com\/fr\/wp-json\/wp\/v2\/product_tag?post=3422"}],"curies":[{"name":"wp","href":"https:\/\/api.w.org\/{rel}","templated":true}]}}