{"id":3454,"date":"2020-11-06T12:18:53","date_gmt":"2020-11-06T12:18:54","guid":{"rendered":"http:\/\/solgi.webtosell.es\/?post_type=product&#038;p=3454"},"modified":"2021-01-04T08:58:33","modified_gmt":"2021-01-04T08:58:33","slug":"creme-au-fromage-doux","status":"publish","type":"product","link":"https:\/\/solgi.com\/fr\/produit\/creme-au-fromage-doux\/","title":{"rendered":"Cr\u00e8me au Fromage Doux"},"content":{"rendered":"<h3>Pr\u00e9sentation<\/h3>\n<p>Seau de 3,5 kg<\/p>\n<h3>Information nutritionnelle<\/h3>\n<p>(Sur la base de 100 gr.) \n<table id=\"tablepress-252\" class=\"tablepress tablepress-id-252\">\n<tbody>\n<tr class=\"row-1 odd\">\n\t<td class=\"column-1\">Puissance<\/td><td class=\"column-2\">202 Kcal<\/td>\n<\/tr>\n<tr class=\"row-2 even\">\n\t<td class=\"column-1\">Graisses<\/td><td class=\"column-2\">4,4 g<br \/>\n<br \/>\n<\/td>\n<\/tr>\n<tr class=\"row-3 odd\">\n\t<td class=\"column-1\">Graisses Sat<\/td><td class=\"column-2\">2,8 g<\/td>\n<\/tr>\n<tr class=\"row-4 even\">\n\t<td class=\"column-1\">Prot\u00e9ine<\/td><td class=\"column-2\">3,6 g<\/td>\n<\/tr>\n<tr class=\"row-5 odd\">\n\t<td class=\"column-1\">Sucres<\/td><td class=\"column-2\">19,6 g<\/td>\n<\/tr>\n<tr class=\"row-6 even\">\n\t<td class=\"column-1\">Fibre<\/td><td class=\"column-2\"><1,0 g<br \/>\n<br \/>\n<\/td>\n<\/tr>\n<tr class=\"row-7 odd\">\n\t<td class=\"column-1\">Sel<\/td><td class=\"column-2\">1,30 g<\/td>\n<\/tr>\n<\/tbody>\n<\/table>\n<!-- #tablepress-252 from cache --> \u00a0<\/p>\n","protected":false},"excerpt":{"rendered":"<h3>Utilisation<\/h3>\n<p>C&rsquo;est le fromage \u00e0 la cr\u00e8me caract\u00e9ristique de Cheesecake:<\/p>\n<p>Il peut \u00eatre m\u00e9lang\u00e9 avec de la cr\u00e8me, m\u00e9lang\u00e9 dans un g\u00e2teau \u00e9ponge avant la cuisson et mis sur un g\u00e2teau avec de la confiture de fruits.<\/p>\n","protected":false},"featured_media":3559,"template":"","meta":[],"product_cat":[94],"product_tag":[],"_links":{"self":[{"href":"https:\/\/solgi.com\/fr\/wp-json\/wp\/v2\/product\/3454"}],"collection":[{"href":"https:\/\/solgi.com\/fr\/wp-json\/wp\/v2\/product"}],"about":[{"href":"https:\/\/solgi.com\/fr\/wp-json\/wp\/v2\/types\/product"}],"wp:featuredmedia":[{"embeddable":true,"href":"https:\/\/solgi.com\/fr\/wp-json\/wp\/v2\/media\/3559"}],"wp:attachment":[{"href":"https:\/\/solgi.com\/fr\/wp-json\/wp\/v2\/media?parent=3454"}],"wp:term":[{"taxonomy":"product_cat","embeddable":true,"href":"https:\/\/solgi.com\/fr\/wp-json\/wp\/v2\/product_cat?post=3454"},{"taxonomy":"product_tag","embeddable":true,"href":"https:\/\/solgi.com\/fr\/wp-json\/wp\/v2\/product_tag?post=3454"}],"curies":[{"name":"wp","href":"https:\/\/api.w.org\/{rel}","templated":true}]}}