{"id":3462,"date":"2020-11-06T12:34:38","date_gmt":"2020-11-06T12:34:38","guid":{"rendered":"http:\/\/solgi.webtosell.es\/?post_type=product&#038;p=3462"},"modified":"2020-12-22T15:51:56","modified_gmt":"2020-12-22T15:51:56","slug":"creme-de-lait","status":"publish","type":"product","link":"https:\/\/solgi.com\/fr\/produit\/creme-de-lait\/","title":{"rendered":"Cr\u00e8me de lait"},"content":{"rendered":"<h3>Pr\u00e9sentation<\/h3>\n<p>Seau de 6 kg.<\/p>\n<h3>Information nutritionnelle<\/h3>\n<p>(Sur la base de 100 gr.) \n<table id=\"tablepress-253\" class=\"tablepress tablepress-id-253\">\n<tbody>\n<tr class=\"row-1 odd\">\n\t<td class=\"column-1\">Puissance<\/td><td class=\"column-2\">149 Kcal<\/td>\n<\/tr>\n<tr class=\"row-2 even\">\n\t<td class=\"column-1\">Graisses<\/td><td class=\"column-2\">3,6 g<br \/>\n<br \/>\n<\/td>\n<\/tr>\n<tr class=\"row-3 odd\">\n\t<td class=\"column-1\">Graisses Sat<\/td><td class=\"column-2\">2,2 g<\/td>\n<\/tr>\n<tr class=\"row-4 even\">\n\t<td class=\"column-1\">Prot\u00e9ine<\/td><td class=\"column-2\">3,2 g<\/td>\n<\/tr>\n<tr class=\"row-5 odd\">\n\t<td class=\"column-1\">Sucres <\/td><td class=\"column-2\">15,5 g<\/td>\n<\/tr>\n<tr class=\"row-6 even\">\n\t<td class=\"column-1\">Fibre<\/td><td class=\"column-2\"><1 g<br \/>\n<br \/>\n<\/td>\n<\/tr>\n<tr class=\"row-7 odd\">\n\t<td class=\"column-1\">Sel<\/td><td class=\"column-2\">0,176 g<\/td>\n<\/tr>\n<\/tbody>\n<\/table>\n<!-- #tablepress-253 from cache --> \u00a0<\/p>\n","protected":false},"excerpt":{"rendered":"<h3>Utilisation<\/h3>\n<div class=\"woocommerce-product-details__short-description\"><span style=\"font-size: 16px;\">C&rsquo;est l&rsquo;une des plus grandes contributions de Solgi \u00e0 ce march\u00e9. Une cr\u00e8me de lait frais avec un tr\u00e8s petit \u0153uf en sucre (la cr\u00e8me traditionnelle). Qui est conserv\u00e9 \u00e0 temp\u00e9rature ambiante, cr\u00e8me de lait entier en poudre.<\/span><\/div>\n","protected":false},"featured_media":3563,"template":"","meta":[],"product_cat":[94],"product_tag":[],"_links":{"self":[{"href":"https:\/\/solgi.com\/fr\/wp-json\/wp\/v2\/product\/3462"}],"collection":[{"href":"https:\/\/solgi.com\/fr\/wp-json\/wp\/v2\/product"}],"about":[{"href":"https:\/\/solgi.com\/fr\/wp-json\/wp\/v2\/types\/product"}],"wp:featuredmedia":[{"embeddable":true,"href":"https:\/\/solgi.com\/fr\/wp-json\/wp\/v2\/media\/3563"}],"wp:attachment":[{"href":"https:\/\/solgi.com\/fr\/wp-json\/wp\/v2\/media?parent=3462"}],"wp:term":[{"taxonomy":"product_cat","embeddable":true,"href":"https:\/\/solgi.com\/fr\/wp-json\/wp\/v2\/product_cat?post=3462"},{"taxonomy":"product_tag","embeddable":true,"href":"https:\/\/solgi.com\/fr\/wp-json\/wp\/v2\/product_tag?post=3462"}],"curies":[{"name":"wp","href":"https:\/\/api.w.org\/{rel}","templated":true}]}}