{"id":3538,"date":"2020-12-18T08:53:46","date_gmt":"2020-12-18T08:53:47","guid":{"rendered":"http:\/\/solgi.webtosell.es\/?post_type=product&#038;p=3538"},"modified":"2021-01-04T08:40:47","modified_gmt":"2021-01-04T08:40:47","slug":"miel-aux-mille-fleurs","status":"publish","type":"product","link":"https:\/\/solgi.com\/fr\/produit\/miel-aux-mille-fleurs\/","title":{"rendered":"Miel aux Mille Fleurs"},"content":{"rendered":"<h3>Pr\u00e9sentation<\/h3>\n<p style=\"font-weight: 400;\">Seau de 6 kg<\/p>\n<p>&nbsp;<\/p>\n","protected":false},"excerpt":{"rendered":"<h3>Utilisation<\/h3>\n<p>Miel aux mille fleurs (ou miel d&rsquo;abeille): l&rsquo;un des plus connus, il est appel\u00e9 abeille car ce miel est extrait de la collection des abeilles qui travaillent, qui collectent le nectar de diff\u00e9rentes fleurs selon le lieu et le p\u00e9riode de l&rsquo;ann\u00e9e. &#8230; Les qualit\u00e9s du miel de fleurs d\u00e9pendent du lieu et des fleurs.<\/p>\n<p>&nbsp;<\/p>\n","protected":false},"featured_media":3546,"template":"","meta":[],"product_cat":[98],"product_tag":[],"_links":{"self":[{"href":"https:\/\/solgi.com\/fr\/wp-json\/wp\/v2\/product\/3538"}],"collection":[{"href":"https:\/\/solgi.com\/fr\/wp-json\/wp\/v2\/product"}],"about":[{"href":"https:\/\/solgi.com\/fr\/wp-json\/wp\/v2\/types\/product"}],"wp:featuredmedia":[{"embeddable":true,"href":"https:\/\/solgi.com\/fr\/wp-json\/wp\/v2\/media\/3546"}],"wp:attachment":[{"href":"https:\/\/solgi.com\/fr\/wp-json\/wp\/v2\/media?parent=3538"}],"wp:term":[{"taxonomy":"product_cat","embeddable":true,"href":"https:\/\/solgi.com\/fr\/wp-json\/wp\/v2\/product_cat?post=3538"},{"taxonomy":"product_tag","embeddable":true,"href":"https:\/\/solgi.com\/fr\/wp-json\/wp\/v2\/product_tag?post=3538"}],"curies":[{"name":"wp","href":"https:\/\/api.w.org\/{rel}","templated":true}]}}