{"id":3550,"date":"2020-12-18T09:04:00","date_gmt":"2020-12-18T09:04:01","guid":{"rendered":"http:\/\/solgi.webtosell.es\/?post_type=product&#038;p=3550"},"modified":"2021-01-04T08:46:44","modified_gmt":"2021-01-04T08:46:44","slug":"fondant-en-poudre","status":"publish","type":"product","link":"https:\/\/solgi.com\/fr\/produit\/fondant-en-poudre\/","title":{"rendered":"Fondant en Poudre"},"content":{"rendered":"<h3>Recommandations d\u00b4utilisation<\/h3>\n<p style=\"font-weight: 400;\">Il peut \u00eatre utilis\u00e9 avec des enrobages de chocolat ou des colorants donnant un aspect brillant et stable. Pour application manuelle ainsi que pour tout type de machine industrielle (pistolet de pulv\u00e9risation, machines d&rsquo;enduction ou de rideau et cuves de maintenance)<\/p>\n<h3>Pr\u00e9sentation<\/h3>\n<p>&nbsp;<\/p>\n<h3>Information nutritionnelle<\/h3>\n<p>(Sur la base de 100 gr.) \n<table id=\"tablepress-267\" class=\"tablepress tablepress-id-267\">\n<tbody>\n<tr class=\"row-1 odd\">\n\t<td class=\"column-1\">Puissance<\/td><td class=\"column-2\">376kcal<\/td>\n<\/tr>\n<tr class=\"row-2 even\">\n\t<td class=\"column-1\">Graisses<\/td><td class=\"column-2\">0 g<\/td>\n<\/tr>\n<tr class=\"row-3 odd\">\n\t<td class=\"column-1\">Sucres<\/td><td class=\"column-2\">87 g<\/td>\n<\/tr>\n<tr class=\"row-4 even\">\n\t<td class=\"column-1\">Fibre<\/td><td class=\"column-2\">0 g<\/td>\n<\/tr>\n<tr class=\"row-5 odd\">\n\t<td class=\"column-1\">Prot\u00e9ine<\/td><td class=\"column-2\">0 gr<\/td>\n<\/tr>\n<tr class=\"row-6 even\">\n\t<td class=\"column-1\">Sel<\/td><td class=\"column-2\">0 g<\/td>\n<\/tr>\n<\/tbody>\n<\/table>\n<!-- #tablepress-267 from cache --><\/p>\n","protected":false},"excerpt":{"rendered":"<h3>Utilisation<\/h3>\n<p style=\"font-weight: 400;\">Le fondant en poudre est une alternative facile et simple pour d\u00e9corer et finir vos cr\u00e9ations p\u00e2tissi\u00e8res et p\u00e2tissi\u00e8res sans les inconv\u00e9nients du fondant traditionnel (stabilit\u00e9 de la gla\u00e7ure et manipulation).<\/p>\n<p>C&rsquo;est l&rsquo;ingr\u00e9dient id\u00e9al pour un gla\u00e7age professionnel et de haute qualit\u00e9, sans OGM ni gluten.<\/p>\n","protected":false},"featured_media":3650,"template":"","meta":[],"product_cat":[102],"product_tag":[],"_links":{"self":[{"href":"https:\/\/solgi.com\/fr\/wp-json\/wp\/v2\/product\/3550"}],"collection":[{"href":"https:\/\/solgi.com\/fr\/wp-json\/wp\/v2\/product"}],"about":[{"href":"https:\/\/solgi.com\/fr\/wp-json\/wp\/v2\/types\/product"}],"wp:featuredmedia":[{"embeddable":true,"href":"https:\/\/solgi.com\/fr\/wp-json\/wp\/v2\/media\/3650"}],"wp:attachment":[{"href":"https:\/\/solgi.com\/fr\/wp-json\/wp\/v2\/media?parent=3550"}],"wp:term":[{"taxonomy":"product_cat","embeddable":true,"href":"https:\/\/solgi.com\/fr\/wp-json\/wp\/v2\/product_cat?post=3550"},{"taxonomy":"product_tag","embeddable":true,"href":"https:\/\/solgi.com\/fr\/wp-json\/wp\/v2\/product_tag?post=3550"}],"curies":[{"name":"wp","href":"https:\/\/api.w.org\/{rel}","templated":true}]}}