{"id":3658,"date":"2021-01-13T07:50:51","date_gmt":"2021-01-13T07:50:51","guid":{"rendered":"http:\/\/solgi.webtosell.es\/?post_type=product&#038;p=3658"},"modified":"2021-01-13T15:23:59","modified_gmt":"2021-01-13T15:23:59","slug":"creme-de-lait-en-poudre","status":"publish","type":"product","link":"https:\/\/solgi.com\/fr\/produit\/creme-de-lait-en-poudre\/","title":{"rendered":"Cr\u00e8me de lait en poudre"},"content":{"rendered":"<h3>Pr\u00e9sentation<\/h3>\n<p>Seau de 6 kg.<\/p>\n<h3>Information nutritionnelle<\/h3>\n<p>(Sur la base de 100 gr.) \n<table id=\"tablepress-253\" class=\"tablepress tablepress-id-253\">\n<tbody>\n<tr class=\"row-1 odd\">\n\t<td class=\"column-1\">Puissance<\/td><td class=\"column-2\">149 Kcal<\/td>\n<\/tr>\n<tr class=\"row-2 even\">\n\t<td class=\"column-1\">Graisses<\/td><td class=\"column-2\">3,6 g<br \/>\n<br \/>\n<\/td>\n<\/tr>\n<tr class=\"row-3 odd\">\n\t<td class=\"column-1\">Graisses Sat<\/td><td class=\"column-2\">2,2 g<\/td>\n<\/tr>\n<tr class=\"row-4 even\">\n\t<td class=\"column-1\">Prot\u00e9ine<\/td><td class=\"column-2\">3,2 g<\/td>\n<\/tr>\n<tr class=\"row-5 odd\">\n\t<td class=\"column-1\">Sucres <\/td><td class=\"column-2\">15,5 g<\/td>\n<\/tr>\n<tr class=\"row-6 even\">\n\t<td class=\"column-1\">Fibre<\/td><td class=\"column-2\"><1 g<br \/>\n<br \/>\n<\/td>\n<\/tr>\n<tr class=\"row-7 odd\">\n\t<td class=\"column-1\">Sel<\/td><td class=\"column-2\">0,176 g<\/td>\n<\/tr>\n<\/tbody>\n<\/table>\n<!-- #tablepress-253 from cache --> \u00a0<\/p>\n","protected":false},"excerpt":{"rendered":"<h3>Utilisation<\/h3>\n<p>La cr\u00e8me de lait \u00e0 base de lait en poudre est une vari\u00e9t\u00e9 de cr\u00e8me p\u00e2tissi\u00e8re o\u00f9 la combinaison parfaite de saveur et de prix se retrouve dans le produit final du p\u00e2tissier.<\/p>\n","protected":false},"featured_media":3662,"template":"","meta":[],"product_cat":[94],"product_tag":[],"_links":{"self":[{"href":"https:\/\/solgi.com\/fr\/wp-json\/wp\/v2\/product\/3658"}],"collection":[{"href":"https:\/\/solgi.com\/fr\/wp-json\/wp\/v2\/product"}],"about":[{"href":"https:\/\/solgi.com\/fr\/wp-json\/wp\/v2\/types\/product"}],"wp:featuredmedia":[{"embeddable":true,"href":"https:\/\/solgi.com\/fr\/wp-json\/wp\/v2\/media\/3662"}],"wp:attachment":[{"href":"https:\/\/solgi.com\/fr\/wp-json\/wp\/v2\/media?parent=3658"}],"wp:term":[{"taxonomy":"product_cat","embeddable":true,"href":"https:\/\/solgi.com\/fr\/wp-json\/wp\/v2\/product_cat?post=3658"},{"taxonomy":"product_tag","embeddable":true,"href":"https:\/\/solgi.com\/fr\/wp-json\/wp\/v2\/product_tag?post=3658"}],"curies":[{"name":"wp","href":"https:\/\/api.w.org\/{rel}","templated":true}]}}