{"id":4077,"date":"2021-06-16T11:02:22","date_gmt":"2021-06-16T11:02:22","guid":{"rendered":"https:\/\/solgi.com\/product\/creme-de-cacao-avec-injection-de-noisettes\/"},"modified":"2021-06-16T11:02:22","modified_gmt":"2021-06-16T11:02:22","slug":"creme-de-cacao-avec-injection-de-noisettes","status":"publish","type":"product","link":"https:\/\/solgi.com\/fr\/produit\/creme-de-cacao-avec-injection-de-noisettes\/","title":{"rendered":"Cr\u00e8me de cacao avec injection de noisettes"},"content":{"rendered":"","protected":false},"excerpt":{"rendered":"<p>D\u00e9licieuse cr\u00e8me au cacao et aux noisettes, \u00e0 utiliser comme garniture ou en accompagnement. Dans de nombreux produits de boulangerie, id\u00e9al pour remplir les croissants napolitains, les garnitures de g\u00e2teaux, etc. Fabriqu\u00e9 sans huile de palme, avec un go\u00fbt caract\u00e9ristique de noisette diff\u00e9rent de celui du march\u00e9. Cube de 14 kg thermoscell\u00e9 avec 9 mois de consommation pr\u00e9f\u00e9rentielle.<\/p>\n","protected":false},"featured_media":4060,"template":"","meta":[],"product_cat":[125],"product_tag":[],"_links":{"self":[{"href":"https:\/\/solgi.com\/fr\/wp-json\/wp\/v2\/product\/4077"}],"collection":[{"href":"https:\/\/solgi.com\/fr\/wp-json\/wp\/v2\/product"}],"about":[{"href":"https:\/\/solgi.com\/fr\/wp-json\/wp\/v2\/types\/product"}],"wp:featuredmedia":[{"embeddable":true,"href":"https:\/\/solgi.com\/fr\/wp-json\/wp\/v2\/media\/4060"}],"wp:attachment":[{"href":"https:\/\/solgi.com\/fr\/wp-json\/wp\/v2\/media?parent=4077"}],"wp:term":[{"taxonomy":"product_cat","embeddable":true,"href":"https:\/\/solgi.com\/fr\/wp-json\/wp\/v2\/product_cat?post=4077"},{"taxonomy":"product_tag","embeddable":true,"href":"https:\/\/solgi.com\/fr\/wp-json\/wp\/v2\/product_tag?post=4077"}],"curies":[{"name":"wp","href":"https:\/\/api.w.org\/{rel}","templated":true}]}}