{"id":4083,"date":"2021-06-16T11:13:25","date_gmt":"2021-06-16T11:13:25","guid":{"rendered":"https:\/\/solgi.com\/product\/creme-de-caramel-a-utiliser-dans-les-biscuits-les-barres-energetiques-et-les-confiseries\/"},"modified":"2021-06-16T11:13:25","modified_gmt":"2021-06-16T11:13:25","slug":"creme-de-caramel-a-utiliser-dans-les-biscuits-les-barres-energetiques-et-les-confiseries","status":"publish","type":"product","link":"https:\/\/solgi.com\/fr\/produit\/creme-de-caramel-a-utiliser-dans-les-biscuits-les-barres-energetiques-et-les-confiseries\/","title":{"rendered":"Cr\u00e8me de caramel \u00e0 utiliser dans les biscuits, les barres \u00e9nerg\u00e9tiques et les confiseries."},"content":{"rendered":"","protected":false},"excerpt":{"rendered":"<p>Fournit l&rsquo;\u00e9tirement classique de ce produit.<\/p>\n<p>Fabriqu\u00e9 sans conservateurs de grande durabilit\u00e9 gr\u00e2ce \u00e0 l&rsquo;absence d&rsquo;humidit\u00e9.<\/p>\n<p>Il doit \u00eatre l\u00e9g\u00e8rement chauff\u00e9 pour son application (micro-ondes, bain-marie, etc.).<\/p>\n<p>Emballage thermosoud\u00e9 de 3,5 kg avec un an de consommation pr\u00e9f\u00e9rentielle.<\/p>\n","protected":false},"featured_media":4073,"template":"","meta":[],"product_cat":[48],"product_tag":[],"_links":{"self":[{"href":"https:\/\/solgi.com\/fr\/wp-json\/wp\/v2\/product\/4083"}],"collection":[{"href":"https:\/\/solgi.com\/fr\/wp-json\/wp\/v2\/product"}],"about":[{"href":"https:\/\/solgi.com\/fr\/wp-json\/wp\/v2\/types\/product"}],"wp:featuredmedia":[{"embeddable":true,"href":"https:\/\/solgi.com\/fr\/wp-json\/wp\/v2\/media\/4073"}],"wp:attachment":[{"href":"https:\/\/solgi.com\/fr\/wp-json\/wp\/v2\/media?parent=4083"}],"wp:term":[{"taxonomy":"product_cat","embeddable":true,"href":"https:\/\/solgi.com\/fr\/wp-json\/wp\/v2\/product_cat?post=4083"},{"taxonomy":"product_tag","embeddable":true,"href":"https:\/\/solgi.com\/fr\/wp-json\/wp\/v2\/product_tag?post=4083"}],"curies":[{"name":"wp","href":"https:\/\/api.w.org\/{rel}","templated":true}]}}