{"id":4106,"date":"2022-05-03T15:02:38","date_gmt":"2022-05-03T15:02:38","guid":{"rendered":"https:\/\/solgi.com\/?post_type=product&#038;p=4106"},"modified":"2022-05-03T15:13:53","modified_gmt":"2022-05-03T15:13:53","slug":"cacahuetes-caramelisees-sucre-sel","status":"publish","type":"product","link":"https:\/\/solgi.com\/fr\/produit\/cacahuetes-caramelisees-sucre-sel\/","title":{"rendered":"Cacahu\u00e8tes caram\u00e9lis\u00e9es au sucre et au sel"},"content":{"rendered":"<h3>Recommandations d\u00b4utilisation<\/h3>\n<p>Bien que nos cacahu\u00e8tes soient parfaitement emball\u00e9es dans une atmosph\u00e8re protectrice pour \u00e9viter le rancissement et l&rsquo;absorption d&rsquo;humidit\u00e9, Solgi vous recommande de conserver le produit dans un endroit frais et sec.<\/p>\n<h3>Pr\u00e9sentation<\/h3>\n<p>Bo\u00eete de 10 kg (sacs de 1 kg) ;<\/p>\n<p>Seau de 3,5 kg ;<\/p>\n<p>Bo\u00eete de 10 kg (sacs de 5 kg) ;<\/p>\n<p>Bo\u00eete de 6 kg (seaux de 1 kg).<\/p>\n<p>Conteneur de 400 kg<\/p>\n<h3>Information nutritionnelle<\/h3>\n<p>(Sur la base de 100 gr.)<\/p>\n\n<table id=\"tablepress-280\" class=\"tablepress tablepress-id-280\">\n<tbody>\n<tr class=\"row-1 odd\">\n\t<td class=\"column-1\">Energ\u00eda<\/td><td class=\"column-2\">549 kcal<\/td>\n<\/tr>\n<tr class=\"row-2 even\">\n\t<td class=\"column-1\">Grasas<\/td><td class=\"column-2\">37,7 g<br \/>\n<\/td>\n<\/tr>\n<tr class=\"row-3 odd\">\n\t<td class=\"column-1\">Grasas Sat<\/td><td class=\"column-2\">5,20 g<\/td>\n<\/tr>\n<tr class=\"row-4 even\">\n\t<td class=\"column-1\">Az\u00facares<\/td><td class=\"column-2\">14.9 g<\/td>\n<\/tr>\n<tr class=\"row-5 odd\">\n\t<td class=\"column-1\">Prote\u00ednas<\/td><td class=\"column-2\">22,60 g<\/td>\n<\/tr>\n<tr class=\"row-6 even\">\n\t<td class=\"column-1\">Sal<\/td><td class=\"column-2\">0.113 g<\/td>\n<\/tr>\n<\/tbody>\n<\/table>\n<!-- #tablepress-280 from cache -->\n","protected":false},"excerpt":{"rendered":"<h3>Utilisation<\/h3>\n<p>Nos savoureuses cacahu\u00e8tes caram\u00e9lis\u00e9es sont fabriqu\u00e9es \u00e0 partir d&rsquo;une s\u00e9lection minutieuse de cacahu\u00e8tes enrob\u00e9es de sucre et de sel.<\/p>\n<p>Avec peu de sucre ajout\u00e9, id\u00e9al pour les m\u00e9langes avec les glaces, les chocolats, et comme base de g\u00e2teau dans les p\u00e2tes \u00e0 tartiner grasses.<\/p>\n<h3><strong>Avantages<\/strong><\/h3>\n<p>Comme il s&rsquo;agit d&rsquo;un produit fabriqu\u00e9 avec les m\u00eames mati\u00e8res premi\u00e8res que celles utilis\u00e9es dans les boulangeries traditionnelles et avec l&rsquo;avantage que le produit est pr\u00eat \u00e0 l&#8217;emploi, vous \u00eates \u00e9pargn\u00e9 par les bouleversements du processus de production, les dangers de contamination, etc.<\/p>\n<p>Vous pouvez \u00eatre s\u00fbr que vous travaillez avec un produit conforme \u00e0 toutes les normes de qualit\u00e9.<\/p>\n","protected":false},"featured_media":4110,"template":"","meta":[],"product_cat":[74],"product_tag":[],"_links":{"self":[{"href":"https:\/\/solgi.com\/fr\/wp-json\/wp\/v2\/product\/4106"}],"collection":[{"href":"https:\/\/solgi.com\/fr\/wp-json\/wp\/v2\/product"}],"about":[{"href":"https:\/\/solgi.com\/fr\/wp-json\/wp\/v2\/types\/product"}],"wp:featuredmedia":[{"embeddable":true,"href":"https:\/\/solgi.com\/fr\/wp-json\/wp\/v2\/media\/4110"}],"wp:attachment":[{"href":"https:\/\/solgi.com\/fr\/wp-json\/wp\/v2\/media?parent=4106"}],"wp:term":[{"taxonomy":"product_cat","embeddable":true,"href":"https:\/\/solgi.com\/fr\/wp-json\/wp\/v2\/product_cat?post=4106"},{"taxonomy":"product_tag","embeddable":true,"href":"https:\/\/solgi.com\/fr\/wp-json\/wp\/v2\/product_tag?post=4106"}],"curies":[{"name":"wp","href":"https:\/\/api.w.org\/{rel}","templated":true}]}}