{"id":4198,"date":"2023-07-27T09:54:40","date_gmt":"2023-07-27T09:54:40","guid":{"rendered":"https:\/\/solgi.com\/product\/noisette-entiere-caramelisee\/"},"modified":"2023-07-31T12:31:13","modified_gmt":"2023-07-31T12:31:13","slug":"noisette-entiere-caramelisee","status":"publish","type":"product","link":"https:\/\/solgi.com\/fr\/produit\/noisette-entiere-caramelisee\/","title":{"rendered":"Noisette enti\u00e8re caram\u00e9lis\u00e9e"},"content":{"rendered":"<p>CARACT\u00c9RISTIQUES NUTRITIONNELLES<\/p>\n<p>ANALYSE DESCRIPTION<\/p>\n<p>Mati\u00e8res grasses (g\/100g) 60,75<\/p>\n<p>Dont acides gras satur\u00e9s (g\/100g) 4,46<\/p>\n<p>Prot\u00e9ines (g\/100g) 14,95<\/p>\n<p>Glucides (g\/100g) 22,93<\/p>\n<p>Dont sucres (g\/100g) 20,27<\/p>\n<p>Sel (g\/100g) &lt; 0,1<\/p>\n<p>Fibres (g\/100g) 9,7<\/p>\n<p>Valeur \u00e9nerg\u00e9tique (Kcal\/100g)(KJ\/100g) 717,662 Kcal\/ 3002,7 KJ<\/p>\n","protected":false},"excerpt":{"rendered":"<p>Noisette enti\u00e8re caram\u00e9lis\u00e9e<\/p>\n<p>Pr\u00e9sentation : Bo\u00eete de 10 kg, Sac de 5 kg<\/p>\n","protected":false},"featured_media":4159,"template":"","meta":[],"product_cat":[138],"product_tag":[],"_links":{"self":[{"href":"https:\/\/solgi.com\/fr\/wp-json\/wp\/v2\/product\/4198"}],"collection":[{"href":"https:\/\/solgi.com\/fr\/wp-json\/wp\/v2\/product"}],"about":[{"href":"https:\/\/solgi.com\/fr\/wp-json\/wp\/v2\/types\/product"}],"wp:featuredmedia":[{"embeddable":true,"href":"https:\/\/solgi.com\/fr\/wp-json\/wp\/v2\/media\/4159"}],"wp:attachment":[{"href":"https:\/\/solgi.com\/fr\/wp-json\/wp\/v2\/media?parent=4198"}],"wp:term":[{"taxonomy":"product_cat","embeddable":true,"href":"https:\/\/solgi.com\/fr\/wp-json\/wp\/v2\/product_cat?post=4198"},{"taxonomy":"product_tag","embeddable":true,"href":"https:\/\/solgi.com\/fr\/wp-json\/wp\/v2\/product_tag?post=4198"}],"curies":[{"name":"wp","href":"https:\/\/api.w.org\/{rel}","templated":true}]}}