{"id":4206,"date":"2023-07-27T09:54:40","date_gmt":"2023-07-27T09:54:40","guid":{"rendered":"https:\/\/solgi.com\/product\/amande-caramelisee\/"},"modified":"2023-07-31T12:31:19","modified_gmt":"2023-07-31T12:31:19","slug":"amande-caramelisee","status":"publish","type":"product","link":"https:\/\/solgi.com\/fr\/produit\/amande-caramelisee\/","title":{"rendered":"Amande caram\u00e9lis\u00e9e"},"content":{"rendered":"<p>CARACT\u00c9RISTIQUES NUTRITIONNELLES<\/p>\n<p>ANALYSE DESCRIPTION<\/p>\n<p>Mati\u00e8res grasses (g\/100g) 38,50<\/p>\n<p>Dont acides gras satur\u00e9s (g\/100g) 3,08<\/p>\n<p>Prot\u00e9ines (g\/100g) 16,80<\/p>\n<p>Glucides (g\/100g) 33,01<\/p>\n<p>Dont sucres (g\/100g) 32,80<\/p>\n<p>Fibres alimentaires (g\/100g) 7,00<\/p>\n<p>Sel (g\/100g) 0,014<\/p>\n<p>Valeur \u00e9nerg\u00e9tique (Kcal\/100g) (KJ\/100g) 537,832 \/ 2251,79<\/p>\n","protected":false},"excerpt":{"rendered":"<p>Amande caram\u00e9lis\u00e9e<\/p>\n<p>Pr\u00e9sentation : Bo\u00eete de 10 kg, Sac de 5 kg<\/p>\n","protected":false},"featured_media":4163,"template":"","meta":[],"product_cat":[138],"product_tag":[],"_links":{"self":[{"href":"https:\/\/solgi.com\/fr\/wp-json\/wp\/v2\/product\/4206"}],"collection":[{"href":"https:\/\/solgi.com\/fr\/wp-json\/wp\/v2\/product"}],"about":[{"href":"https:\/\/solgi.com\/fr\/wp-json\/wp\/v2\/types\/product"}],"wp:featuredmedia":[{"embeddable":true,"href":"https:\/\/solgi.com\/fr\/wp-json\/wp\/v2\/media\/4163"}],"wp:attachment":[{"href":"https:\/\/solgi.com\/fr\/wp-json\/wp\/v2\/media?parent=4206"}],"wp:term":[{"taxonomy":"product_cat","embeddable":true,"href":"https:\/\/solgi.com\/fr\/wp-json\/wp\/v2\/product_cat?post=4206"},{"taxonomy":"product_tag","embeddable":true,"href":"https:\/\/solgi.com\/fr\/wp-json\/wp\/v2\/product_tag?post=4206"}],"curies":[{"name":"wp","href":"https:\/\/api.w.org\/{rel}","templated":true}]}}