{"id":4316,"date":"2026-02-05T09:41:33","date_gmt":"2026-02-05T09:41:33","guid":{"rendered":"https:\/\/solgi.com\/?post_type=product&#038;p=4316"},"modified":"2026-02-10T10:50:59","modified_gmt":"2026-02-10T10:50:59","slug":"sucre-glace-anti-humidite","status":"publish","type":"product","link":"https:\/\/solgi.com\/fr\/produit\/sucre-glace-anti-humidite\/","title":{"rendered":"Sucre Glace Anti-humidit\u00e9"},"content":{"rendered":"<p>Il est utilis\u00e9 pour saupoudrer, enrober ou d\u00e9corer les p\u00e2tisseries.<\/p>\n<p>Sucre glace anti-humidit\u00e9 de qualit\u00e9 sup\u00e9rieure, id\u00e9al pour la p\u00e2tisserie.<\/p>\n<p>\u00c0 conserver dans un endroit frais et sec.<\/p>\n<p>Conseils d&rsquo;utilisation : Saupoudrer directement sur les p\u00e2tisseries. Il est recommand\u00e9 de laisser refroidir les pr\u00e9parations avant le recouvrement.<\/p>\n<div class=\"text-base my-auto mx-auto [--thread-content-margin:--spacing(4)] @w-sm\/main:[--thread-content-margin:--spacing(6)] @w-lg\/main:[--thread-content-margin:--spacing(16)] px-(--thread-content-margin)\">\n<div class=\"[--thread-content-max-width:40rem] @w-lg\/main:[--thread-content-max-width:48rem] mx-auto max-w-(--thread-content-max-width) flex-1 group\/turn-messages focus-visible:outline-hidden relative flex w-full min-w-0 flex-col agent-turn\" tabindex=\"-1\">\n<div class=\"flex max-w-full flex-col grow\">\n<div class=\"min-h-8 text-message relative flex w-full flex-col items-end gap-2 text-start break-words whitespace-normal [.text-message+&amp;]:mt-1\" dir=\"auto\" data-message-author-role=\"assistant\" data-message-id=\"80b0182b-c02f-4708-afd0-0dd5c2200024\" data-message-model-slug=\"gpt-5-2\">\n<div class=\"flex w-full flex-col gap-1 empty:hidden first:pt-[1px]\">\n<div class=\"markdown prose dark:prose-invert w-full wrap-break-word light markdown-new-styling\">\n<p data-start=\"0\" data-end=\"11\" data-is-last-node=\"\" data-is-only-node=\"\">Sac de 5 kg<\/p>\n<\/div>\n<\/div>\n<\/div>\n<\/div>\n<\/div>\n<\/div>\n","protected":false},"excerpt":{"rendered":"<p>Texture tr\u00e8s fine avec des additifs qui aident \u00e0 \u00e9viter que le sucre lui-m\u00eame ne s\u2019humidifie sur le produit final (g\u00e2teaux imbib\u00e9s de sucre, cappuccinos\u2026).<\/p>\n<p>Sac de 5 kg<\/p>\n","protected":false},"featured_media":4320,"template":"","meta":[],"product_cat":[98],"product_tag":[],"_links":{"self":[{"href":"https:\/\/solgi.com\/fr\/wp-json\/wp\/v2\/product\/4316"}],"collection":[{"href":"https:\/\/solgi.com\/fr\/wp-json\/wp\/v2\/product"}],"about":[{"href":"https:\/\/solgi.com\/fr\/wp-json\/wp\/v2\/types\/product"}],"wp:featuredmedia":[{"embeddable":true,"href":"https:\/\/solgi.com\/fr\/wp-json\/wp\/v2\/media\/4320"}],"wp:attachment":[{"href":"https:\/\/solgi.com\/fr\/wp-json\/wp\/v2\/media?parent=4316"}],"wp:term":[{"taxonomy":"product_cat","embeddable":true,"href":"https:\/\/solgi.com\/fr\/wp-json\/wp\/v2\/product_cat?post=4316"},{"taxonomy":"product_tag","embeddable":true,"href":"https:\/\/solgi.com\/fr\/wp-json\/wp\/v2\/product_tag?post=4316"}],"curies":[{"name":"wp","href":"https:\/\/api.w.org\/{rel}","templated":true}]}}