{"id":669,"date":"2020-02-21T08:50:04","date_gmt":"2020-02-21T08:50:05","guid":{"rendered":"http:\/\/solgi.webtosell.es\/?post_type=product&#038;p=669"},"modified":"2020-04-06T08:53:20","modified_gmt":"2020-04-06T08:53:20","slug":"jaune-sans-sucres-ajoutes","status":"publish","type":"product","link":"https:\/\/solgi.com\/fr\/produit\/jaune-sans-sucres-ajoutes\/","title":{"rendered":"Jaune Sans Sucres Ajout\u00e9s"},"content":{"rendered":"<h3>Information nutritionnelle<\/h3>\n<p>(Sur la base de 100 gr.)<\/p>\n\n<table id=\"tablepress-20\" class=\"tablepress tablepress-id-20\">\n<tbody>\n<tr class=\"row-1 odd\">\n\t<td class=\"column-1\">Puissance<\/td><td class=\"column-2\">81.14 kcal<\/td>\n<\/tr>\n<tr class=\"row-2 even\">\n\t<td class=\"column-1\">Graisses<\/td><td class=\"column-2\">4.74 g<\/td>\n<\/tr>\n<tr class=\"row-3 odd\">\n\t<td class=\"column-1\">Graisses Sat<\/td><td class=\"column-2\">1.29 g<\/td>\n<\/tr>\n<tr class=\"row-4 even\">\n\t<td class=\"column-1\">Prot\u00e9ine<\/td><td class=\"column-2\">4.97g<\/td>\n<\/tr>\n<tr class=\"row-5 odd\">\n\t<td class=\"column-1\">Sucres<\/td><td class=\"column-2\">\t0 g<\/td>\n<\/tr>\n<tr class=\"row-6 even\">\n\t<td class=\"column-1\">Sel<\/td><td class=\"column-2\">0,14 g<\/td>\n<\/tr>\n<\/tbody>\n<\/table>\n<!-- #tablepress-20 from cache -->\n","protected":false},"excerpt":{"rendered":"<h3>Description<\/h3>\n<p>Le jaune confit sans sucres ajout\u00e9s est un produit similaire au jaune confit traditionnel compos\u00e9 d&rsquo;\u0153ufs entiers et d&rsquo;\u00e9dulcorants. Convient aux diab\u00e9tiques et fortement recommand\u00e9 pour son faible niveau calorique. Il est utilis\u00e9 principalement dans la d\u00e9coration des g\u00e2teaux. Application facile gr\u00e2ce \u00e0 l&rsquo;utilisation de la palette ou du manchon en raison de sa texture caract\u00e9ristique.<\/p>\n","protected":false},"featured_media":673,"template":"","meta":[],"product_cat":[43],"product_tag":[],"_links":{"self":[{"href":"https:\/\/solgi.com\/fr\/wp-json\/wp\/v2\/product\/669"}],"collection":[{"href":"https:\/\/solgi.com\/fr\/wp-json\/wp\/v2\/product"}],"about":[{"href":"https:\/\/solgi.com\/fr\/wp-json\/wp\/v2\/types\/product"}],"wp:featuredmedia":[{"embeddable":true,"href":"https:\/\/solgi.com\/fr\/wp-json\/wp\/v2\/media\/673"}],"wp:attachment":[{"href":"https:\/\/solgi.com\/fr\/wp-json\/wp\/v2\/media?parent=669"}],"wp:term":[{"taxonomy":"product_cat","embeddable":true,"href":"https:\/\/solgi.com\/fr\/wp-json\/wp\/v2\/product_cat?post=669"},{"taxonomy":"product_tag","embeddable":true,"href":"https:\/\/solgi.com\/fr\/wp-json\/wp\/v2\/product_tag?post=669"}],"curies":[{"name":"wp","href":"https:\/\/api.w.org\/{rel}","templated":true}]}}