{"id":682,"date":"2020-02-21T09:01:15","date_gmt":"2020-02-21T09:01:15","guid":{"rendered":"http:\/\/solgi.webtosell.es\/?post_type=product&#038;p=682"},"modified":"2021-01-04T12:14:59","modified_gmt":"2021-01-04T12:14:59","slug":"confiture-doeuf-congelation","status":"publish","type":"product","link":"https:\/\/solgi.com\/fr\/produit\/confiture-doeuf-congelation\/","title":{"rendered":"Confiture d&rsquo;Oeuf Cong\u00e9lation"},"content":{"rendered":"<h3>Recommandations d\u00b4utilisation<\/h3>\n<p>Une fois que l\u2019emballage est ouvert, retirer la quantit\u00e9 \u00e0 utiliser durant le processus de fabrication. Couvrir le reste du produit avec du papier paraffin\u00e9 pour une meilleure conservation. Nous vous recommandons d\u2019utiliser les pratiques d&rsquo;hygi\u00e8ne et de manipulation obligatoires. N\u2019EXIGE PAS DE R\u00c9FREGIRATION, mais nous recommandons de stocker le produit dans un endroit frais et sec.<\/p>\n<h3>Pr\u00e9sentation:<\/h3>\n<p>Cubes\u00a0en plastique thermos-scell\u00e9s de 1.9 kg (6 unit\u00e9s) 5,8kg ; 7 kg et 14 kg.<\/p>\n<h3>Information nutritionnelle<\/h3>\n<p>(Sur la base de 100 gr.) \n<table id=\"tablepress-16\" class=\"tablepress tablepress-id-16\">\n<tbody>\n<tr class=\"row-1 odd\">\n\t<td class=\"column-1\">Puissance<\/td><td class=\"column-2\"> 232 kcal<\/td>\n<\/tr>\n<tr class=\"row-2 even\">\n\t<td class=\"column-1\">Graisses<\/td><td class=\"column-2\">2.2 g<\/td>\n<\/tr>\n<tr class=\"row-3 odd\">\n\t<td class=\"column-1\">Graisses Sat<\/td><td class=\"column-2\"> 0.8 g<\/td>\n<\/tr>\n<tr class=\"row-4 even\">\n\t<td class=\"column-1\">Prot\u00e9ine<\/td><td class=\"column-2\"> 3.2 g<\/td>\n<\/tr>\n<tr class=\"row-5 odd\">\n\t<td class=\"column-1\">Sucres<\/td><td class=\"column-2\"> 45.5 g<\/td>\n<\/tr>\n<tr class=\"row-6 even\">\n\t<td class=\"column-1\">Sel<\/td><td class=\"column-2\">0.25 g<\/td>\n<\/tr>\n<\/tbody>\n<\/table>\n<!-- #tablepress-16 from cache --><\/p>\n","protected":false},"excerpt":{"rendered":"<h3>Utilisation<\/h3>\n<p>La confiture d&rsquo;\u0153ufs qui convient \u00e0 la cong\u00e9lation est un produit \u00e9labor\u00e9 a partir d\u2019\u0153uf entier, sucre et sirop de glucose, utilis\u00e9 principalement dans les processus industriels qui n\u00e9cessitent de congeler le g\u00e2teau pour \u00e9viter le d\u00e9pe\u00e7age du jaune d\u2019\u0153uf. Gr\u00e2ce a sa texture sp\u00e9ciale l\u2019application du produit est facile \u00e0 l\u2019aide d\u2019une spatule ou d\u2019une poche a douille.<\/p>\n<h3>Avantages<\/h3>\n<p>Ce produit a \u00e9t\u00e9 \u00e9labor\u00e9 avec les m\u00eames mati\u00e8res premi\u00e8res utilis\u00e9es dans les ateliers traditionnels. Il est pr\u00eat \u00e0 l\u2019emploi ce qui vous \u00e9vite toutes les contraintes dues a ce processus (, perturbation dans le cassage des oeufs, danger d\u2019intoxication\u2026etc.) Veuillez vous assurer que le produit avec lequel vous travaillez r\u00e9ponde a toutes les exigences d\u2019hygi\u00e8ne et de qualit\u00e9.<\/p>\n","protected":false},"featured_media":690,"template":"","meta":[],"product_cat":[43],"product_tag":[],"_links":{"self":[{"href":"https:\/\/solgi.com\/fr\/wp-json\/wp\/v2\/product\/682"}],"collection":[{"href":"https:\/\/solgi.com\/fr\/wp-json\/wp\/v2\/product"}],"about":[{"href":"https:\/\/solgi.com\/fr\/wp-json\/wp\/v2\/types\/product"}],"wp:featuredmedia":[{"embeddable":true,"href":"https:\/\/solgi.com\/fr\/wp-json\/wp\/v2\/media\/690"}],"wp:attachment":[{"href":"https:\/\/solgi.com\/fr\/wp-json\/wp\/v2\/media?parent=682"}],"wp:term":[{"taxonomy":"product_cat","embeddable":true,"href":"https:\/\/solgi.com\/fr\/wp-json\/wp\/v2\/product_cat?post=682"},{"taxonomy":"product_tag","embeddable":true,"href":"https:\/\/solgi.com\/fr\/wp-json\/wp\/v2\/product_tag?post=682"}],"curies":[{"name":"wp","href":"https:\/\/api.w.org\/{rel}","templated":true}]}}