{"id":706,"date":"2020-02-21T09:23:47","date_gmt":"2020-02-21T09:23:47","guid":{"rendered":"http:\/\/solgi.webtosell.es\/?post_type=product&#038;p=706"},"modified":"2021-01-04T12:16:23","modified_gmt":"2021-01-04T12:16:23","slug":"jaune-de-la-decoration","status":"publish","type":"product","link":"https:\/\/solgi.com\/fr\/produit\/jaune-de-la-decoration\/","title":{"rendered":"Jaune de la d\u00e9coration"},"content":{"rendered":"<h3>Recommandations d\u00b4utilisation<\/h3>\n<p>Une fois que l\u2019emballage est ouvert, retirer la quantit\u00e9 \u00e0 utiliser durant le processus de fabrication. Couvrir le reste du produit avec du papier paraffin\u00e9 pour une meilleure conservation. Nous vous recommandons d\u2019utiliser les pratiques d&rsquo;hygi\u00e8ne et de manipulation obligatoires. Nous recommandons de stocker le produit dans un endroit frais et sec.<\/p>\n<h3>Pr\u00e9sentation<\/h3>\n<p>Cube\u00a0en plastique thermos-scell\u00e9 de 7 kg.<\/p>\n<h3>Information nutritionnelle<\/h3>\n<p>(Sur la base de 100 gr.) \n<table id=\"tablepress-12\" class=\"tablepress tablepress-id-12\">\n<tbody>\n<tr class=\"row-1 odd\">\n\t<td class=\"column-1\">Puissance<\/td><td class=\"column-2\">251 kcal<\/td>\n<\/tr>\n<tr class=\"row-2 even\">\n\t<td class=\"column-1\">Graisses<\/td><td class=\"column-2\">4.5 g<\/td>\n<\/tr>\n<tr class=\"row-3 odd\">\n\t<td class=\"column-1\">Graisses Sat<\/td><td class=\"column-2\"> 1.9 g<\/td>\n<\/tr>\n<tr class=\"row-4 even\">\n\t<td class=\"column-1\">Prot\u00e9ine<\/td><td class=\"column-2\">< 2 g<\/td>\n<\/tr>\n<tr class=\"row-5 odd\">\n\t<td class=\"column-1\">Sucres<\/td><td class=\"column-2\">44.3 g<\/td>\n<\/tr>\n<tr class=\"row-6 even\">\n\t<td class=\"column-1\">Sel<\/td><td class=\"column-2\">0.06 g<\/td>\n<\/tr>\n<\/tbody>\n<\/table>\n<!-- #tablepress-12 from cache --><\/p>\n","protected":false},"excerpt":{"rendered":"<h3>Utilisation<\/h3>\n<p>Le jaune de la d\u00e9coration, est un produit fait \u00e0 partir de \u0153ufs entiers, sucre, sirop de glucose, mati\u00e8re grasse v\u00e9g\u00e9tale, amidon, correcteur d\u2019acidit\u00e9 et sorbate de potassium. Application facile en raison de sa texture caract\u00e9ristique. Est qu&rsquo;il dos\u00e9 confortablement lorsque nous chauffer et se solidifie rapidement lorsqu\u2019il refroidit le produit.<\/p>\n<h3>Avantages<\/h3>\n<p>Ce produit a \u00e9t\u00e9 \u00e9labor\u00e9 avec les m\u00eames mati\u00e8res premi\u00e8res utilis\u00e9es dans les ateliers traditionnels. Il est pr\u00eat \u00e0 l\u2019emploi ce qui vous \u00e9vite toutes les contraintes dues a ce processus \u00a0( perturbation dans le cassage des oeufs, danger d\u2019intoxication\u2026etc.) Veuillez vous assurer que le produit avec lequel vous travaillez r\u00e9ponde a toutes les exigences d\u2019hygi\u00e8ne et de qualit\u00e9.<\/p>\n","protected":false},"featured_media":718,"template":"","meta":[],"product_cat":[43],"product_tag":[],"_links":{"self":[{"href":"https:\/\/solgi.com\/fr\/wp-json\/wp\/v2\/product\/706"}],"collection":[{"href":"https:\/\/solgi.com\/fr\/wp-json\/wp\/v2\/product"}],"about":[{"href":"https:\/\/solgi.com\/fr\/wp-json\/wp\/v2\/types\/product"}],"wp:featuredmedia":[{"embeddable":true,"href":"https:\/\/solgi.com\/fr\/wp-json\/wp\/v2\/media\/718"}],"wp:attachment":[{"href":"https:\/\/solgi.com\/fr\/wp-json\/wp\/v2\/media?parent=706"}],"wp:term":[{"taxonomy":"product_cat","embeddable":true,"href":"https:\/\/solgi.com\/fr\/wp-json\/wp\/v2\/product_cat?post=706"},{"taxonomy":"product_tag","embeddable":true,"href":"https:\/\/solgi.com\/fr\/wp-json\/wp\/v2\/product_tag?post=706"}],"curies":[{"name":"wp","href":"https:\/\/api.w.org\/{rel}","templated":true}]}}