{"id":734,"date":"2020-02-21T10:40:46","date_gmt":"2020-02-21T10:40:47","guid":{"rendered":"http:\/\/solgi.webtosell.es\/?post_type=product&#038;p=734"},"modified":"2020-04-06T07:11:29","modified_gmt":"2020-04-06T07:11:29","slug":"jaune-doeuf-confit-liquide","status":"publish","type":"product","link":"https:\/\/solgi.com\/fr\/produit\/jaune-doeuf-confit-liquide\/","title":{"rendered":"Jaune d&rsquo;Oeuf Confit Liquide"},"content":{"rendered":"<h3>Recommandations d\u00b4utilisation:<\/h3>\n<p>Une fois que l\u2019emballage est ouvert, retirer la quantit\u00e9 \u00e0 utiliser durant le processus de fabrication. Couvrir le reste du produit avec du papier paraffin\u00e9 pour une meilleure conservation.<br \/>\nNous vous recommandons d\u2019utiliser les pratiques d&rsquo;hygi\u00e8ne et de manipulation obligatoires. N\u2019EXIGE PAS DE R\u00c9FREGIRATION, mais nous recommandons de stocker le produit dans un endroit frais et sec.<\/p>\n<h3>Pr\u00e9sentation:<\/h3>\n<p>Cube en plastique thermo-sc\u00e9ll\u00e9 de 7 kg.<\/p>\n<h3>Information nutritionnelle<\/h3>\n<p>(Sur la base de 100 gr.)<\/p>\n\n<table id=\"tablepress-8\" class=\"tablepress tablepress-id-8\">\n<tbody>\n<tr class=\"row-1 odd\">\n\t<td class=\"column-1\">Puissance<\/td><td class=\"column-2\">378 kcal<\/td>\n<\/tr>\n<tr class=\"row-2 even\">\n\t<td class=\"column-1\">Graisses<\/td><td class=\"column-2\">13 g<\/td>\n<\/tr>\n<tr class=\"row-3 odd\">\n\t<td class=\"column-1\">Graisses Sat<\/td><td class=\"column-2\">1.84 g<\/td>\n<\/tr>\n<tr class=\"row-4 even\">\n\t<td class=\"column-1\">Prot\u00e9ine<\/td><td class=\"column-2\">7.5 g<\/td>\n<\/tr>\n<tr class=\"row-5 odd\">\n\t<td class=\"column-1\">Sucres<\/td><td class=\"column-2\">41 g<\/td>\n<\/tr>\n<tr class=\"row-6 even\">\n\t<td class=\"column-1\">Sel<\/td><td class=\"column-2\">0.125 g<\/td>\n<\/tr>\n<\/tbody>\n<\/table>\n<!-- #tablepress-8 from cache -->\n","protected":false},"excerpt":{"rendered":"<h3>Utilisation:<\/h3>\n<p>Le jaune d\u2019\u0153uf confit liquide es un produit traditionnel \u00e9labor\u00e9 a partir de jaune d\u2019\u0153uf, sucre et sirop de glucose. S\u2019utilise fondamentalement dans la d\u00e9coration des g\u00e2teaux dans tous les ateliers de p\u00e2tisserie qui cherchent \u00e0 donner une touche d\u2019originalit\u00e9 et de qualit\u00e9 a ses produits.<\/p>\n<h3>Avantages<strong>:<\/strong><\/h3>\n<p>Ce produit a \u00e9t\u00e9 \u00e9labor\u00e9 avec les m\u00eames mati\u00e8res premi\u00e8res utilis\u00e9es dans les ateliers traditionnels. Il est pr\u00eat \u00e0 l\u2019emploi ce qui vous \u00e9vite toutes les contraintes dues a ce processus (, perturbation dans le cassage des oeufs, danger d\u2019intoxication\u2026etc.)<br \/>\nVeuillez vous assurer que le produit avec lequel vous travaillez r\u00e9ponde a toutes les exigences d\u2019hygi\u00e8ne et de qualit\u00e9.<\/p>\n","protected":false},"featured_media":738,"template":"","meta":[],"product_cat":[43],"product_tag":[],"_links":{"self":[{"href":"https:\/\/solgi.com\/fr\/wp-json\/wp\/v2\/product\/734"}],"collection":[{"href":"https:\/\/solgi.com\/fr\/wp-json\/wp\/v2\/product"}],"about":[{"href":"https:\/\/solgi.com\/fr\/wp-json\/wp\/v2\/types\/product"}],"wp:featuredmedia":[{"embeddable":true,"href":"https:\/\/solgi.com\/fr\/wp-json\/wp\/v2\/media\/738"}],"wp:attachment":[{"href":"https:\/\/solgi.com\/fr\/wp-json\/wp\/v2\/media?parent=734"}],"wp:term":[{"taxonomy":"product_cat","embeddable":true,"href":"https:\/\/solgi.com\/fr\/wp-json\/wp\/v2\/product_cat?post=734"},{"taxonomy":"product_tag","embeddable":true,"href":"https:\/\/solgi.com\/fr\/wp-json\/wp\/v2\/product_tag?post=734"}],"curies":[{"name":"wp","href":"https:\/\/api.w.org\/{rel}","templated":true}]}}