{"id":758,"date":"2020-02-21T11:05:39","date_gmt":"2020-02-21T11:05:39","guid":{"rendered":"http:\/\/solgi.webtosell.es\/?post_type=product&#038;p=758"},"modified":"2021-01-04T12:17:21","modified_gmt":"2021-01-04T12:17:21","slug":"jaune-doeuf-dur","status":"publish","type":"product","link":"https:\/\/solgi.com\/fr\/produit\/jaune-doeuf-dur\/","title":{"rendered":"Jaune d\u2019oeuf dur"},"content":{"rendered":"<h3>Recommandations d\u00b4utilisation<\/h3>\n<p>Une fois que l\u2019emballage est ouvert, retirer la quantit\u00e9 \u00e0 utiliser durant le processus de fabrication. Couvrir le reste du produit avec du papier paraffin\u00e9 pour une meilleure conservation. Nous vous recommandons d\u2019utiliser les pratiques d&rsquo;hygi\u00e8ne et de manipulation obligatoires. Nous recommandons de stocker le produit dans un endroit frais et sec.<\/p>\n<h3>Pr\u00e9sentation<\/h3>\n<p>Cube\u00a0en plastique thermos-scell\u00e9 de\u00a07 kg.<\/p>\n<h3>Information nutritionnelle<\/h3>\n<p>(Sur la base de 100 gr.) \n<table id=\"tablepress-4\" class=\"tablepress tablepress-id-4\">\n<tbody>\n<tr class=\"row-1 odd\">\n\t<td class=\"column-1\">Puissance<\/td><td class=\"column-2\">387 kcal<\/td>\n<\/tr>\n<tr class=\"row-2 even\">\n\t<td class=\"column-1\">Graisses<\/td><td class=\"column-2\">12.4 g<\/td>\n<\/tr>\n<\/tbody>\n<\/table>\n<!-- #tablepress-4 from cache --><\/p>\n","protected":false},"excerpt":{"rendered":"<h3>Utilisation<\/h3>\n<p>Le jaune d\u2019oeuf dur, est un produit traditionnel fabriqu\u00e9 \u00e0 partir le jaune de \u0153uf, de sucre et de glucose du sirop qui est principalement utilis\u00e9 comme remplissage dans tous les produits de boulangerie qui veulent donner une touche de distinction et de qualit\u00e9 \u00e0 leurs complexes.<\/p>\n<h3>Avantages<\/h3>\n<p>Ce produit a \u00e9t\u00e9 \u00e9labor\u00e9 avec les m\u00eames mati\u00e8res premi\u00e8res utilis\u00e9es dans les ateliers traditionnels. Il est pr\u00eat \u00e0 l\u2019emploi ce qui vous \u00e9vite toutes les contraintes dues a ce processus \u00a0( perturbation dans le cassage des oeufs, danger d\u2019intoxication\u2026etc.) Veuillez vous assurer que le produit avec lequel vous travaillez r\u00e9ponde a toutes les exigences d\u2019hygi\u00e8ne et de qualit\u00e9.<\/p>\n","protected":false},"featured_media":782,"template":"","meta":[],"product_cat":[43],"product_tag":[],"_links":{"self":[{"href":"https:\/\/solgi.com\/fr\/wp-json\/wp\/v2\/product\/758"}],"collection":[{"href":"https:\/\/solgi.com\/fr\/wp-json\/wp\/v2\/product"}],"about":[{"href":"https:\/\/solgi.com\/fr\/wp-json\/wp\/v2\/types\/product"}],"wp:featuredmedia":[{"embeddable":true,"href":"https:\/\/solgi.com\/fr\/wp-json\/wp\/v2\/media\/782"}],"wp:attachment":[{"href":"https:\/\/solgi.com\/fr\/wp-json\/wp\/v2\/media?parent=758"}],"wp:term":[{"taxonomy":"product_cat","embeddable":true,"href":"https:\/\/solgi.com\/fr\/wp-json\/wp\/v2\/product_cat?post=758"},{"taxonomy":"product_tag","embeddable":true,"href":"https:\/\/solgi.com\/fr\/wp-json\/wp\/v2\/product_tag?post=758"}],"curies":[{"name":"wp","href":"https:\/\/api.w.org\/{rel}","templated":true}]}}