{"id":791,"date":"2020-02-21T12:24:01","date_gmt":"2020-02-21T12:24:01","guid":{"rendered":"http:\/\/solgi.webtosell.es\/?post_type=product&#038;p=791"},"modified":"2021-01-04T12:18:05","modified_gmt":"2021-01-04T12:18:05","slug":"confiture-de-lait-patisseries","status":"publish","type":"product","link":"https:\/\/solgi.com\/fr\/produit\/confiture-de-lait-patisseries\/","title":{"rendered":"Confiture de Lait P\u00e2tisseries"},"content":{"rendered":"<h3>Recommandations d\u00b4utilisation<\/h3>\n<p>Une fois l\u2019emballage ouvert, retirer la quantit\u00e9 qui va \u00eatre utilis\u00e9 durant le processus de fabrication. Couvrir le reste du produit avec du papier paraffin\u00e9 pour une meilleure conservation. Nous vous recommandons d\u2019utiliser les bonnes pratiques d\u2019hygi\u00e8ne et de manipulation obligatoires. N\u2019EXIGE PAS DE R\u00c9FREGIRATION, mais nous recommandons de stocker le produit dans un endroit frais et sec.<\/p>\n<h3>Pr\u00e9sentation<\/h3>\n<p>Cube\u00a0en plastique thermo-scell\u00e9 de 1kg (bo\u00eetes de 6 unit\u00e9s) ; 6.5kg.<\/p>\n<h3>Information nutritionnelle<\/h3>\n<p>(Sur la base de 100 gr.) \n<table id=\"tablepress-184\" class=\"tablepress tablepress-id-184\">\n<tbody>\n<tr class=\"row-1 odd\">\n\t<td class=\"column-1\">Puissance<\/td><td class=\"column-2\">399 kcal<\/td>\n<\/tr>\n<tr class=\"row-2 even\">\n\t<td class=\"column-1\">Graisses<\/td><td class=\"column-2\">21.7 g<\/td>\n<\/tr>\n<tr class=\"row-3 odd\">\n\t<td class=\"column-1\">Graisses Sat<\/td><td class=\"column-2\">12,37 g<\/td>\n<\/tr>\n<tr class=\"row-4 even\">\n\t<td class=\"column-1\">Prot\u00e9ine<\/td><td class=\"column-2\">3,28 g<\/td>\n<\/tr>\n<tr class=\"row-5 odd\">\n\t<td class=\"column-1\">Sucres<\/td><td class=\"column-2\">40,4 g<\/td>\n<\/tr>\n<tr class=\"row-6 even\">\n\t<td class=\"column-1\">Fibre<\/td><td class=\"column-2\"><1 <\/td>\n<\/tr>\n<tr class=\"row-7 odd\">\n\t<td class=\"column-1\">Sel<\/td><td class=\"column-2\">0,22 g<\/td>\n<\/tr>\n<\/tbody>\n<\/table>\n<!-- #tablepress-184 from cache --><\/p>\n","protected":false},"excerpt":{"rendered":"<h3>Utilisation<\/h3>\n<p>La confiture de lait est un produit typique de la p\u00e2tisserie traditionnelle compos\u00e9 de lait entier en poudre\u00a0et du sucre. Pour sa grande diversit\u00e9 d&rsquo;utilisation dans le secteur de la sucrecrie, son usage est r\u00e9pandu dans de nombreux pays \u00e0 travers le monde. Il est utilis\u00e9 aussi bien pour la d\u00e9coration de g\u00e2teaux et go\u00fbters remplis de bonbons de fabrication. Son application est facile \u00e0 l&rsquo;aide de spatule ou de poche \u00e0 douille gr\u00e2ce \u00e0 sa texture unique.<\/p>\n<h3>Avantages<\/h3>\n<p>Ce produit est \u00e9labor\u00e9 avec les m\u00eames mati\u00e8res premi\u00e8res utilis\u00e9es dans les ateliers de p\u00e2tisserie traditionnels. Il est tout pr\u00eat \u00e0 l\u2019emploi ce qui vous \u00e9vite toutes les contraintes (processus de production, danger d\u2019intoxication\u2026etc.) Soyez sur et certain que le produit avec lequel vous travaillez r\u00e9pond a toutes les exigences d\u2019hygi\u00e8ne et de qualit\u00e9.<\/p>\n","protected":false},"featured_media":3670,"template":"","meta":[],"product_cat":[48],"product_tag":[],"_links":{"self":[{"href":"https:\/\/solgi.com\/fr\/wp-json\/wp\/v2\/product\/791"}],"collection":[{"href":"https:\/\/solgi.com\/fr\/wp-json\/wp\/v2\/product"}],"about":[{"href":"https:\/\/solgi.com\/fr\/wp-json\/wp\/v2\/types\/product"}],"wp:featuredmedia":[{"embeddable":true,"href":"https:\/\/solgi.com\/fr\/wp-json\/wp\/v2\/media\/3670"}],"wp:attachment":[{"href":"https:\/\/solgi.com\/fr\/wp-json\/wp\/v2\/media?parent=791"}],"wp:term":[{"taxonomy":"product_cat","embeddable":true,"href":"https:\/\/solgi.com\/fr\/wp-json\/wp\/v2\/product_cat?post=791"},{"taxonomy":"product_tag","embeddable":true,"href":"https:\/\/solgi.com\/fr\/wp-json\/wp\/v2\/product_tag?post=791"}],"curies":[{"name":"wp","href":"https:\/\/api.w.org\/{rel}","templated":true}]}}