{"id":823,"date":"2020-02-21T12:38:15","date_gmt":"2020-02-21T12:38:16","guid":{"rendered":"http:\/\/solgi.webtosell.es\/?post_type=product&#038;p=823"},"modified":"2021-01-04T12:19:19","modified_gmt":"2021-01-04T12:19:19","slug":"confiture-de-lait-creme-glacee","status":"publish","type":"product","link":"https:\/\/solgi.com\/fr\/produit\/confiture-de-lait-creme-glacee\/","title":{"rendered":"Confiture de Lait Cr\u00e8me glac\u00e9e"},"content":{"rendered":"<h3>Recommandations d\u00b4utilisation<\/h3>\n<p>Une fois le contenant ouvert, retirez-en la quantit\u00e9 que vous allez consommer au cours du processus de fabrication. Le reste du produit doit \u00eatre recouvert de papier cir\u00e9 pour une meilleure conservation. Nous vous recommandons d&rsquo;appliquer de bonnes pratiques d&rsquo;hygi\u00e8ne et de manipulation obligatoires pour tous les aliments en g\u00e9n\u00e9ral. N&rsquo;A PAS BESOIN DE R\u00c9FRIG\u00c9RATION, bien qu&rsquo;il soit recommand\u00e9 de le stocker dans un endroit frais et sec.<\/p>\n<h3>Pr\u00e9sentation<\/h3>\n<p>Seaux en plastique thermoscell\u00e9s de 6,5 kg<\/p>\n<h3>Information nutritionnelle<\/h3>\n<p>(Sur la base de 100 gr.) \n<table id=\"tablepress-180\" class=\"tablepress tablepress-id-180\">\n<tbody>\n<tr class=\"row-1 odd\">\n\t<td class=\"column-1\">Puissance<\/td><td class=\"column-2\">301 kcal<\/td>\n<\/tr>\n<tr class=\"row-2 even\">\n\t<td class=\"column-1\">Graisses<\/td><td class=\"column-2\">2.5 g<\/td>\n<\/tr>\n<tr class=\"row-3 odd\">\n\t<td class=\"column-1\">Graisses Sat<\/td><td class=\"column-2\">1.66 g<\/td>\n<\/tr>\n<tr class=\"row-4 even\">\n\t<td class=\"column-1\">Prot\u00e9ine<\/td><td class=\"column-2\">\t7.63 g<\/td>\n<\/tr>\n<tr class=\"row-5 odd\">\n\t<td class=\"column-1\">Sucres<\/td><td class=\"column-2\">\t56.5 g<\/td>\n<\/tr>\n<tr class=\"row-6 even\">\n\t<td class=\"column-1\">Sel<\/td><td class=\"column-2\">\t0.35 g<\/td>\n<\/tr>\n<\/tbody>\n<\/table>\n<!-- #tablepress-180 from cache --><\/p>\n","protected":false},"excerpt":{"rendered":"<h3>Utilisation<\/h3>\n<p>Le Dulce de leche est un produit typique de la p\u00e2tisserie traditionnelle \u00e0 base de lait entier frais et de sucre. En raison de sa grande polyvalence dans le secteur du sucr\u00e9, sa consommation s&rsquo;est \u00e9tendue \u00e0 de nombreux pays de la plan\u00e8te. Il est principalement utilis\u00e9 pour faire des glaces.<\/p>\n<p>Dulce de leche est un produit de plus en plus demand\u00e9 par les gens.<br \/>\nApplication facile en utilisant une palette ou un manchon gr\u00e2ce \u00e0 sa texture caract\u00e9ristique.<\/p>\n<h3>Avantage\u00a0<\/h3>\n<p>Comme il s&rsquo;agit d&rsquo;un produit fabriqu\u00e9 avec les m\u00eames mati\u00e8res premi\u00e8res que celles utilis\u00e9es dans les p\u00e2tisseries traditionnelles et avec l&rsquo;avantage que le produit est pr\u00eat \u00e0 l&#8217;emploi, nous \u00e9vitons les perturbations de pr\u00e9paration, le processus de confection, les dangers de contamination etc. Soyez assur\u00e9 que vous travaillez avec un produit conforme \u00e0 toutes les r\u00e9glementations de qualit\u00e9.<\/p>\n","protected":false},"featured_media":3674,"template":"","meta":[],"product_cat":[48],"product_tag":[],"_links":{"self":[{"href":"https:\/\/solgi.com\/fr\/wp-json\/wp\/v2\/product\/823"}],"collection":[{"href":"https:\/\/solgi.com\/fr\/wp-json\/wp\/v2\/product"}],"about":[{"href":"https:\/\/solgi.com\/fr\/wp-json\/wp\/v2\/types\/product"}],"wp:featuredmedia":[{"embeddable":true,"href":"https:\/\/solgi.com\/fr\/wp-json\/wp\/v2\/media\/3674"}],"wp:attachment":[{"href":"https:\/\/solgi.com\/fr\/wp-json\/wp\/v2\/media?parent=823"}],"wp:term":[{"taxonomy":"product_cat","embeddable":true,"href":"https:\/\/solgi.com\/fr\/wp-json\/wp\/v2\/product_cat?post=823"},{"taxonomy":"product_tag","embeddable":true,"href":"https:\/\/solgi.com\/fr\/wp-json\/wp\/v2\/product_tag?post=823"}],"curies":[{"name":"wp","href":"https:\/\/api.w.org\/{rel}","templated":true}]}}