{"id":856,"date":"2020-02-24T10:36:12","date_gmt":"2020-02-24T10:36:12","guid":{"rendered":"http:\/\/solgi.webtosell.es\/?post_type=product&#038;p=856"},"modified":"2021-01-04T12:20:05","modified_gmt":"2021-01-04T12:20:05","slug":"pate-de-nougat-52-granule-ou-raffinee","status":"publish","type":"product","link":"https:\/\/solgi.com\/fr\/produit\/pate-de-nougat-52-granule-ou-raffinee\/","title":{"rendered":"P\u00e2te de Nougat 52% granul\u00e9 ou raffin\u00e9e"},"content":{"rendered":"<h3>Recommandations d\u00b4utilisation<\/h3>\n<p>Gr\u00e2ce a son go\u00fbt et sa texture, la pate de turon est un produit d&rsquo;utilisation multiple: pour les desserts, les gateaux semi-froid, les mousses, les cr\u00e8mes, etc. Une fois l&#8217;emballage est ouvert, nous vous conseillons de suivre les Bonnes Pratiques de Manipulation, et de maintenir le produit en r\u00e9frig\u00e9ration jusqu&rsquo;\u00e0 sa totale consommation.<\/p>\n<h3>Pr\u00e9sentation<\/h3>\n<p>Cube de 6,5 kg, Bo\u00eete de unit\u00e9s ( r\u00e9cipients de 1,9 kg).<\/p>\n<h3>Information nutritionnelle<\/h3>\n<p>(Sur la base de 100 gr.) \n<table id=\"tablepress-49\" class=\"tablepress tablepress-id-49\">\n<tbody>\n<tr class=\"row-1 odd\">\n\t<td class=\"column-1\">Puissance<\/td><td class=\"column-2\">539 kcal<\/td>\n<\/tr>\n<tr class=\"row-2 even\">\n\t<td class=\"column-1\">Graisses<\/td><td class=\"column-2\">35 g<\/td>\n<\/tr>\n<tr class=\"row-3 odd\">\n\t<td class=\"column-1\">Graisses Sat<\/td><td class=\"column-2\">3 g<\/td>\n<\/tr>\n<tr class=\"row-4 even\">\n\t<td class=\"column-1\">Prot\u00e9ine<\/td><td class=\"column-2\">13 g<\/td>\n<\/tr>\n<tr class=\"row-5 odd\">\n\t<td class=\"column-1\">Sucres<\/td><td class=\"column-2\">38 g<\/td>\n<\/tr>\n<tr class=\"row-6 even\">\n\t<td class=\"column-1\">Sel<\/td><td class=\"column-2\">0.019 g<\/td>\n<\/tr>\n<\/tbody>\n<\/table>\n<!-- #tablepress-49 from cache --><\/p>\n","protected":false},"excerpt":{"rendered":"<h3>Utilisation<\/h3>\n<p>La p\u00e2te de turon est un produit \u00e9labor\u00e9 avec des amandes, du miel et du sucre. Gr\u00e2ce a son \u00e9laboration artisanale, en plus de son extr\u00eame onctuosit\u00e9, notre pate de turon maintient la couleur et le go\u00fbt typiques du bon turon de No\u00ebl.<\/p>\n<h3><strong>Avantages<\/strong><\/h3>\n<p>Ce produit est \u00e9labor\u00e9 sous les exigences sanitaires les plus strictes et avec les m\u00eames mati\u00e8res premi\u00e8res utilis\u00e9es dans les ateliers traditionnels. Il est tout pr\u00eat \u00e0 l\u2019emploi ce qui vous \u00e9vite toutes les contraintes du processus d&rsquo;\u00e9laboration. Soyez sur et certain que le produit avec lequel vous travaillez r\u00e9pond a toutes les exigences d\u2019hygi\u00e8ne et de qualit\u00e9 \u00a0<\/p>\n","protected":false},"featured_media":3692,"template":"","meta":[],"product_cat":[54],"product_tag":[],"_links":{"self":[{"href":"https:\/\/solgi.com\/fr\/wp-json\/wp\/v2\/product\/856"}],"collection":[{"href":"https:\/\/solgi.com\/fr\/wp-json\/wp\/v2\/product"}],"about":[{"href":"https:\/\/solgi.com\/fr\/wp-json\/wp\/v2\/types\/product"}],"wp:featuredmedia":[{"embeddable":true,"href":"https:\/\/solgi.com\/fr\/wp-json\/wp\/v2\/media\/3692"}],"wp:attachment":[{"href":"https:\/\/solgi.com\/fr\/wp-json\/wp\/v2\/media?parent=856"}],"wp:term":[{"taxonomy":"product_cat","embeddable":true,"href":"https:\/\/solgi.com\/fr\/wp-json\/wp\/v2\/product_cat?post=856"},{"taxonomy":"product_tag","embeddable":true,"href":"https:\/\/solgi.com\/fr\/wp-json\/wp\/v2\/product_tag?post=856"}],"curies":[{"name":"wp","href":"https:\/\/api.w.org\/{rel}","templated":true}]}}