{"id":913,"date":"2020-02-24T12:00:25","date_gmt":"2020-02-24T12:00:25","guid":{"rendered":"http:\/\/solgi.webtosell.es\/?post_type=product&#038;p=913"},"modified":"2021-01-04T11:23:51","modified_gmt":"2021-01-04T11:23:51","slug":"nougat-tendre","status":"publish","type":"product","link":"https:\/\/solgi.com\/fr\/produit\/nougat-tendre\/","title":{"rendered":"Nougat tendre"},"content":{"rendered":"<h3>Recommandations d\u00b4utilisation<\/h3>\n<p>Ce nougat, doivent \u00eatre conserv\u00e9s dans un endroit \u00e0 l\u2019abri des rayons du soleil, propre, frais et sec, \u00e9viter les changements brusques de temp\u00e9rature et d\u2019humidit\u00e9.<\/p>\n<h3>Pr\u00e9sentation<\/h3>\n<p>Sac de 300g. Bloc de 6 kg.<\/p>\n<h3>Information nutritionnelle<\/h3>\n<p>(Sur la base de 100 gr.) \n<table id=\"tablepress-74\" class=\"tablepress tablepress-id-74\">\n<tbody>\n<tr class=\"row-1 odd\">\n\t<td class=\"column-1\">Puissance<\/td><td class=\"column-2\">\t543 kcal<\/td>\n<\/tr>\n<tr class=\"row-2 even\">\n\t<td class=\"column-1\">Graisses<\/td><td class=\"column-2\">34 g<\/td>\n<\/tr>\n<tr class=\"row-3 odd\">\n\t<td class=\"column-1\">Graisses Sat<\/td><td class=\"column-2\">2.87 g<\/td>\n<\/tr>\n<tr class=\"row-4 even\">\n\t<td class=\"column-1\">Prot\u00e9ine<\/td><td class=\"column-2\">\t16 g<\/td>\n<\/tr>\n<tr class=\"row-5 odd\">\n\t<td class=\"column-1\">Sucres<\/td><td class=\"column-2\">\t33.2 g<\/td>\n<\/tr>\n<tr class=\"row-6 even\">\n\t<td class=\"column-1\">Sel<\/td><td class=\"column-2\">0.06 g<\/td>\n<\/tr>\n<\/tbody>\n<\/table>\n<!-- #tablepress-74 from cache --><\/p>\n","protected":false},"excerpt":{"rendered":"<h3>Utilisation<\/h3>\n<p>Notre excellent nougat est issu d\u2019une s\u00e9lection rigoureuse d\u2019amandes et de sucre. Dans leur processus de pr\u00e9paration et conditionnement de contr\u00f4ler tous les d\u00e9tails pour assurer un nougat de cours de haute qualit\u00e9, r\u00e9pondant aux meilleures conditions de qualit\u00e9 et d\u2019hygi\u00e8ne.<\/p>\n<h3><strong>Avantages<\/strong><\/h3>\n<p>Il y a donc des conditions particuli\u00e8res d\u2019emploi, mais les besoins simples de chaque usage consommateur. \u00a0<\/p>\n","protected":false},"featured_media":921,"template":"","meta":[],"product_cat":[57],"product_tag":[],"_links":{"self":[{"href":"https:\/\/solgi.com\/fr\/wp-json\/wp\/v2\/product\/913"}],"collection":[{"href":"https:\/\/solgi.com\/fr\/wp-json\/wp\/v2\/product"}],"about":[{"href":"https:\/\/solgi.com\/fr\/wp-json\/wp\/v2\/types\/product"}],"wp:featuredmedia":[{"embeddable":true,"href":"https:\/\/solgi.com\/fr\/wp-json\/wp\/v2\/media\/921"}],"wp:attachment":[{"href":"https:\/\/solgi.com\/fr\/wp-json\/wp\/v2\/media?parent=913"}],"wp:term":[{"taxonomy":"product_cat","embeddable":true,"href":"https:\/\/solgi.com\/fr\/wp-json\/wp\/v2\/product_cat?post=913"},{"taxonomy":"product_tag","embeddable":true,"href":"https:\/\/solgi.com\/fr\/wp-json\/wp\/v2\/product_tag?post=913"}],"curies":[{"name":"wp","href":"https:\/\/api.w.org\/{rel}","templated":true}]}}