{"id":3769,"date":"2020-03-10T15:58:11","date_gmt":"2020-03-10T15:58:11","guid":{"rendered":"http:\/\/solgi.webtosell.es\/empresa\/"},"modified":"2021-01-18T11:31:58","modified_gmt":"2021-01-18T11:31:58","slug":"companhia","status":"publish","type":"page","link":"https:\/\/solgi.com\/pt-br\/companhia\/","title":{"rendered":"Companhia"},"content":{"rendered":"<p>[vc_row][vc_column][vc_tta_tabs style=&#8221;modern&#8221; shape=&#8221;square&#8221; color=&#8221;white&#8221; active_section=&#8221;1&#8243;][vc_tta_section title=&#8221;Hist\u00f3ria&#8221; tab_id=&#8221;1584523181984-6b18b76a-44fc&#8221;][vc_single_image image=&#8221;2389&#8243; img_size=&#8221;full&#8221;][vc_text_separator title=&#8221;Soler Gimeno S.L&#8221; color=&#8221;orange&#8221; style=&#8221;shadow&#8221;]<div style=\"background-color:;height: 30px\" class=\"nicdark_section  \"><\/div>[vc_raw_html]JTVCdGltZWxpbmUtZXhwcmVzcyU1RA==[\/vc_raw_html][\/vc_tta_section][vc_tta_section tab_id=&#8221;1584520963446-704f8bda-b749&#8243; title=&#8221;Qualidade&#8221;][vc_single_image image=&#8221;2394&#8243; img_size=&#8221;full&#8221;][vc_text_separator title=&#8221;Qu\u00e3o bom \u00e9 bom&#8221; color=&#8221;orange&#8221; style=&#8221;shadow&#8221;] <h2 style=\"color:;padding:px;text-align:;font-size:px;line-height:px;letter-spacing: px;font-weight:\" class=\"    \">A calidad es lo primero<\/h2> <div style=\"background-color:;height: 30px\" class=\"nicdark_section  \"><\/div>[vc_column_text]Cada um de novos elaborados \u00e9 fabricado com materiais seleccionados para obter um produto &#8220;ideal&#8221; que garante uma textura, cor, sabor e aroma incompar\u00e1veis. Da sele\u00e7\u00e3o de la materia prima hasta el envasado existe um controle riguroso de qualidade que nossa autoridade oferece um excelente e requintado producto de extraordinaria calidad y de acuerdo a la normativa estabelecida por las autoridades sanitarias y competentes organismos. Nuestro departamento de I + D adelanta a las tendencias del mercado para poder ofrecer nuevos produtos que permitem nuestros clientes ofrecer innovadoras y sabrosas propuestas[\/vc_column_text][\/vc_tta_section][vc_tta_section tab_id=&#8221;1584525244909-9b991023-f151&#8243; title=&#8221;I+D+I&#8221;][vc_single_image image=&#8221;2398&#8243; img_size=&#8221;full&#8221;][vc_text_separator title=&#8221;De profissional para profissional&#8221; color=&#8221;orange&#8221; style=&#8221;shadow&#8221;] <h2 style=\"color:;padding:px;text-align:;font-size:px;line-height:px;letter-spacing: px;font-weight:\" class=\"    \">I+D+I Ingrediente para o sucesso<\/h2> <div style=\"background-color:;height: 30px\" class=\"nicdark_section  \"><\/div>[vc_column_text]A Solgi aposta na qualidade para se posicionar e marcar uma trajet\u00f3ria de lideran\u00e7a e refer\u00eancia, gerando valor diferencial que garante a perman\u00eancia de seus produtos e podendo expandir seu mercado para clientes potenciais, cujo objetivo \u00e9 oferecer um produto de qualidade e seguro.<\/p>\n<p>Por isso a Solgi produz produtos tradicionais, com concess\u00e3o de qualifica\u00e7\u00e3o artesanal e vem construindo uma estrutura inovadora, que tem a qualidade de seus produtos como marca registrada. Atualmente, a empresa possui um sistema de gest\u00e3o ISO 22000, com o qual todos os riscos potenciais e relevantes \u00e0 seguran\u00e7a s\u00e3o identificados e controlados em cada etapa da cadeia alimentar, reduzindo-os ao m\u00ednimo para facilitar a obten\u00e7\u00e3o de produtos seguros.<\/p>\n<p>Para alcan\u00e7ar uma melhoria na comunica\u00e7\u00e3o entre as partes interessadas. Nossas instala\u00e7\u00f5es contam com um laborat\u00f3rio de controle de qualidade das mat\u00e9rias-primas e produtos manufaturados, de forma a garantir a comercializa\u00e7\u00e3o dos produtos de acordo com os requisitos organol\u00e9pticos, f\u00edsico-qu\u00edmicos e microbiol\u00f3gicos estabelecidos pela empresa.<\/p>\n<p>Pesquisa e desenvolvimento s\u00e3o essenciais. Inova\u00e7\u00e3o, um desafio. E apenas perseveran\u00e7a e criatividade distinguem os l\u00edderes.[\/vc_column_text]<div style=\"background-color:;height: 30px\" class=\"nicdark_section  \"><\/div> <h2 style=\"color:;padding:px;text-align:;font-size:px;line-height:px;letter-spacing: px;font-weight:\" class=\"    \">Certifica\u00e7\u00f5es<\/h2> <div style=\"background-color:;height: 30px\" class=\"nicdark_section  \"><\/div>[vc_single_image image=&#8221;2415&#8243; img_size=&#8221;full&#8221;][\/vc_tta_section][\/vc_tta_tabs][\/vc_column][\/vc_row]<\/p>\n","protected":false},"excerpt":{"rendered":"<p>[vc_row][vc_column][vc_tta_tabs style=&#8221;modern&#8221; shape=&#8221;square&#8221; color=&#8221;white&#8221; active_section=&#8221;1&#8243;][vc_tta_section title=&#8221;Hist\u00f3ria&#8221; tab_id=&#8221;1584523181984-6b18b76a-44fc&#8221;][vc_single_image image=&#8221;2389&#8243; img_size=&#8221;full&#8221;][vc_text_separator title=&#8221;Soler Gimeno S.L&#8221; color=&#8221;orange&#8221; style=&#8221;shadow&#8221;][vc_raw_html]JTVCdGltZWxpbmUtZXhwcmVzcyU1RA==[\/vc_raw_html][\/vc_tta_section][vc_tta_section tab_id=&#8221;1584520963446-704f8bda-b749&#8243; title=&#8221;Qualidade&#8221;][vc_single_image image=&#8221;2394&#8243; img_size=&#8221;full&#8221;][vc_text_separator title=&#8221;Qu\u00e3o bom \u00e9 bom&#8221; color=&#8221;orange&#8221; style=&#8221;shadow&#8221;][vc_column_text]Cada um de novos elaborados \u00e9 fabricado com materiais seleccionados para obter um produto &#8220;ideal&#8221; que garante uma textura, cor, sabor e aroma incompar\u00e1veis. Da sele\u00e7\u00e3o de la materia prima hasta el [&hellip;]<\/p>\n","protected":false},"author":1,"featured_media":0,"parent":0,"menu_order":0,"comment_status":"closed","ping_status":"closed","template":"","meta":[],"_links":{"self":[{"href":"https:\/\/solgi.com\/pt-br\/wp-json\/wp\/v2\/pages\/3769"}],"collection":[{"href":"https:\/\/solgi.com\/pt-br\/wp-json\/wp\/v2\/pages"}],"about":[{"href":"https:\/\/solgi.com\/pt-br\/wp-json\/wp\/v2\/types\/page"}],"author":[{"embeddable":true,"href":"https:\/\/solgi.com\/pt-br\/wp-json\/wp\/v2\/users\/1"}],"replies":[{"embeddable":true,"href":"https:\/\/solgi.com\/pt-br\/wp-json\/wp\/v2\/comments?post=3769"}],"version-history":[{"count":7,"href":"https:\/\/solgi.com\/pt-br\/wp-json\/wp\/v2\/pages\/3769\/revisions"}],"predecessor-version":[{"id":3942,"href":"https:\/\/solgi.com\/pt-br\/wp-json\/wp\/v2\/pages\/3769\/revisions\/3942"}],"wp:attachment":[{"href":"https:\/\/solgi.com\/pt-br\/wp-json\/wp\/v2\/media?parent=3769"}],"curies":[{"name":"wp","href":"https:\/\/api.w.org\/{rel}","templated":true}]}}