{"id":1086,"date":"2020-02-24T15:29:43","date_gmt":"2020-02-24T15:29:43","guid":{"rendered":"http:\/\/solgi.webtosell.es\/?post_type=product&#038;p=1086"},"modified":"2021-01-04T11:39:59","modified_gmt":"2021-01-04T11:39:59","slug":"praline-de-amendoa","status":"publish","type":"product","link":"https:\/\/solgi.com\/pt-br\/produto\/praline-de-amendoa\/","title":{"rendered":"Pralin\u00e9 de am\u00eandoa"},"content":{"rendered":"<h3>Recomenda\u00e7\u00f5es para o uso<\/h3>\n<p>Recomendamos manter a Pralin\u00e9 de am\u00eandoa em um lugar fresco e seco. Uma vez aberto envase agitar o produto com a p\u00e1 para homogenizar.<\/p>\n<h3>Presenta\u00e7\u00e3o<\/h3>\n<p>Balde de 6,5 kg. Caixa de 6 unidades (baldes de 1,9 kg).<\/p>\n<h3>Informa\u00e7\u00e3o nutricional<\/h3>\n<p>(Com base em 100 gr.) \n<table id=\"tablepress-91\" class=\"tablepress tablepress-id-91\">\n<tbody>\n<tr class=\"row-1 odd\">\n\t<td class=\"column-1\">Poder<\/td><td class=\"column-2\">\t494 kcal<\/td>\n<\/tr>\n<tr class=\"row-2 even\">\n\t<td class=\"column-1\">Graxas<\/td><td class=\"column-2\">26 g<\/td>\n<\/tr>\n<tr class=\"row-3 odd\">\n\t<td class=\"column-1\">Gorduras Sat<\/td><td class=\"column-2\">1.62 g<\/td>\n<\/tr>\n<tr class=\"row-4 even\">\n\t<td class=\"column-1\">Prote\u00edna<\/td><td class=\"column-2\">10.5 g<\/td>\n<\/tr>\n<tr class=\"row-5 odd\">\n\t<td class=\"column-1\">A\u00e7\u00facares<\/td><td class=\"column-2\">\t62.36 g<\/td>\n<\/tr>\n<tr class=\"row-6 even\">\n\t<td class=\"column-1\">Sal<\/td><td class=\"column-2\">\t0.014 g<\/td>\n<\/tr>\n<\/tbody>\n<\/table>\n<!-- #tablepress-91 from cache --><\/p>\n","protected":false},"excerpt":{"rendered":"<h3>Utiliza\u00e7\u00e3o<\/h3>\n<p>A Pralin\u00e9 de am\u00eandoa Solgi esta feita com am\u00eandoa nacional, com um ponto forte de tostado, moida e refinada at\u00e9 o ponto de ser imperceptivel gr\u00e3o ao palato. A Pralin\u00e9 de am\u00eandoa \u00e9 um produto adecuado para todo tipo de mistura com chocolates. \u00c9 usado em recheios de bombons, biscoitos, e na prepara\u00e7\u00e3o de pastas com toques de am\u00eandoa, sorvetes, pav\u00e9s, etc. Por intensidade do seu tostado i seu sabor caracter\u00edstico a saboriza\u00e7\u00e3o que transmite \u00e9 intensa. Por sua textura se mistura perfeitamente i por seu grau de finura \u00e9 perceptivel at\u00e9 mesmo na melhor cobertura.<\/p>\n<h3>Ventagens<\/h3>\n<p>Ao tratarse de um produto elaborado com as mesmas materias primas que utilizamos nas padarias tradicionais com a ventagens de que o produto est\u00e1 pronto para usarse, te evitamos os trastornos de elabora\u00e7\u00e3o, e os peligros de contamina\u00e7\u00e3o etc. Tenha a total seguridade que trabalha con um produto que cumpre com todas as normas de qualidade. \u00a0<\/p>\n","protected":false},"featured_media":3705,"template":"","meta":[],"product_cat":[63],"product_tag":[],"_links":{"self":[{"href":"https:\/\/solgi.com\/pt-br\/wp-json\/wp\/v2\/product\/1086"}],"collection":[{"href":"https:\/\/solgi.com\/pt-br\/wp-json\/wp\/v2\/product"}],"about":[{"href":"https:\/\/solgi.com\/pt-br\/wp-json\/wp\/v2\/types\/product"}],"wp:featuredmedia":[{"embeddable":true,"href":"https:\/\/solgi.com\/pt-br\/wp-json\/wp\/v2\/media\/3705"}],"wp:attachment":[{"href":"https:\/\/solgi.com\/pt-br\/wp-json\/wp\/v2\/media?parent=1086"}],"wp:term":[{"taxonomy":"product_cat","embeddable":true,"href":"https:\/\/solgi.com\/pt-br\/wp-json\/wp\/v2\/product_cat?post=1086"},{"taxonomy":"product_tag","embeddable":true,"href":"https:\/\/solgi.com\/pt-br\/wp-json\/wp\/v2\/product_tag?post=1086"}],"curies":[{"name":"wp","href":"https:\/\/api.w.org\/{rel}","templated":true}]}}