{"id":1142,"date":"2020-02-24T16:46:50","date_gmt":"2020-02-24T16:46:50","guid":{"rendered":"http:\/\/solgi.webtosell.es\/?post_type=product&#038;p=1142"},"modified":"2021-01-04T11:41:47","modified_gmt":"2021-01-04T11:41:47","slug":"pasta-de-amendoa","status":"publish","type":"product","link":"https:\/\/solgi.com\/pt-br\/produto\/pasta-de-amendoa\/","title":{"rendered":"Pasta de am\u00eandoa"},"content":{"rendered":"<h3>Recomenda\u00e7\u00f5es para o uso<\/h3>\n<p>Recomendamos manter a pasta de am\u00eandoa em um lugar fresco e seco. Uma vez aberto envase agitar o produto com a p\u00e1 para homogenizar.<\/p>\n<h3>Presenta\u00e7\u00e3o<\/h3>\n<p>Balde de 6,5 kg.<\/p>\n<h3>Informa\u00e7\u00e3o nutricional<\/h3>\n<p>(Com base em 100 gr.) \n<table id=\"tablepress-95\" class=\"tablepress tablepress-id-95\">\n<tbody>\n<tr class=\"row-1 odd\">\n\t<td class=\"column-1\">Poder<\/td><td class=\"column-2\">674 kcal<\/td>\n<\/tr>\n<tr class=\"row-2 even\">\n\t<td class=\"column-1\">Graxas<\/td><td class=\"column-2\">63.5 g<\/td>\n<\/tr>\n<tr class=\"row-3 odd\">\n\t<td class=\"column-1\">Gorduras Sat<\/td><td class=\"column-2\">4 g<\/td>\n<\/tr>\n<tr class=\"row-4 even\">\n\t<td class=\"column-1\">Prote\u00edna<\/td><td class=\"column-2\">12.5 g<\/td>\n<\/tr>\n<tr class=\"row-5 odd\">\n\t<td class=\"column-1\">A\u00e7\u00facares<\/td><td class=\"column-2\">5 g<\/td>\n<\/tr>\n<tr class=\"row-6 even\">\n\t<td class=\"column-1\">Sal<\/td><td class=\"column-2\">< 0.01 g<br \/>\n<\/td>\n<\/tr>\n<\/tbody>\n<\/table>\n<!-- #tablepress-95 from cache --><\/p>\n","protected":false},"excerpt":{"rendered":"<h3>Utiliza\u00e7\u00e3o<\/h3>\n<p>Solgi pasta de am\u00eandoa \u00e9 feita com am\u00eandoa nacional, com um intenso ponto de torrado, mo\u00eddo e refinado a ponto de ser indetect\u00e1vel para o paladar. A pasta de am\u00eandoa \u00e9 um produto adequado para todos os tipos de misturas com chocolates. Usada em recheios de chocolate, bolos e biscoitos. Pela intensidade do seu brinde e seu sabor inconfund\u00edvel, o sabor transmitido \u00e9 intenso. Perfeitamente, mixado por sua textura e seu grau de finura \u00e9 percept\u00edvel mesmo na melhor cobertura.<\/p>\n<h3>Ventagens<\/h3>\n<p>Ao tratarse de um produto elaborado com as mesmas materias primas que utilizamos nas padarias tradicionais com a ventagens de que o produto est\u00e1 pronto para usarse, te evitamos os trastornos de elabora\u00e7\u00e3o, e os peligros de contamina\u00e7\u00e3o etc. Tenha a total seguridade que trabalha con um produto que cumpre com todas as normas de qualidade.<\/p>\n","protected":false},"featured_media":1150,"template":"","meta":[],"product_cat":[67],"product_tag":[],"_links":{"self":[{"href":"https:\/\/solgi.com\/pt-br\/wp-json\/wp\/v2\/product\/1142"}],"collection":[{"href":"https:\/\/solgi.com\/pt-br\/wp-json\/wp\/v2\/product"}],"about":[{"href":"https:\/\/solgi.com\/pt-br\/wp-json\/wp\/v2\/types\/product"}],"wp:featuredmedia":[{"embeddable":true,"href":"https:\/\/solgi.com\/pt-br\/wp-json\/wp\/v2\/media\/1150"}],"wp:attachment":[{"href":"https:\/\/solgi.com\/pt-br\/wp-json\/wp\/v2\/media?parent=1142"}],"wp:term":[{"taxonomy":"product_cat","embeddable":true,"href":"https:\/\/solgi.com\/pt-br\/wp-json\/wp\/v2\/product_cat?post=1142"},{"taxonomy":"product_tag","embeddable":true,"href":"https:\/\/solgi.com\/pt-br\/wp-json\/wp\/v2\/product_tag?post=1142"}],"curies":[{"name":"wp","href":"https:\/\/api.w.org\/{rel}","templated":true}]}}