{"id":1198,"date":"2020-02-25T08:33:04","date_gmt":"2020-02-25T08:33:04","guid":{"rendered":"http:\/\/solgi.webtosell.es\/?post_type=product&#038;p=1198"},"modified":"2021-01-04T11:43:36","modified_gmt":"2021-01-04T11:43:36","slug":"macapao-supremo-panellets","status":"publish","type":"product","link":"https:\/\/solgi.com\/pt-br\/produto\/macapao-supremo-panellets\/","title":{"rendered":"Ma\u00e7ap\u00e3o Supremo Panellets"},"content":{"rendered":"<h3>Recomenda\u00e7\u00f5es para o uso<\/h3>\n<p>O ma\u00e7ap\u00e3o, por suas carater\u00edsticas, pode utilizar tanto para recheios, cobertas o para moldear figuras. Admite forno.<\/p>\n<h3>Presenta\u00e7\u00e3o<\/h3>\n<p>Balde de 6,2 kg.<\/p>\n<h3>Informa\u00e7\u00e3o nutricional<\/h3>\n<p>(Com base em 100 gr.) \n<table id=\"tablepress-107\" class=\"tablepress tablepress-id-107\">\n<tbody>\n<tr class=\"row-1 odd\">\n\t<td class=\"column-1\">Poder<\/td><td class=\"column-2\">455 kcal<\/td>\n<\/tr>\n<tr class=\"row-2 even\">\n\t<td class=\"column-1\">Graxas<\/td><td class=\"column-2\">21,4 \u00b1 0,5 g<\/td>\n<\/tr>\n<tr class=\"row-3 odd\">\n\t<td class=\"column-1\">Prote\u00edna<\/td><td class=\"column-2\">10,4 \u00b1 1,0 g<br \/>\n<br \/>\n<\/td>\n<\/tr>\n<tr class=\"row-4 even\">\n\t<td class=\"column-1\">Carboidratos<\/td><td class=\"column-2\">55,0 \u00b1  5,0 g<br \/>\n<br \/>\n<\/td>\n<\/tr>\n<tr class=\"row-5 odd\">\n\t<td class=\"column-1\">Fibra<\/td><td class=\"column-2\"><1<br \/>\n<\/td>\n<\/tr>\n<\/tbody>\n<\/table>\n \u00a0<\/p>\n","protected":false},"excerpt":{"rendered":"<h3>Utiliza\u00e7\u00e3o<\/h3>\n<p>Nossa excelente ma\u00e7ap\u00e3o \u00e9 feita a partir de uma cuidadosa sele\u00e7\u00e3o de am\u00eandoas, a\u00e7\u00facar e clara de ovo. Em seu processo de prepara\u00e7\u00e3o e empacotamento controle cada detalhe para garantir um marzip\u00e3 de curso de alta qualidade, cumprindo as melhores condi\u00e7\u00f5es de qualidade e higiene.<\/p>\n<h3>Ventagens<\/h3>\n<p>Nosso ma\u00e7ap\u00e3o se encontra pronto para manipula\u00e7\u00f5es posteriores, para economizar assim as desventagens dos processos t\u00edpicos de elabora\u00e7\u00e3o do ma\u00e7ap\u00e3o. Nao existen, por tanto, condi\u00e7\u00f5es especiais de uso dependendo de cada consumidor. E importante ter cuidado de, uma vez retirada a quantidade necessaria, fechar bem o balde e deixar no refrigerador.<\/p>\n","protected":false},"featured_media":4154,"template":"","meta":[],"product_cat":[71],"product_tag":[],"_links":{"self":[{"href":"https:\/\/solgi.com\/pt-br\/wp-json\/wp\/v2\/product\/1198"}],"collection":[{"href":"https:\/\/solgi.com\/pt-br\/wp-json\/wp\/v2\/product"}],"about":[{"href":"https:\/\/solgi.com\/pt-br\/wp-json\/wp\/v2\/types\/product"}],"wp:featuredmedia":[{"embeddable":true,"href":"https:\/\/solgi.com\/pt-br\/wp-json\/wp\/v2\/media\/4154"}],"wp:attachment":[{"href":"https:\/\/solgi.com\/pt-br\/wp-json\/wp\/v2\/media?parent=1198"}],"wp:term":[{"taxonomy":"product_cat","embeddable":true,"href":"https:\/\/solgi.com\/pt-br\/wp-json\/wp\/v2\/product_cat?post=1198"},{"taxonomy":"product_tag","embeddable":true,"href":"https:\/\/solgi.com\/pt-br\/wp-json\/wp\/v2\/product_tag?post=1198"}],"curies":[{"name":"wp","href":"https:\/\/api.w.org\/{rel}","templated":true}]}}