{"id":1250,"date":"2020-02-25T09:11:35","date_gmt":"2020-02-25T09:11:35","guid":{"rendered":"http:\/\/solgi.webtosell.es\/?post_type=product&#038;p=1250"},"modified":"2021-01-04T10:44:30","modified_gmt":"2021-01-04T10:44:30","slug":"macapao-para-pastelaria","status":"publish","type":"product","link":"https:\/\/solgi.com\/pt-br\/produto\/macapao-para-pastelaria\/","title":{"rendered":"Ma\u00e7apao para Pastelaria"},"content":{"rendered":"<h3>Recomenda\u00e7\u00f5es para o uso<\/h3>\n<p>O ma\u00e7ap\u00e3o, por suas carater\u00edsticas f\u00edsicas e qu\u00edmicas, tem que assar. Desenvolvido para ser aplicado usando pastelaria i realizar todo tipo de decora\u00e7\u00e3os originais.<\/p>\n<h3>Presenta\u00e7\u00e3o.<\/h3>\n<p>Balde de 6,2 kg.<\/p>\n<h3>Informa\u00e7\u00e3o nutricional<\/h3>\n<p>(Com base em 100 gr.) \n<table id=\"tablepress-115\" class=\"tablepress tablepress-id-115\">\n<tbody>\n<tr class=\"row-1 odd\">\n\t<td class=\"column-1\">Poder<\/td><td class=\"column-2\">416 kcal<\/td>\n<\/tr>\n<tr class=\"row-2 even\">\n\t<td class=\"column-1\">Graxas<\/td><td class=\"column-2\">19 g<\/td>\n<\/tr>\n<tr class=\"row-3 odd\">\n\t<td class=\"column-1\">Gorduras Sat<\/td><td class=\"column-2\">\t1.53 g<\/td>\n<\/tr>\n<tr class=\"row-4 even\">\n\t<td class=\"column-1\">Prote\u00edna<\/td><td class=\"column-2\">\t11 g<\/td>\n<\/tr>\n<tr class=\"row-5 odd\">\n\t<td class=\"column-1\">A\u00e7\u00facares<\/td><td class=\"column-2\">43.98 g<\/td>\n<\/tr>\n<tr class=\"row-6 even\">\n\t<td class=\"column-1\">Sal<\/td><td class=\"column-2\">0.014 g<br \/>\n<\/td>\n<\/tr>\n<\/tbody>\n<\/table>\n<!-- #tablepress-115 from cache --> \u00a0<\/p>\n","protected":false},"excerpt":{"rendered":"<h3>Utiliza\u00e7\u00e3o<\/h3>\n<p>Nosso excelente ma\u00e7ap\u00e3o est\u00e1 feito a partir de uma cuidadosa sele\u00e7\u00e3o de am\u00eandoas i a\u00e7\u00facar. Em seu processo de elabora\u00e7\u00e3o i envase controlamos todos os detalhes para ass\u00edm garantizar um ma\u00e7ap\u00e3o de alta qualidade que satisfaza as melhores condi\u00e7\u00f5es de qualidade e higiene.<\/p>\n<h3>Ventagens<\/h3>\n<p>Nosso ma\u00e7ap\u00e3o se encontra pronto para manipula\u00e7\u00f5es posteriores, para economizar assim as desventagens dos processos t\u00edpicos de elabora\u00e7\u00e3o do ma\u00e7ap\u00e3o. N\u00e3o existen, por tanto, condi\u00e7\u00f5es especiais de uso dependendo de cada consumidor. E importante ter cuidado de, uma vez retirada a quantidade necessaria, fechar bem o balde e deixar no refrigerador.<\/p>\n","protected":false},"featured_media":1258,"template":"","meta":[],"product_cat":[71],"product_tag":[],"_links":{"self":[{"href":"https:\/\/solgi.com\/pt-br\/wp-json\/wp\/v2\/product\/1250"}],"collection":[{"href":"https:\/\/solgi.com\/pt-br\/wp-json\/wp\/v2\/product"}],"about":[{"href":"https:\/\/solgi.com\/pt-br\/wp-json\/wp\/v2\/types\/product"}],"wp:featuredmedia":[{"embeddable":true,"href":"https:\/\/solgi.com\/pt-br\/wp-json\/wp\/v2\/media\/1258"}],"wp:attachment":[{"href":"https:\/\/solgi.com\/pt-br\/wp-json\/wp\/v2\/media?parent=1250"}],"wp:term":[{"taxonomy":"product_cat","embeddable":true,"href":"https:\/\/solgi.com\/pt-br\/wp-json\/wp\/v2\/product_cat?post=1250"},{"taxonomy":"product_tag","embeddable":true,"href":"https:\/\/solgi.com\/pt-br\/wp-json\/wp\/v2\/product_tag?post=1250"}],"curies":[{"name":"wp","href":"https:\/\/api.w.org\/{rel}","templated":true}]}}