{"id":1282,"date":"2020-02-25T10:21:00","date_gmt":"2020-02-25T10:21:00","guid":{"rendered":"http:\/\/solgi.webtosell.es\/?post_type=product&#038;p=1282"},"modified":"2021-01-04T10:50:38","modified_gmt":"2021-01-04T10:50:38","slug":"crocante-de-amendoa","status":"publish","type":"product","link":"https:\/\/solgi.com\/pt-br\/produto\/crocante-de-amendoa\/","title":{"rendered":"Crocante de Amendoa"},"content":{"rendered":"<h3>Recomenda\u00e7\u00f5es para o uso<\/h3>\n<p>Ainda que nosso crocante est\u00e1 perfeitamente envasado em atm\u00f3sfera protetora para evitar ran\u00e7o i absor\u00e7\u00e3o de humedade. Solgi recomenda almacenarlo em um lugar fresco i seco.<\/p>\n<h3>Presenta\u00e7\u00e3o<\/h3>\n<p>Caixa de 10 kg (bolsas de 1 kg); Balde de 3,5 kg; Caixa de 10 kg (bolsas de 5 kg); Caixa de 6 kg (baldes de 1 kg). Container 400 kg<\/p>\n<h3>Informa\u00e7\u00e3o nutricional<\/h3>\n<p>(Com base em 100 gr.) \n<table id=\"tablepress-189\" class=\"tablepress tablepress-id-189\">\n<tbody>\n<tr class=\"row-1 odd\">\n\t<td class=\"column-1\">Poder<\/td><td class=\"column-2\">498 kcal<\/td>\n<\/tr>\n<tr class=\"row-2 even\">\n\t<td class=\"column-1\">Graxas<\/td><td class=\"column-2\">23 g<\/td>\n<\/tr>\n<tr class=\"row-3 odd\">\n\t<td class=\"column-1\">Gorduras Sat<\/td><td class=\"column-2\">1.6 g<\/td>\n<\/tr>\n<tr class=\"row-4 even\">\n\t<td class=\"column-1\">Prote\u00edna<\/td><td class=\"column-2\">10 g<\/td>\n<\/tr>\n<tr class=\"row-5 odd\">\n\t<td class=\"column-1\">A\u00e7\u00facares<\/td><td class=\"column-2\">61.5 g<\/td>\n<\/tr>\n<tr class=\"row-6 even\">\n\t<td class=\"column-1\">Sal<\/td><td class=\"column-2\">0.01 g<\/td>\n<\/tr>\n<\/tbody>\n<\/table>\n<!-- #tablepress-189 from cache --> \u00a0<\/p>\n","protected":false},"excerpt":{"rendered":"<h3>Utiliza\u00e7\u00e3o<\/h3>\n<p>Nosso saboroso crocante de amendoa esta feito a partir de uma cuidadosa sele\u00e7\u00e3o de am\u00eandoa troceada, tostada i coberta de a\u00e7\u00facar caramelizado. Se usa fundamentalmente em a decora\u00e7\u00e3o de produtos de confeitaria i sorveter\u00eda.<\/p>\n<h3>Ventagens<\/h3>\n<p>Ao tratarse de um produto elaborado com as mesmas materias primas que utilizamos nas confeitarias tradicionais com a ventagens de que o produto est\u00e1 pronto para usarse, te evitamos os trastornos de elabora\u00e7\u00e3o, e os peligros de contamina\u00e7\u00e3o etc. Tenha a total seguridade que trabalha con um produto que satisfaz com todas as normas de qualidade.<\/p>\n","protected":false},"featured_media":1286,"template":"","meta":[],"product_cat":[75],"product_tag":[],"_links":{"self":[{"href":"https:\/\/solgi.com\/pt-br\/wp-json\/wp\/v2\/product\/1282"}],"collection":[{"href":"https:\/\/solgi.com\/pt-br\/wp-json\/wp\/v2\/product"}],"about":[{"href":"https:\/\/solgi.com\/pt-br\/wp-json\/wp\/v2\/types\/product"}],"wp:featuredmedia":[{"embeddable":true,"href":"https:\/\/solgi.com\/pt-br\/wp-json\/wp\/v2\/media\/1286"}],"wp:attachment":[{"href":"https:\/\/solgi.com\/pt-br\/wp-json\/wp\/v2\/media?parent=1282"}],"wp:term":[{"taxonomy":"product_cat","embeddable":true,"href":"https:\/\/solgi.com\/pt-br\/wp-json\/wp\/v2\/product_cat?post=1282"},{"taxonomy":"product_tag","embeddable":true,"href":"https:\/\/solgi.com\/pt-br\/wp-json\/wp\/v2\/product_tag?post=1282"}],"curies":[{"name":"wp","href":"https:\/\/api.w.org\/{rel}","templated":true}]}}