{"id":1443,"date":"2020-02-25T12:57:48","date_gmt":"2020-02-25T12:57:48","guid":{"rendered":"http:\/\/solgi.webtosell.es\/?post_type=product&#038;p=1443"},"modified":"2021-01-04T11:13:15","modified_gmt":"2021-01-04T11:13:15","slug":"nougat-de-avela","status":"publish","type":"product","link":"https:\/\/solgi.com\/pt-br\/produto\/nougat-de-avela\/","title":{"rendered":"Nougat de avel\u00e3"},"content":{"rendered":"<h3>Recomenda\u00e7\u00f5es para o uso<\/h3>\n<p>Ainda que nosso crocante est\u00e1 perfeitamente envasado em atm\u00f3sfera protetora para evitar ran\u00e7o i absor\u00e7\u00e3o de humedade. Solgi recomenda almacenarlo em um lugar fresco i seco.<\/p>\n<h3>Presenta\u00e7\u00e3o<\/h3>\n<p>Caixa de 10 kg (bolsas de 1 kg); Balde de 3,5 kg; Caixa de 10 kg (bolsas de 5 kg);<\/p>\n<h3>Informa\u00e7\u00e3o nutricional<\/h3>\n<p>(Com base em 100 gr.) \n<table id=\"tablepress-209\" class=\"tablepress tablepress-id-209\">\n<tbody>\n<tr class=\"row-1 odd\">\n\t<td class=\"column-1\">Poder<\/td><td class=\"column-2\">526,38 kcal<\/td>\n<\/tr>\n<tr class=\"row-2 even\">\n\t<td class=\"column-1\">Graxas<\/td><td class=\"column-2\">30.38 g<\/td>\n<\/tr>\n<tr class=\"row-3 odd\">\n\t<td class=\"column-1\">Graxas Sat<\/td><td class=\"column-2\">2,23 g<\/td>\n<\/tr>\n<tr class=\"row-4 even\">\n\t<td class=\"column-1\">Prote\u00edna<\/td><td class=\"column-2\">7,33 g<\/td>\n<\/tr>\n<tr class=\"row-5 odd\">\n\t<td class=\"column-1\">A\u00e7\u00facares<\/td><td class=\"column-2\">52,17 g<\/td>\n<\/tr>\n<tr class=\"row-6 even\">\n\t<td class=\"column-1\">Fibra<\/td><td class=\"column-2\">4,85 g<\/td>\n<\/tr>\n<tr class=\"row-7 odd\">\n\t<td class=\"column-1\">Sal<\/td><td class=\"column-2\">0 g<\/td>\n<\/tr>\n<\/tbody>\n<\/table>\n \u00a0<\/p>\n","protected":false},"excerpt":{"rendered":"<h3>Utiliza\u00e7\u00e3o<\/h3>\n<p>Nosso saboroso Nougat de avel\u00e3 esta feito a partir de uma cuidadosa sele\u00e7\u00e3o de avel\u00e3 troceada, tostada i coberta de a\u00e7\u00facar caramelizado. Se usa fundamentalmente em a decora\u00e7\u00e3o de produtos de confeitaria i sorveter\u00eda.<\/p>\n<h3>Ventagens<\/h3>\n<p>Ao tratarse de um produto elaborado com as mesmas materias primas que utilizamos nas confeitarias tradicionais com a ventagens de que o produto est\u00e1 pronto para usarse, te evitamos os trastornos de elabora\u00e7\u00e3o, e os peligros de contamina\u00e7\u00e3o etc. Tenha a total seguridade que trabalha con um produto que satisfaz com todas as normas de qualidade.<\/p>\n","protected":false},"featured_media":1451,"template":"","meta":[],"product_cat":[75],"product_tag":[],"_links":{"self":[{"href":"https:\/\/solgi.com\/pt-br\/wp-json\/wp\/v2\/product\/1443"}],"collection":[{"href":"https:\/\/solgi.com\/pt-br\/wp-json\/wp\/v2\/product"}],"about":[{"href":"https:\/\/solgi.com\/pt-br\/wp-json\/wp\/v2\/types\/product"}],"wp:featuredmedia":[{"embeddable":true,"href":"https:\/\/solgi.com\/pt-br\/wp-json\/wp\/v2\/media\/1451"}],"wp:attachment":[{"href":"https:\/\/solgi.com\/pt-br\/wp-json\/wp\/v2\/media?parent=1443"}],"wp:term":[{"taxonomy":"product_cat","embeddable":true,"href":"https:\/\/solgi.com\/pt-br\/wp-json\/wp\/v2\/product_cat?post=1443"},{"taxonomy":"product_tag","embeddable":true,"href":"https:\/\/solgi.com\/pt-br\/wp-json\/wp\/v2\/product_tag?post=1443"}],"curies":[{"name":"wp","href":"https:\/\/api.w.org\/{rel}","templated":true}]}}