{"id":1676,"date":"2020-03-06T11:38:40","date_gmt":"2020-03-06T11:38:41","guid":{"rendered":"http:\/\/solgi.webtosell.es\/?post_type=product&#038;p=1676"},"modified":"2021-01-04T10:02:02","modified_gmt":"2021-01-04T10:02:02","slug":"amendoa","status":"publish","type":"product","link":"https:\/\/solgi.com\/pt-br\/produto\/amendoa\/","title":{"rendered":"Am\u00eandoa"},"content":{"rendered":"<h3>Presenta\u00e7\u00e3o<\/h3>\n<p>Caixa de 8 kg ( sac 1 kg)<\/p>\n<h3>Informa\u00e7\u00e3o nutricional<\/h3>\n<p>(Com base em 100 gr.) \n<table id=\"tablepress-153\" class=\"tablepress tablepress-id-153\">\n<tbody>\n<tr class=\"row-1 odd\">\n\t<td class=\"column-1\">Poder<\/td><td class=\"column-2\">623 kcal<br \/>\n<\/td>\n<\/tr>\n<tr class=\"row-2 even\">\n\t<td class=\"column-1\">Graxas<\/td><td class=\"column-2\">53 g<\/td>\n<\/tr>\n<tr class=\"row-3 odd\">\n\t<td class=\"column-1\">Gorduras Sat<\/td><td class=\"column-2\">4.05 g<\/td>\n<\/tr>\n<tr class=\"row-4 even\">\n\t<td class=\"column-1\">Prote\u00edna<\/td><td class=\"column-2\">\t23 g<\/td>\n<\/tr>\n<tr class=\"row-5 odd\">\n\t<td class=\"column-1\">A\u00e7\u00facares<\/td><td class=\"column-2\">4.2 g<\/td>\n<\/tr>\n<tr class=\"row-6 even\">\n\t<td class=\"column-1\">Sal<\/td><td class=\"column-2\">0.014 g<\/td>\n<\/tr>\n<\/tbody>\n<\/table>\n<!-- #tablepress-153 from cache --><\/p>\n","protected":false},"excerpt":{"rendered":"<p>Am\u00eandoa<\/p>\n","protected":false},"featured_media":1684,"template":"","meta":[],"product_cat":[111],"product_tag":[],"_links":{"self":[{"href":"https:\/\/solgi.com\/pt-br\/wp-json\/wp\/v2\/product\/1676"}],"collection":[{"href":"https:\/\/solgi.com\/pt-br\/wp-json\/wp\/v2\/product"}],"about":[{"href":"https:\/\/solgi.com\/pt-br\/wp-json\/wp\/v2\/types\/product"}],"wp:featuredmedia":[{"embeddable":true,"href":"https:\/\/solgi.com\/pt-br\/wp-json\/wp\/v2\/media\/1684"}],"wp:attachment":[{"href":"https:\/\/solgi.com\/pt-br\/wp-json\/wp\/v2\/media?parent=1676"}],"wp:term":[{"taxonomy":"product_cat","embeddable":true,"href":"https:\/\/solgi.com\/pt-br\/wp-json\/wp\/v2\/product_cat?post=1676"},{"taxonomy":"product_tag","embeddable":true,"href":"https:\/\/solgi.com\/pt-br\/wp-json\/wp\/v2\/product_tag?post=1676"}],"curies":[{"name":"wp","href":"https:\/\/api.w.org\/{rel}","templated":true}]}}