{"id":1764,"date":"2020-03-09T11:28:02","date_gmt":"2020-03-09T11:28:03","guid":{"rendered":"http:\/\/solgi.webtosell.es\/?post_type=product&#038;p=1764"},"modified":"2021-01-04T10:06:57","modified_gmt":"2021-01-04T10:06:57","slug":"gelatina-quente-neutro-ou-apple","status":"publish","type":"product","link":"https:\/\/solgi.com\/pt-br\/produto\/gelatina-quente-neutro-ou-apple\/","title":{"rendered":"Gelatina Quente Neutro ou Apple"},"content":{"rendered":"<h3>Recomenda\u00e7\u00f5es para o uso<\/h3>\n<p>Aplicar em quente (acima de 80\u00baC) poder aplicado diretamente ou com uma parte de agua (neste caso deve deixar repousar a solu\u00e7\u00e3o pelo menos 3 minutos antes de aplicar).<\/p>\n<h3>Presenta\u00e7\u00e3o<\/h3>\n<p>Baldes de 7 kg.<\/p>\n<h3>Informa\u00e7\u00e3o nutricional<\/h3>\n<p>(Com base em 100 gr.) \n<table id=\"tablepress-124\" class=\"tablepress tablepress-id-124\">\n<tbody>\n<tr class=\"row-1 odd\">\n\t<td class=\"column-1\">Poder<\/td><td class=\"column-2\">139 kcal<\/td>\n<\/tr>\n<tr class=\"row-2 even\">\n\t<td class=\"column-1\">Graxas<\/td><td class=\"column-2\">0.5 g<\/td>\n<\/tr>\n<tr class=\"row-3 odd\">\n\t<td class=\"column-1\">Gorduras Sat<\/td><td class=\"column-2\">< 0.02 g<\/td>\n<\/tr>\n<tr class=\"row-4 even\">\n\t<td class=\"column-1\">Prote\u00edna<\/td><td class=\"column-2\">0.6 g<\/td>\n<\/tr>\n<tr class=\"row-5 odd\">\n\t<td class=\"column-1\">A\u00e7\u00facares<\/td><td class=\"column-2\">27.8 g<\/td>\n<\/tr>\n<tr class=\"row-6 even\">\n\t<td class=\"column-1\">Sal<\/td><td class=\"column-2\">0.11 g<\/td>\n<\/tr>\n<\/tbody>\n<\/table>\n<!-- #tablepress-124 from cache --> \u00a0<\/p>\n","protected":false},"excerpt":{"rendered":"<h3>Utiliza\u00e7\u00e3o<\/h3>\n<p>Nosso gel brilho de aplica\u00e7\u00e3o en quente est\u00e1 feito a partir de glicoses i a\u00e7\u00facares com gelatinas para obter um produto que oferece um brilho intenso tanto para a modalidade de aplica\u00e7\u00e3o quente, como de aplica\u00e7\u00e3o em fr\u00edo. Com o gel brilho Solgi vai obter uns resultados extraordinarios em camadas, brilhos, decora\u00e7\u00f5es, etc.<\/p>\n<h3>Ventagens<\/h3>\n<p>Ao tratarse de um produto elaborado com as mesmas materias primas que utilizamos nas confeitarias tradicionais com a ventagens de que o produto est\u00e1 pronto para usarse, te evitamos os trastornos de elabora\u00e7\u00e3o, e os peligros de contamina\u00e7\u00e3o etc. Tenha a total seguridade que trabalha con um produto que satisfaz com todas as normas de qualidade.<\/p>\n","protected":false},"featured_media":1772,"template":"","meta":[],"product_cat":[91],"product_tag":[],"_links":{"self":[{"href":"https:\/\/solgi.com\/pt-br\/wp-json\/wp\/v2\/product\/1764"}],"collection":[{"href":"https:\/\/solgi.com\/pt-br\/wp-json\/wp\/v2\/product"}],"about":[{"href":"https:\/\/solgi.com\/pt-br\/wp-json\/wp\/v2\/types\/product"}],"wp:featuredmedia":[{"embeddable":true,"href":"https:\/\/solgi.com\/pt-br\/wp-json\/wp\/v2\/media\/1772"}],"wp:attachment":[{"href":"https:\/\/solgi.com\/pt-br\/wp-json\/wp\/v2\/media?parent=1764"}],"wp:term":[{"taxonomy":"product_cat","embeddable":true,"href":"https:\/\/solgi.com\/pt-br\/wp-json\/wp\/v2\/product_cat?post=1764"},{"taxonomy":"product_tag","embeddable":true,"href":"https:\/\/solgi.com\/pt-br\/wp-json\/wp\/v2\/product_tag?post=1764"}],"curies":[{"name":"wp","href":"https:\/\/api.w.org\/{rel}","templated":true}]}}