{"id":1793,"date":"2020-03-09T12:11:03","date_gmt":"2020-03-09T12:11:04","guid":{"rendered":"http:\/\/solgi.webtosell.es\/?post_type=product&#038;p=1793"},"modified":"2021-01-04T10:24:48","modified_gmt":"2021-01-04T10:24:48","slug":"gelatina-congelacao","status":"publish","type":"product","link":"https:\/\/solgi.com\/pt-br\/produto\/gelatina-congelacao\/","title":{"rendered":"Gelatina Congela\u00e7\u00e3o"},"content":{"rendered":"<h3>Recomenda\u00e7\u00f5es para o uso<\/h3>\n<p>Aplica\u00e7\u00e3o em fr\u00edo: \u00e9 aplicada diretamente sobre as fruta fresca ou congeladas ou em qualquer superficie. Pode fazer com pincel o pistola. O gel brilho padeiero \u00e9 ideal para todo o tipo de camadas, brilhos, mistura de cores i decora\u00e7\u00e3o de confeitaria em geral. \u00c9 vers\u00e1til tanto usando puro o diluido com agua.<\/p>\n<h3>Presenta\u00e7\u00e3o<\/h3>\n<p>Baldes de 14 kg.<\/p>\n<h3>Informa\u00e7\u00e3o nutricional<\/h3>\n<p>(Com base em 100 gr.) \n<table id=\"tablepress-128\" class=\"tablepress tablepress-id-128\">\n<tbody>\n<tr class=\"row-1 odd\">\n\t<td class=\"column-1\">Poder<\/td><td class=\"column-2\">304 kcal<\/td>\n<\/tr>\n<tr class=\"row-2 even\">\n\t<td class=\"column-1\">Graxas<\/td><td class=\"column-2\">< 0.10 g<\/td>\n<\/tr>\n<tr class=\"row-3 odd\">\n\t<td class=\"column-1\">Prote\u00edna<\/td><td class=\"column-2\">< 2,0 g<\/td>\n<\/tr>\n<tr class=\"row-4 even\">\n\t<td class=\"column-1\">Carboidratos<\/td><td class=\"column-2\">76 g<\/td>\n<\/tr>\n<tr class=\"row-5 odd\">\n\t<td class=\"column-1\">Fibra<\/td><td class=\"column-2\">0 g<\/td>\n<\/tr>\n<\/tbody>\n<\/table>\n<!-- #tablepress-128 from cache --> \u00a0<\/p>\n","protected":false},"excerpt":{"rendered":"<h3>Utiliza\u00e7\u00e3o.<\/h3>\n<p>Nosso gel brilho de aplica\u00e7\u00e3o en quente est\u00e1 feito a partir de glicoses i a\u00e7\u00facares com gelatinas para obter um produto que oferece um brilho intenso tanto para a modalidade de aplica\u00e7\u00e3o quente, como de aplica\u00e7\u00e3o em fr\u00edo. Com o gel brilho Solgi vai obter uns resultados extraordinarios em camadas, brilhos, decora\u00e7\u00f5es, etc.<\/p>\n<h3>Ventagens.<\/h3>\n<p>Ao tratarse de um produto elaborado com as mesmas materias primas que utilizamos nas confeitarias tradicionais com a ventagens de que o produto est\u00e1 pronto para usarse, te evitamos os trastornos de elabora\u00e7\u00e3o, e os peligros de contamina\u00e7\u00e3o etc.<br \/>\nTenha a total seguridade que trabalha con um produto que satisfaz com todas as normas de qualidade.<\/p>\n","protected":false},"featured_media":1805,"template":"","meta":[],"product_cat":[91],"product_tag":[],"_links":{"self":[{"href":"https:\/\/solgi.com\/pt-br\/wp-json\/wp\/v2\/product\/1793"}],"collection":[{"href":"https:\/\/solgi.com\/pt-br\/wp-json\/wp\/v2\/product"}],"about":[{"href":"https:\/\/solgi.com\/pt-br\/wp-json\/wp\/v2\/types\/product"}],"wp:featuredmedia":[{"embeddable":true,"href":"https:\/\/solgi.com\/pt-br\/wp-json\/wp\/v2\/media\/1805"}],"wp:attachment":[{"href":"https:\/\/solgi.com\/pt-br\/wp-json\/wp\/v2\/media?parent=1793"}],"wp:term":[{"taxonomy":"product_cat","embeddable":true,"href":"https:\/\/solgi.com\/pt-br\/wp-json\/wp\/v2\/product_cat?post=1793"},{"taxonomy":"product_tag","embeddable":true,"href":"https:\/\/solgi.com\/pt-br\/wp-json\/wp\/v2\/product_tag?post=1793"}],"curies":[{"name":"wp","href":"https:\/\/api.w.org\/{rel}","templated":true}]}}