{"id":1835,"date":"2020-03-09T14:19:04","date_gmt":"2020-03-09T14:19:04","guid":{"rendered":"http:\/\/solgi.webtosell.es\/?post_type=product&#038;p=1835"},"modified":"2021-01-04T10:41:28","modified_gmt":"2021-01-04T10:41:28","slug":"acucar-para-decoracao","status":"publish","type":"product","link":"https:\/\/solgi.com\/pt-br\/produto\/acucar-para-decoracao\/","title":{"rendered":"A\u00e7\u00facar para decora\u00e7\u00e3o"},"content":{"rendered":"<h3>Recomenda\u00e7\u00f5es para o uso<\/h3>\n<p>Embora nosso a\u00e7\u00facar bolado \u00e9 perfeitamente embalado em uma atmosfera protetora para evitar o ran\u00e7o e absor\u00e7\u00e3o de umidade, em Solgi, recomendamos manter o produto em local fresco e seco.<\/p>\n<h3>Presenta\u00e7\u00e3o<\/h3>\n<p>Caixa de 10 kg (sacos de 1 kg); Caixa de 10 kg (sacos de 5 kg).<\/p>\n<h3>Informa\u00e7\u00e3o nutricional<\/h3>\n<p>(Com base em 100 gr.) \n<table id=\"tablepress-225\" class=\"tablepress tablepress-id-225\">\n<tbody>\n<tr class=\"row-1 odd\">\n\t<td class=\"column-1\">Poder<\/td><td class=\"column-2\">\t396 kcal<\/td>\n<\/tr>\n<tr class=\"row-2 even\">\n\t<td class=\"column-1\">Graxas<\/td><td class=\"column-2\">0 g<\/td>\n<\/tr>\n<tr class=\"row-3 odd\">\n\t<td class=\"column-1\">Gorduras Sat<\/td><td class=\"column-2\">0 g<\/td>\n<\/tr>\n<tr class=\"row-4 even\">\n\t<td class=\"column-1\">Prote\u00edna<\/td><td class=\"column-2\">0 g<\/td>\n<\/tr>\n<tr class=\"row-5 odd\">\n\t<td class=\"column-1\">A\u00e7\u00facares<\/td><td class=\"column-2\">99 g<\/td>\n<\/tr>\n<tr class=\"row-6 even\">\n\t<td class=\"column-1\">Sal<\/td><td class=\"column-2\">0 g<\/td>\n<\/tr>\n<\/tbody>\n<\/table>\n<!-- #tablepress-225 from cache --> \u00a0<\/p>\n","protected":false},"excerpt":{"rendered":"<h3>Utiliza\u00e7\u00e3o<\/h3>\n<p>Nosso a\u00e7\u00facar p\u00e9rola \u00e9 feito de ovo a\u00e7\u00facar selecionado e clara. Usado principalmente na decora\u00e7\u00e3o de produtos de padaria e pastelaria, sendo seu uso mais conhecido, decora\u00e7\u00e3o do ROSC\u00d3N DE REYES.<\/p>\n<h3>Ventagens<\/h3>\n<p>\u00c9 um produto artesanal, feito com a mesma mat\u00e9ria-prima do que aqueles usados na constru\u00e7\u00e3o de massa e com a vantagem de evitar os transtornos do processo de fabrica\u00e7\u00e3o, os perigos de contamina\u00e7\u00e3o etc. Observe a total seguran\u00e7a que trabalha com um produto que cumpre todas as normas de qualidade.<\/p>\n","protected":false},"featured_media":1843,"template":"","meta":[],"product_cat":[99],"product_tag":[],"_links":{"self":[{"href":"https:\/\/solgi.com\/pt-br\/wp-json\/wp\/v2\/product\/1835"}],"collection":[{"href":"https:\/\/solgi.com\/pt-br\/wp-json\/wp\/v2\/product"}],"about":[{"href":"https:\/\/solgi.com\/pt-br\/wp-json\/wp\/v2\/types\/product"}],"wp:featuredmedia":[{"embeddable":true,"href":"https:\/\/solgi.com\/pt-br\/wp-json\/wp\/v2\/media\/1843"}],"wp:attachment":[{"href":"https:\/\/solgi.com\/pt-br\/wp-json\/wp\/v2\/media?parent=1835"}],"wp:term":[{"taxonomy":"product_cat","embeddable":true,"href":"https:\/\/solgi.com\/pt-br\/wp-json\/wp\/v2\/product_cat?post=1835"},{"taxonomy":"product_tag","embeddable":true,"href":"https:\/\/solgi.com\/pt-br\/wp-json\/wp\/v2\/product_tag?post=1835"}],"curies":[{"name":"wp","href":"https:\/\/api.w.org\/{rel}","templated":true}]}}